{"id":1056,"date":"2017-05-16T07:40:35","date_gmt":"2017-05-16T07:40:35","guid":{"rendered":"http:\/\/diagonalmarlimousines.com\/?page_id=1056\/"},"modified":"2018-11-26T16:02:06","modified_gmt":"2018-11-26T14:02:06","slug":"eventos-deportivos","status":"publish","type":"page","link":"https:\/\/www.diagonalmarlimousines.com\/es\/servicios\/eventos-deportivos\/","title":{"rendered":"Eventos deportivos"},"content":{"rendered":"[mk_page_section bg_position=\u00bbcenter center\u00bb bg_repeat=\u00bbno-repeat\u00bb bg_stretch=\u00bbtrue\u00bb video_opacity=\u00bb0&#8243; full_width=\u00bbtrue\u00bb top_shape_color=\u00bb#ffffff\u00bb has_bottom_shape_divider=\u00bbtrue\u00bb bottom_shape_color=\u00bb#ffffff\u00bb sidebar=\u00bbsidebar-1&#8243;][vc_column][mk_edge_slider first_el=\u00bbtrue\u00bb swiper_bg=\u00bb\u00bb orderby=\u00bbid\u00bb height=\u00bb1000&#8243; direction_nav=\u00bbround\u00bb skip_arrow=\u00bbfalse\u00bb slides=\u00bb2727, 2722&#8243;][\/vc_column][\/mk_page_section][mk_page_section bg_image=\u00bbhttp:\/\/diagonalmarlimousines.com\/wp-content\/uploads\/2018\/04\/traslados-circuit-de-catalunya-diagonal-mar-.jpg\u00bb bg_position=\u00bbcenter center\u00bb bg_repeat=\u00bbno-repeat\u00bb bg_stretch=\u00bbtrue\u00bb min_height=\u00bb600&#8243; full_width=\u00bbtrue\u00bb js_vertical_centered=\u00bbtrue\u00bb has_top_shape_divider=\u00bbtrue\u00bb top_shape_size=\u00bbsmall\u00bb top_shape_color=\u00bb#ffffff\u00bb has_bottom_shape_divider=\u00bbtrue\u00bb bottom_shape_size=\u00bbsmall\u00bb bottom_shape_color=\u00bb#ffffff\u00bb sidebar=\u00bbsidebar-1&#8243;][vc_column width=\u00bb1\/2&#8243;][mk_padding_divider][mk_custom_box corner_radius=\u00bb15&#8243; padding_vertical=\u00bb50&#8243; background_style=\u00bbgradient_color\u00bb bg_grandient_color_from=\u00bb#00215e\u00bb bg_grandient_color_to=\u00bb#48ccfd\u00bb bg_gradient_color_angle=\u00bbdiagonal_left_bottom\u00bb background_hov_color_style=\u00bbgradient_color\u00bb][mk_fancy_title color=\u00bb#ffffff\u00bb size=\u00bb40&#8243; force_font_size=\u00bbtrue\u00bb size_smallscreen=\u00bb30&#8243; size_tablet=\u00bb25&#8243; size_phone=\u00bb20&#8243; font_family=\u00bbnone\u00bb]F\u00f3rmula 1 &amp; Moto GP: Circuit de Barcelona-Catalunya[\/mk_fancy_title][vc_column_text css=\u00bb.vc_custom_1520589461592{margin-bottom: 0px !important;}\u00bb]<span style=\"color: #ffffff;\">Les esperan Mundiales de Motociclismo y Formula 1 que tienen lugar en el conocido Circuito de Catalunya, localizado a tan solo 40kms del centro de Barcelona. Diagonal Mar Limousines har\u00e1 que disfrute de las carreras de la mejor manera posible.<\/span><\/p>\n<p><span style=\"color: #ffffff;\">Adem\u00e1s de las competiciones el Circuit de Catalunya, se ha posicionado con uno de los mejores circuitos permanentes y se ha potenciado con un escenario \u00fanico para organizar cualquier evento: alquila instalaciones por lo que podr\u00e1n realizar entrenamientos privados, jornadas de incentivos y muchos otros eventos.<\/span>[\/vc_column_text][mk_button corner_style=\u00bbfull_rounded\u00bb size=\u00bbmedium\u00bb url=\u00bb\/reserva-online\u00bb]Reservar[\/mk_button][\/mk_custom_box][\/vc_column][vc_column width=\u00bb1\/2&#8243;][\/vc_column][\/mk_page_section][mk_page_section bg_image=\u00bbhttp:\/\/diagonalmarlimousines.com\/wp-content\/uploads\/2017\/05\/camp_nou_fc_barcelona_-_fc_bayern_munich_2013_-_02-3.jpg\u00bb bg_position=\u00bbcenter center\u00bb bg_repeat=\u00bbno-repeat\u00bb bg_stretch=\u00bbtrue\u00bb min_height=\u00bb600&#8243; full_width=\u00bbtrue\u00bb js_vertical_centered=\u00bbtrue\u00bb has_top_shape_divider=\u00bbtrue\u00bb top_shape_size=\u00bbsmall\u00bb top_shape_color=\u00bb#ffffff\u00bb has_bottom_shape_divider=\u00bbtrue\u00bb bottom_shape_size=\u00bbsmall\u00bb bottom_shape_color=\u00bb#ffffff\u00bb sidebar=\u00bbsidebar-1&#8243;][vc_column width=\u00bb1\/2&#8243;][\/vc_column][vc_column width=\u00bb1\/2&#8243;][mk_custom_box corner_radius=\u00bb15&#8243; padding_vertical=\u00bb50&#8243; background_style=\u00bbgradient_color\u00bb bg_grandient_color_from=\u00bb#00215e\u00bb bg_grandient_color_to=\u00bb#48ccfd\u00bb bg_gradient_color_angle=\u00bbdiagonal_left_bottom\u00bb background_hov_color_style=\u00bbgradient_color\u00bb][mk_padding_divider][mk_fancy_title color=\u00bb#ffffff\u00bb size=\u00bb40&#8243; force_font_size=\u00bbtrue\u00bb size_smallscreen=\u00bb30&#8243; size_tablet=\u00bb25&#8243; size_phone=\u00bb20&#8243; font_family=\u00bbnone\u00bb]F\u00fatbol: El Camp Nou[\/mk_fancy_title][vc_column_text css=\u00bb.vc_custom_1520589431685{margin-bottom: 0px !important;}\u00bb]\n<div class=\"packdescripcion1\">\n<p><span style=\"color: #ffffff;\">Puede que los espa\u00f1oles seamos bastante conocidos por nuestra devoci\u00f3n por el futbol. Y que seamos del equipo que seamos nuestra afici\u00f3n nos mueve. En Diagonal Mar Limousines le invitamos a vivir el ambiente a contagiarse del esp\u00edritu y de los colores de nuestros equipos, FC Barcelona, Real Madrid, R.C. F. Espanyol, \u2026.<\/span><\/p>\n<p><span style=\"color: #ffffff;\">Atr\u00e9vase a sentir la emoci\u00f3n del momento al estadio m\u00e1s grande de Europa y d\u00e9jenos contribuir en ello. Diagonal Mar Limousines har\u00e1 que no se preocupe en c\u00f3mo llegar o donde aparcar, nuestros conductores se cargar\u00e1n de todo. \u00a1Venga, disfrute y celebre su victoria!<\/span><\/p>\n<\/div>\n[\/vc_column_text][mk_button corner_style=\u00bbfull_rounded\u00bb size=\u00bbmedium\u00bb url=\u00bb\/reserva-online\u00bb]Reservar[\/mk_button][\/mk_custom_box][\/vc_column][\/mk_page_section]\n","protected":false},"excerpt":{"rendered":"<p>[mk_page_section bg_position=\u00bbcenter center\u00bb bg_repeat=\u00bbno-repeat\u00bb bg_stretch=\u00bbtrue\u00bb video_opacity=\u00bb0&#8243; full_width=\u00bbtrue\u00bb top_shape_color=\u00bb#ffffff\u00bb has_bottom_shape_divider=\u00bbtrue\u00bb bottom_shape_color=\u00bb#ffffff\u00bb sidebar=\u00bbsidebar-1&#8243;][vc_column][mk_edge_slider first_el=\u00bbtrue\u00bb swiper_bg=\u00bb\u00bb orderby=\u00bbid\u00bb height=\u00bb1000&#8243; direction_nav=\u00bbround\u00bb skip_arrow=\u00bbfalse\u00bb slides=\u00bb2727, 2722&#8243;][\/vc_column][\/mk_page_section][mk_page_section bg_image=\u00bbhttp:\/\/diagonalmarlimousines.com\/wp-content\/uploads\/2018\/04\/traslados-circuit-de-catalunya-diagonal-mar-.jpg\u00bb bg_position=\u00bbcenter center\u00bb bg_repeat=\u00bbno-repeat\u00bb bg_stretch=\u00bbtrue\u00bb min_height=\u00bb600&#8243; full_width=\u00bbtrue\u00bb js_vertical_centered=\u00bbtrue\u00bb has_top_shape_divider=\u00bbtrue\u00bb top_shape_size=\u00bbsmall\u00bb top_shape_color=\u00bb#ffffff\u00bb has_bottom_shape_divider=\u00bbtrue\u00bb bottom_shape_size=\u00bbsmall\u00bb bottom_shape_color=\u00bb#ffffff\u00bb sidebar=\u00bbsidebar-1&#8243;][vc_column width=\u00bb1\/2&#8243;][mk_padding_divider][mk_custom_box corner_radius=\u00bb15&#8243; padding_vertical=\u00bb50&#8243; background_style=\u00bbgradient_color\u00bb bg_grandient_color_from=\u00bb#00215e\u00bb bg_grandient_color_to=\u00bb#48ccfd\u00bb bg_gradient_color_angle=\u00bbdiagonal_left_bottom\u00bb background_hov_color_style=\u00bbgradient_color\u00bb][mk_fancy_title color=\u00bb#ffffff\u00bb size=\u00bb40&#8243; force_font_size=\u00bbtrue\u00bb size_smallscreen=\u00bb30&#8243; size_tablet=\u00bb25&#8243; size_phone=\u00bb20&#8243; font_family=\u00bbnone\u00bb]F\u00f3rmula 1 &amp; Moto GP: Circuit de [&hellip;]<\/p>\n","protected":false},"author":1,"featured_media":0,"parent":1572,"menu_order":0,"comment_status":"closed","ping_status":"closed","template":"","meta":{"footnotes":""},"class_list":["post-1056","page","type-page","status-publish","hentry"],"_links":{"self":[{"href":"https:\/\/www.diagonalmarlimousines.com\/es\/wp-json\/wp\/v2\/pages\/1056","targetHints":{"allow":["GET"]}}],"collection":[{"href":"https:\/\/www.diagonalmarlimousines.com\/es\/wp-json\/wp\/v2\/pages"}],"about":[{"href":"https:\/\/www.diagonalmarlimousines.com\/es\/wp-json\/wp\/v2\/types\/page"}],"author":[{"embeddable":true,"href":"https:\/\/www.diagonalmarlimousines.com\/es\/wp-json\/wp\/v2\/users\/1"}],"replies":[{"embeddable":true,"href":"https:\/\/www.diagonalmarlimousines.com\/es\/wp-json\/wp\/v2\/comments?post=1056"}],"version-history":[{"count":16,"href":"https:\/\/www.diagonalmarlimousines.com\/es\/wp-json\/wp\/v2\/pages\/1056\/revisions"}],"predecessor-version":[{"id":2741,"href":"https:\/\/www.diagonalmarlimousines.com\/es\/wp-json\/wp\/v2\/pages\/1056\/revisions\/2741"}],"up":[{"embeddable":true,"href":"https:\/\/www.diagonalmarlimousines.com\/es\/wp-json\/wp\/v2\/pages\/1572"}],"wp:attachment":[{"href":"https:\/\/www.diagonalmarlimousines.com\/es\/wp-json\/wp\/v2\/media?parent=1056"}],"curies":[{"name":"wp","href":"https:\/\/api.w.org\/{rel}","templated":true}]}}