{"id":1147,"date":"2017-05-17T09:30:19","date_gmt":"2017-05-17T09:30:19","guid":{"rendered":"http:\/\/diagonalmarlimousines.com\/?page_id=1147\/"},"modified":"2018-11-22T21:11:27","modified_gmt":"2018-11-22T19:11:27","slug":"congresos","status":"publish","type":"page","link":"https:\/\/www.diagonalmarlimousines.com\/es\/servicios\/congresos\/","title":{"rendered":"Congresos"},"content":{"rendered":"[mk_page_section bg_position=\u00bbcenter center\u00bb bg_repeat=\u00bbno-repeat\u00bb bg_stretch=\u00bbtrue\u00bb video_opacity=\u00bb0&#8243; full_width=\u00bbtrue\u00bb top_shape_color=\u00bb#ffffff\u00bb bottom_shape_color=\u00bb#ffffff\u00bb sidebar=\u00bbsidebar-1&#8243;][vc_column][mk_edge_slider first_el=\u00bbtrue\u00bb swiper_bg=\u00bb\u00bb order=\u00bbASC\u00bb height=\u00bb1000&#8243; direction_nav=\u00bbround\u00bb skip_arrow=\u00bbfalse\u00bb slides=\u00bb2651, 2659&#8243;][\/vc_column][\/mk_page_section][mk_page_section layout_structure=\u00bbhalf_left\u00bb bg_image=\u00bbhttp:\/\/diagonalmarlimousines.com\/wp-content\/uploads\/2017\/05\/fira_barcelona_mobile_world_congress_2013.jpg\u00bb bg_color=\u00bb#00215e\u00bb bg_stretch=\u00bbtrue\u00bb bg_gradient=\u00bbvertical\u00bb video_color_mask=\u00bb#000000&#8243; gr_end=\u00bb#dd9933&#8243; video_opacity=\u00bb0&#8243; full_width=\u00bbtrue\u00bb padding_top=\u00bb0&#8243; padding_bottom=\u00bb0&#8243; has_top_shape_divider=\u00bbtrue\u00bb top_shape_size=\u00bbsmall\u00bb top_shape_color=\u00bb#ffffff\u00bb has_bottom_shape_divider=\u00bbtrue\u00bb bottom_shape_size=\u00bbsmall\u00bb bottom_shape_color=\u00bb#ffffff\u00bb section_id=\u00bbBarcelona\u00bb][vc_column][mk_custom_box corner_radius=\u00bb15&#8243; padding_vertical=\u00bb100&#8243; margin_bottom=\u00bb20&#8243; min_height=\u00bb20&#8243; background_hov_color_style=\u00bbimage\u00bb][mk_fancy_title color=\u00bb#ffffff\u00bb size=\u00bb40&#8243; force_font_size=\u00bbtrue\u00bb size_smallscreen=\u00bb30&#8243; size_tablet=\u00bb25&#8243; size_phone=\u00bb20&#8243; font_family=\u00bbnone\u00bb]<strong><span style=\"color: #80ccff;\">TRASLADOS PARA EVENTOS<\/span><\/strong>[\/mk_fancy_title][vc_column_text]\n<div class=\"packdescripcion1\">\n<p><strong><span style=\"color: #ffffff;\">Barcelona\u00a0es una de las ciudades m\u00e1s escogidas para la realizaci\u00f3n de congresos y eventos como el\u00a0Mobile World Congress o la Formula 1.\u00a0<\/span><\/strong><\/p>\n<p><strong><span style=\"color: #ffffff;\">Desde Diagonal Mar Limousines,\u00a0expertos en gesti\u00f3n de grupos para eventos, recibiremos a sus clientes ya sea a su llegada o durante su estancia en Barcelona, ofreci\u00e9ndoles \u00a0un\u00a0trato muy profesional\u00a0por cuenta de nuestros ch\u00f3feres que se caracterizan por su\u00a0puntualidad\u00a0y conocimientos de la ciudad.\u00a0<\/span><\/strong><\/p>\n<p><strong><span style=\"color: #ffffff;\">D\u00e9jenos cuidar de sus clientes!<\/span><\/strong><\/p>\n<\/div>\n[\/vc_column_text][vc_column_text][\/vc_column_text][mk_padding_divider size=\u00bb20&#8243;][mk_button corner_style=\u00bbfull_rounded\u00bb size=\u00bbmedium\u00bb url=\u00bbmailto:info@diagonalmarlimousines.com\u00bb bg_color=\u00bb#80ccff\u00bb]M\u00e1s info[\/mk_button][\/mk_custom_box][\/vc_column][\/mk_page_section][mk_page_section layout_structure=\u00bbhalf_right\u00bb bg_image=\u00bbhttp:\/\/diagonalmarlimousines.com\/wp-content\/uploads\/2018\/04\/traslados-privados-diagonal-mar-limousines.jpg\u00bb bg_color=\u00bb#80ccff\u00bb blend_mode=\u00bbluminosity\u00bb bg_stretch=\u00bbtrue\u00bb bg_gradient=\u00bbvertical\u00bb video_color_mask=\u00bb#000000&#8243; gr_end=\u00bb#dd9933&#8243; video_opacity=\u00bb0&#8243; min_height=\u00bb600&#8243; full_width=\u00bbtrue\u00bb padding_top=\u00bb0&#8243; padding_bottom=\u00bb0&#8243; has_top_shape_divider=\u00bbtrue\u00bb top_shape_size=\u00bbsmall\u00bb top_shape_color=\u00bb#ffffff\u00bb has_bottom_shape_divider=\u00bbtrue\u00bb bottom_shape_size=\u00bbsmall\u00bb bottom_shape_color=\u00bb#ffffff\u00bb section_id=\u00bbBarcelona\u00bb][vc_column][mk_custom_box corner_radius=\u00bb15&#8243; padding_vertical=\u00bb100&#8243; margin_bottom=\u00bb20&#8243; min_height=\u00bb20&#8243; background_hov_color_style=\u00bbimage\u00bb][mk_fancy_title size=\u00bb40&#8243; font_family=\u00bbnone\u00bb]<strong><span style=\"color: #00215e;\">COORDINACI\u00d3N DE EVENTOS\u00a0<\/span><\/strong>[\/mk_fancy_title][vc_column_text]<strong><span style=\"color: #ffffff;\">Desde nuestras oficinas les ayudaremos a gestionar los servicios que necesite para su evento y le aconsejaremos seg\u00fan sus necesidades. Ofrecemos a todos nuestros clientes un trato personalizado de manera telef\u00f3nica o reuni\u00e9ndonos personalmente.\u00a0<\/span><\/strong><\/p>\n<p><strong><span style=\"color: #ffffff;\">En ocasiones cuando los servicios son numerosos, ofrecemos tambi\u00e9n nuestro servicio de Azafatas, especialmente para recogidas en el Aeropuerto o en los traslados de salida desde el hotel. Disponiendo de personal in situ nos cercioramos que todos los servicios sean realizados correctamente para la tranquilidad de la organizaci\u00f3n del evento.<\/span><\/strong>[\/vc_column_text][vc_column_text][\/vc_column_text][mk_padding_divider size=\u00bb20&#8243;][mk_button corner_style=\u00bbfull_rounded\u00bb size=\u00bbmedium\u00bb url=\u00bbmailto:info@diagonalmarlimousines.com\u00bb bg_color=\u00bb#00215e\u00bb]M\u00e1s info[\/mk_button][\/mk_custom_box][\/vc_column][\/mk_page_section][mk_page_section layout_structure=\u00bbhalf_left\u00bb bg_image=\u00bbhttp:\/\/diagonalmarlimousines.com\/wp-content\/uploads\/2017\/04\/shutterstock_172510772.jpg\u00bb bg_color=\u00bb#00215e\u00bb blend_mode=\u00bbluminosity\u00bb bg_stretch=\u00bbtrue\u00bb bg_gradient=\u00bbvertical\u00bb video_color_mask=\u00bb#000000&#8243; gr_end=\u00bb#dd9933&#8243; video_opacity=\u00bb0&#8243; min_height=\u00bb600&#8243; full_width=\u00bbtrue\u00bb padding_top=\u00bb0&#8243; padding_bottom=\u00bb0&#8243; has_top_shape_divider=\u00bbtrue\u00bb top_shape_size=\u00bbsmall\u00bb top_shape_color=\u00bb#ffffff\u00bb bottom_shape_size=\u00bbsmall\u00bb bottom_shape_color=\u00bb#ffffff\u00bb section_id=\u00bbBarcelona\u00bb][vc_column][mk_custom_box corner_radius=\u00bb15&#8243; padding_vertical=\u00bb100&#8243; margin_bottom=\u00bb20&#8243; min_height=\u00bb20&#8243; background_hov_color_style=\u00bbimage\u00bb][mk_fancy_title color=\u00bb#ffffff\u00bb size=\u00bb40&#8243; force_font_size=\u00bbtrue\u00bb size_smallscreen=\u00bb30&#8243; size_tablet=\u00bb25&#8243; size_phone=\u00bb20&#8243; font_family=\u00bbnone\u00bb]<strong><span style=\"color: #80ccff;\">DISPOSICIONES PARA\u00a0EVENTOS<\/span><\/strong>[\/mk_fancy_title][vc_column_text]<span style=\"color: #ffffff;\">Es normal que durante la realizaci\u00f3n de Eventos se necesiten servicios durante varias horas ya sea para asistir a reuniones, para comidas o cenas de empresa.<\/span><br \/>\n<span style=\"color: #ffffff;\">En Diagonal Mar Limousines les atenderemos en funci\u00f3n de sus necesidades con nuestra flota Mercedes o para grandes grupos con autocares con capacidad hasta 60 pasajeros.<\/span>[\/vc_column_text][vc_column_text][\/vc_column_text][mk_padding_divider size=\u00bb20&#8243;][mk_button corner_style=\u00bbfull_rounded\u00bb size=\u00bbmedium\u00bb url=\u00bb\/reserva-online\u00bb bg_color=\u00bb#80ccff\u00bb]Reservar[\/mk_button][\/mk_custom_box][\/vc_column][\/mk_page_section]\n","protected":false},"excerpt":{"rendered":"<p>[mk_page_section bg_position=\u00bbcenter center\u00bb bg_repeat=\u00bbno-repeat\u00bb bg_stretch=\u00bbtrue\u00bb video_opacity=\u00bb0&#8243; full_width=\u00bbtrue\u00bb top_shape_color=\u00bb#ffffff\u00bb bottom_shape_color=\u00bb#ffffff\u00bb sidebar=\u00bbsidebar-1&#8243;][vc_column][mk_edge_slider first_el=\u00bbtrue\u00bb swiper_bg=\u00bb\u00bb order=\u00bbASC\u00bb height=\u00bb1000&#8243; direction_nav=\u00bbround\u00bb skip_arrow=\u00bbfalse\u00bb slides=\u00bb2651, 2659&#8243;][\/vc_column][\/mk_page_section][mk_page_section layout_structure=\u00bbhalf_left\u00bb bg_image=\u00bbhttp:\/\/diagonalmarlimousines.com\/wp-content\/uploads\/2017\/05\/fira_barcelona_mobile_world_congress_2013.jpg\u00bb bg_color=\u00bb#00215e\u00bb bg_stretch=\u00bbtrue\u00bb bg_gradient=\u00bbvertical\u00bb video_color_mask=\u00bb#000000&#8243; gr_end=\u00bb#dd9933&#8243; video_opacity=\u00bb0&#8243; full_width=\u00bbtrue\u00bb padding_top=\u00bb0&#8243; padding_bottom=\u00bb0&#8243; has_top_shape_divider=\u00bbtrue\u00bb top_shape_size=\u00bbsmall\u00bb top_shape_color=\u00bb#ffffff\u00bb has_bottom_shape_divider=\u00bbtrue\u00bb bottom_shape_size=\u00bbsmall\u00bb bottom_shape_color=\u00bb#ffffff\u00bb section_id=\u00bbBarcelona\u00bb][vc_column][mk_custom_box corner_radius=\u00bb15&#8243; padding_vertical=\u00bb100&#8243; margin_bottom=\u00bb20&#8243; min_height=\u00bb20&#8243; background_hov_color_style=\u00bbimage\u00bb][mk_fancy_title color=\u00bb#ffffff\u00bb size=\u00bb40&#8243; force_font_size=\u00bbtrue\u00bb size_smallscreen=\u00bb30&#8243; size_tablet=\u00bb25&#8243; size_phone=\u00bb20&#8243; font_family=\u00bbnone\u00bb]TRASLADOS PARA EVENTOS[\/mk_fancy_title][vc_column_text] Barcelona\u00a0es una de las ciudades [&hellip;]<\/p>\n","protected":false},"author":1,"featured_media":0,"parent":1572,"menu_order":0,"comment_status":"closed","ping_status":"closed","template":"","meta":{"footnotes":""},"class_list":["post-1147","page","type-page","status-publish","hentry"],"_links":{"self":[{"href":"https:\/\/www.diagonalmarlimousines.com\/es\/wp-json\/wp\/v2\/pages\/1147","targetHints":{"allow":["GET"]}}],"collection":[{"href":"https:\/\/www.diagonalmarlimousines.com\/es\/wp-json\/wp\/v2\/pages"}],"about":[{"href":"https:\/\/www.diagonalmarlimousines.com\/es\/wp-json\/wp\/v2\/types\/page"}],"author":[{"embeddable":true,"href":"https:\/\/www.diagonalmarlimousines.com\/es\/wp-json\/wp\/v2\/users\/1"}],"replies":[{"embeddable":true,"href":"https:\/\/www.diagonalmarlimousines.com\/es\/wp-json\/wp\/v2\/comments?post=1147"}],"version-history":[{"count":10,"href":"https:\/\/www.diagonalmarlimousines.com\/es\/wp-json\/wp\/v2\/pages\/1147\/revisions"}],"predecessor-version":[{"id":2669,"href":"https:\/\/www.diagonalmarlimousines.com\/es\/wp-json\/wp\/v2\/pages\/1147\/revisions\/2669"}],"up":[{"embeddable":true,"href":"https:\/\/www.diagonalmarlimousines.com\/es\/wp-json\/wp\/v2\/pages\/1572"}],"wp:attachment":[{"href":"https:\/\/www.diagonalmarlimousines.com\/es\/wp-json\/wp\/v2\/media?parent=1147"}],"curies":[{"name":"wp","href":"https:\/\/api.w.org\/{rel}","templated":true}]}}