{"id":1229,"date":"2017-05-22T08:29:35","date_gmt":"2017-05-22T08:29:35","guid":{"rendered":"http:\/\/diagonalmarlimousines.com\/?page_id=1229\/"},"modified":"2018-11-26T21:24:41","modified_gmt":"2018-11-26T19:24:41","slug":"empresa","status":"publish","type":"page","link":"https:\/\/www.diagonalmarlimousines.com\/es\/empresa\/","title":{"rendered":"Empresa"},"content":{"rendered":"<div class=\"wpb-content-wrapper\">[vc_row fullwidth=\u00bbtrue\u00bb][vc_column][mk_edge_slider first_el=\u00bbtrue\u00bb swiper_bg=\u00bb#ffffff\u00bb order=\u00bbASC\u00bb height=\u00bb800&#8243; direction_nav=\u00bbround\u00bb][\/vc_column][\/vc_row][vc_row][vc_column][vc_empty_space][\/vc_column][\/vc_row][mk_page_section bg_image=\u00bbhttp:\/\/diagonalmarlimousines.com\/wp-content\/uploads\/2018\/04\/traslados-barcelona-diagonal-mar-limousines.jpg\u00bb bg_repeat=\u00bbno-repeat\u00bb bg_stretch=\u00bbtrue\u00bb full_width=\u00bbtrue\u00bb margin_bottom=\u00bb10&#8243; has_top_shape_divider=\u00bbtrue\u00bb top_shape_size=\u00bbsmall\u00bb has_bottom_shape_divider=\u00bbtrue\u00bb bottom_shape_size=\u00bbsmall\u00bb sidebar=\u00bbsidebar-1&#8243;][vc_column width=\u00bb1\/2&#8243;][vc_empty_space][vc_cta h2=\u00bbDiagonal Mar Limousines\u00bb shape=\u00bbround\u00bb css=\u00bb.vc_custom_1527590377592{background-color: #80ccff !important;}\u00bb]\n<div class=\"contentmainleft\">\n<p class=\"empresa\"><span style=\"color: #ffffff;\">Diagonal Mar Limousines es una compa\u00f1\u00eda alquiler de veh\u00edculos de alta gama con conductor que fue creada en 2008 de la mano de tres socios con m\u00e1s de 15 a\u00f1os de experiencia en el sector de transporte de viajeros. \u00a0Con sede en Barcelona tambi\u00e9n opera en las principales ciudades del territorio espa\u00f1ol.<\/span> <span style=\"color: #ffffff;\">Contamos con un amplio abanico de clientes desde empresas y agencias de viajes: Viajes Sanabria, Jet Set Services, Limos4, Terres Basques; a hoteles de 4* y 5*: Hilton Diagonal Mar, Hilton Barcelona, Meli\u00e0 Sky Barcelona y Sarri\u00e0, Hotel Ohla Barcelona y Eixample, entre otros muchos.<\/span> <span style=\"color: #ffffff;\">Todo ello gracias a nuestro gran equipo de profesionales tanto en nuestras oficinas que se encargan de la gesti\u00f3n como nuestros conductores los cuales tienen excelentes conocimientos de la ciudad y tur\u00edsticos. Una gran experiencia en el sector. No menos importante es nuestra flota que abarca de una amplia gama de veh\u00edculos Mercedes (Clase E, Clase S, Clase V y Viano) y Minibuses y autocares desde 9 hasta 70 plazas para grandes grupos.<\/span> <span style=\"color: #ffffff;\">Nuestro objetivo es cumplir las expectativas de nuestros clientes y colaborar en hacer de su estancia un recuerdo inolvidable.<\/span><\/p>\n<\/div>\n[\/vc_cta][\/vc_column][vc_column width=\u00bb1\/2&#8243;][\/vc_column][\/mk_page_section][mk_page_section bg_image=\u00bbhttp:\/\/diagonalmarlimousines.com\/wp-content\/uploads\/2017\/04\/autocares-barcelona-cruceros-avant.jpg\u00bb bg_repeat=\u00bbno-repeat\u00bb bg_stretch=\u00bbtrue\u00bb video_color_mask=\u00bb#80ccff\u00bb full_width=\u00bbtrue\u00bb has_top_shape_divider=\u00bbtrue\u00bb top_shape_size=\u00bbsmall\u00bb top_shape_color=\u00bb#ffffff\u00bb has_bottom_shape_divider=\u00bbtrue\u00bb bottom_shape_size=\u00bbsmall\u00bb bottom_shape_color=\u00bb#ffffff\u00bb sidebar=\u00bbsidebar-1&#8243;][vc_column width=\u00bb1\/4&#8243;][mk_icon_box_gradient icon_size=\u00bb48&#8243; holder_shape=\u00bbsquare2&#8243; container_color=\u00bb#000000&#8243; icon_color=\u00bb#80ccff\u00bb title_size=\u00bb50&#8243; title_weight=\u00bbbolder\u00bb title_color=\u00bb#000000&#8243; title_top_padding=\u00bb30&#8243; content_color=\u00bb#000000&#8243;]\n<h4>9000 clientes santisfechos<\/h4>\n[\/mk_icon_box_gradient][\/vc_column][vc_column width=\u00bb1\/4&#8243;][mk_icon_box_gradient icon_size=\u00bb48&#8243; icon=\u00bbmk-moon-airplane\u00bb holder_shape=\u00bbsquare2&#8243; container_color=\u00bb#000000&#8243; icon_color=\u00bb#80ccff\u00bb title_size=\u00bb50&#8243; title_weight=\u00bbbolder\u00bb title_color=\u00bb#000000&#8243; title_top_padding=\u00bb30&#8243; content_color=\u00bb#000000&#8243;]\n<h4>1235 traslados al aeropuerto<\/h4>\n[\/mk_icon_box_gradient][\/vc_column][vc_column width=\u00bb1\/4&#8243;][mk_icon_box_gradient icon_size=\u00bb48&#8243; icon=\u00bbmk-icon-bitbucket\u00bb holder_shape=\u00bbsquare2&#8243; container_color=\u00bb#000000&#8243; icon_color=\u00bb#80ccff\u00bb title_size=\u00bb50&#8243; title_weight=\u00bbbolder\u00bb title_color=\u00bb#000000&#8243; title_top_padding=\u00bb30&#8243; content_color=\u00bb#000000&#8243;]\n<h4>3658caf\u00e9s diarios<\/h4>\n[\/mk_icon_box_gradient][\/vc_column][vc_column width=\u00bb1\/4&#8243;][mk_icon_box_gradient icon_size=\u00bb48&#8243; icon=\u00bbmk-moon-basket\u00bb holder_shape=\u00bbsquare2&#8243; container_color=\u00bb#000000&#8243; icon_color=\u00bb#80ccff\u00bb title_size=\u00bb50&#8243; title_weight=\u00bbbolder\u00bb title_color=\u00bb#000000&#8243; title_top_padding=\u00bb30&#8243; content_color=\u00bb#000000&#8243;]\n<h4>754 d\u00edas de shopping<\/h4>\n[\/mk_icon_box_gradient][\/vc_column][\/mk_page_section][mk_page_section bg_image=\u00bbhttp:\/\/diagonalmarlimousines.com\/wp-content\/uploads\/2018\/02\/diagonal-mar-alquiler-coches-conductor-barcelona-31.jpg\u00bb bg_repeat=\u00bbno-repeat\u00bb bg_stretch=\u00bbtrue\u00bb full_width=\u00bbtrue\u00bb margin_bottom=\u00bb10&#8243; has_top_shape_divider=\u00bbtrue\u00bb top_shape_size=\u00bbsmall\u00bb has_bottom_shape_divider=\u00bbtrue\u00bb bottom_shape_size=\u00bbsmall\u00bb sidebar=\u00bbsidebar-1&#8243;][vc_column width=\u00bb1\/2&#8243;][\/vc_column][vc_column width=\u00bb1\/2&#8243;][vc_empty_space][vc_cta h2=\u00bbNuestros conductores\u00bb shape=\u00bbround\u00bb color=\u00bbwhite\u00bb css=\u00bb.vc_custom_1526465599436{background-color: #00215e !important;}\u00bb]\n<div class=\"contentmainleft\">\n<p class=\"empresa\"><span style=\"color: #ffffff;\">Diagonal Mar Limousines dispone de un gran equipo de conductores altamente formados que har\u00e1n de su servicio una experiencia inolvidable. Todos ellos han sido previamente seleccionados cumpliendo los est\u00e1ndares que aseguran la m\u00e1xima calidad en los servicios prestados. Puntualidad, discreci\u00f3n, conocimientos de la ciudad, gesti\u00f3n del tiempo del trayecto, previsi\u00f3n del estado del tr\u00e1fico, monitoreo de los vuelos son algunos rasgos que nos ayudan a cumplir las expectativas de nuestros clientes.<\/span> <span style=\"color: #ffffff;\">Disfrute con nosotros, ya sea de un traslado punto a punto o una excursi\u00f3n de la mano de nuestros conductores impecablemente uniformados, que hablan varios idiomas, le aconsejar\u00e1n y ayudar\u00e1n a disfrutar de su viaje.<\/span><\/p>\n<\/div>\n[\/vc_cta][\/vc_column][\/mk_page_section][vc_row][vc_column][mk_padding_divider][\/vc_column][vc_column width=\u00bb1\/3&#8243;][mk_icon_box2 icon_size=\u00bb48&#8243; icon=\u00bbmk-li-graph\u00bb icon_color=\u00bb#ffffff\u00bb icon_background_color=\u00bb#80ccff\u00bb icon_border_color=\u00bb#ffffff\u00bb icon_hover_background_color=\u00bb#0066bf\u00bb title=\u00bbProfesionalidad\u00bb]El \u00e9xito de Diagonal Mar Limousines es gracias a la gran profesionalidad de su equipo. Cuenta con conductores altamente formados, con idiomas y grandes conocimientos de la ciudad. Por otro lado, desde nuestras oficinas se gestionan las reservas y presupuestos por personal altamente cualificado que le asesorar\u00e1 en todo momento para que su experiencia sea inolvidable.[\/mk_icon_box2][\/vc_column][vc_column width=\u00bb1\/3&#8243;][mk_icon_box2 icon_size=\u00bb48&#8243; icon=\u00bbmk-li-book\u00bb icon_color=\u00bb#ffffff\u00bb icon_background_color=\u00bb#80ccff\u00bb icon_border_color=\u00bb#ffffff\u00bb icon_hover_background_color=\u00bb#0066bf\u00bb title=\u00bbGarant\u00eda\u00bb]Diagonal Mar Limousines es sin\u00f3nimo de garant\u00eda en el servicio. Gracias a nuestro equipo de profesionales y nuestra flota de alta gama haremos que cada servicio cumpla sus expectativas.\u00a0D\u00e9jenos ser la primera impresi\u00f3n de su empresa con sus clientes, ya sea recogiendo en el aeropuerto o aportando transporte para comidas o cenas de empresa.\u00a0Para otros, facilitamos el trayecto m\u00e1s especial de sus vidas, con nuestros servicios de Bodas, procuramos poner la m\u00e1xima atenci\u00f3n a los detalles, porque en ese d\u00eda no caben errores.<\/p>\n<p>\u00a1Escoja Diagonal Mar Limousines, no se arrepentir\u00e1![\/mk_icon_box2][\/vc_column][vc_column width=\u00bb1\/3&#8243;][mk_icon_box2 icon_size=\u00bb48&#8243; icon=\u00bbmk-li-star\u00bb icon_color=\u00bb#ffffff\u00bb icon_background_color=\u00bb#80ccff\u00bb icon_border_color=\u00bb#ffffff\u00bb icon_hover_background_color=\u00bb#0066bf\u00bb title=\u00bbSeguridad\u00bb]El transporte de pasajeros por carretera sigue siendo uno de los medios de transporte m\u00e1s demandados actualmente. Dado que todos nuestros veh\u00edculos son Mercedes, garantizan siempre la mejor y m\u00e1s moderna tecnolog\u00eda de seguridad. De este modo, podemos asegurar a nuestros pasajeros la m\u00e1xima protecci\u00f3n posible.<\/p>\n<p>Asistente anti colisi\u00f3n, Intelligent Drive&#8217;, &#8216;EfficientTechnology&#8217; y &#8216;EssenceofLuxury&#8217;, controlar la velocidad en las curvas o al acercarse a un cruce, asistente activo de cambio de carril en autopista y el que gestiona la parada de emergencia, son algunas de las medidas m\u00e1s conocidas con las que cuentan nuestros veh\u00edculos.[\/mk_icon_box2][\/vc_column][\/vc_row]\n<\/div>","protected":false},"excerpt":{"rendered":"<p>[vc_row fullwidth=\u00bbtrue\u00bb][vc_column][mk_edge_slider first_el=\u00bbtrue\u00bb swiper_bg=\u00bb#ffffff\u00bb order=\u00bbASC\u00bb height=\u00bb800&#8243; direction_nav=\u00bbround\u00bb][\/vc_column][\/vc_row][vc_row][vc_column][vc_empty_space][\/vc_column][\/vc_row][mk_page_section bg_image=\u00bbhttp:\/\/diagonalmarlimousines.com\/wp-content\/uploads\/2018\/04\/traslados-barcelona-diagonal-mar-limousines.jpg\u00bb bg_repeat=\u00bbno-repeat\u00bb bg_stretch=\u00bbtrue\u00bb full_width=\u00bbtrue\u00bb margin_bottom=\u00bb10&#8243; has_top_shape_divider=\u00bbtrue\u00bb top_shape_size=\u00bbsmall\u00bb has_bottom_shape_divider=\u00bbtrue\u00bb bottom_shape_size=\u00bbsmall\u00bb sidebar=\u00bbsidebar-1&#8243;][vc_column width=\u00bb1\/2&#8243;][vc_empty_space][vc_cta h2=\u00bbDiagonal Mar Limousines\u00bb shape=\u00bbround\u00bb css=\u00bb.vc_custom_1527590377592{background-color: #80ccff !important;}\u00bb] Diagonal Mar Limousines es una compa\u00f1\u00eda alquiler de veh\u00edculos de alta gama con conductor que fue creada en 2008 de la mano de tres socios con m\u00e1s de 15 a\u00f1os [&hellip;]<\/p>\n","protected":false},"author":1,"featured_media":0,"parent":0,"menu_order":0,"comment_status":"closed","ping_status":"closed","template":"","meta":{"footnotes":""},"class_list":["post-1229","page","type-page","status-publish","hentry"],"_links":{"self":[{"href":"https:\/\/www.diagonalmarlimousines.com\/es\/wp-json\/wp\/v2\/pages\/1229","targetHints":{"allow":["GET"]}}],"collection":[{"href":"https:\/\/www.diagonalmarlimousines.com\/es\/wp-json\/wp\/v2\/pages"}],"about":[{"href":"https:\/\/www.diagonalmarlimousines.com\/es\/wp-json\/wp\/v2\/types\/page"}],"author":[{"embeddable":true,"href":"https:\/\/www.diagonalmarlimousines.com\/es\/wp-json\/wp\/v2\/users\/1"}],"replies":[{"embeddable":true,"href":"https:\/\/www.diagonalmarlimousines.com\/es\/wp-json\/wp\/v2\/comments?post=1229"}],"version-history":[{"count":49,"href":"https:\/\/www.diagonalmarlimousines.com\/es\/wp-json\/wp\/v2\/pages\/1229\/revisions"}],"predecessor-version":[{"id":1660,"href":"https:\/\/www.diagonalmarlimousines.com\/es\/wp-json\/wp\/v2\/pages\/1229\/revisions\/1660"}],"wp:attachment":[{"href":"https:\/\/www.diagonalmarlimousines.com\/es\/wp-json\/wp\/v2\/media?parent=1229"}],"curies":[{"name":"wp","href":"https:\/\/api.w.org\/{rel}","templated":true}]}}