{"id":1559,"date":"2018-03-19T11:30:01","date_gmt":"2018-03-19T11:30:01","guid":{"rendered":"http:\/\/diagonalmarlimousines.com\/?page_id=1559\/"},"modified":"2018-11-21T20:28:42","modified_gmt":"2018-11-21T18:28:42","slug":"traslados","status":"publish","type":"page","link":"https:\/\/www.diagonalmarlimousines.com\/es\/servicios\/traslados\/","title":{"rendered":"Traslados"},"content":{"rendered":"[mk_page_section bg_position=\u00bbcenter center\u00bb bg_repeat=\u00bbno-repeat\u00bb bg_stretch=\u00bbtrue\u00bb video_opacity=\u00bb0&#8243; full_width=\u00bbtrue\u00bb top_shape_color=\u00bb#ffffff\u00bb has_bottom_shape_divider=\u00bbtrue\u00bb bottom_shape_size=\u00bbsmall\u00bb bottom_shape_color=\u00bb#ffffff\u00bb sidebar=\u00bbsidebar-1&#8243;][vc_column][mk_edge_slider first_el=\u00bbtrue\u00bb swiper_bg=\u00bb\u00bb order=\u00bbASC\u00bb orderby=\u00bbpost__in\u00bb height=\u00bb1000&#8243; direction_nav=\u00bbround\u00bb skip_arrow=\u00bbfalse\u00bb slides=\u00bb2580, 2614&#8243;][\/vc_column][\/mk_page_section][mk_page_section bg_color=\u00bb#00215e\u00bb padding_top=\u00bb0&#8243; has_top_shape_divider=\u00bbtrue\u00bb top_shape_size=\u00bbsmall\u00bb top_shape_color=\u00bb#ffffff\u00bb has_bottom_shape_divider=\u00bbtrue\u00bb bottom_shape_size=\u00bbsmall\u00bb bottom_shape_color=\u00bb#ffffff\u00bb sidebar=\u00bbsidebar-1&#8243;][vc_column][mk_fancy_title color=\u00bb#ffffff\u00bb size=\u00bb50&#8243; force_font_size=\u00bbtrue\u00bb size_smallscreen=\u00bb45&#8243; size_tablet=\u00bb30&#8243; size_phone=\u00bb25&#8243; font_weight=\u00bbbold\u00bb font_family=\u00bbnone\u00bb align=\u00bbcenter\u00bb]Traslados[\/mk_fancy_title][vc_column_text css=\u00bb.vc_custom_1521724034262{margin-bottom: 0px !important;}\u00bb]<span style=\"color: #ffffff;\">Uno de nuestros servicios m\u00e1s solicitados y necesarios por nuestros clientes es el traslado. A su llegada, durante su estancia y en su partida. Mu\u00e9vase por nuestra ciudad de manera confortable en nuestros veh\u00edculos de alta gama con la seguridad de la puntualidad y profesionalidad de nuestros conductores. Conf\u00ede en Diagonal Mar Limousines, nuestra meta es hacerle disfrutar del trayecto: olv\u00eddese de verificar direcciones o estados de vuelo, Nosotros lo hacemos por usted.<\/span>[\/vc_column_text][mk_padding_divider][\/vc_column][\/mk_page_section][mk_page_section bg_image=\u00bbhttp:\/\/diagonalmarlimousines.com\/wp-content\/uploads\/2016\/12\/diagonal-mar-alquiler-coches-conductor-barcelona-1.jpg\u00bb bg_position=\u00bbcenter center\u00bb bg_repeat=\u00bbno-repeat\u00bb bg_stretch=\u00bbtrue\u00bb min_height=\u00bb600&#8243; full_width=\u00bbtrue\u00bb has_top_shape_divider=\u00bbtrue\u00bb top_shape_size=\u00bbsmall\u00bb top_shape_color=\u00bb#ffffff\u00bb has_bottom_shape_divider=\u00bbtrue\u00bb bottom_shape_size=\u00bbsmall\u00bb bottom_shape_color=\u00bb#ffffff\u00bb section_id=\u00bbBarcelona\u00bb sidebar=\u00bbsidebar-1&#8243;][vc_column width=\u00bb1\/2&#8243;][\/vc_column][vc_column width=\u00bb1\/2&#8243;][mk_padding_divider][mk_custom_box corner_radius=\u00bb15&#8243; padding_vertical=\u00bb50&#8243; background_style=\u00bbgradient_color\u00bb bg_grandient_color_from=\u00bb#00215e\u00bb bg_grandient_color_to=\u00bb#48ccfd\u00bb bg_gradient_color_angle=\u00bbdiagonal_left_bottom\u00bb background_hov_color_style=\u00bbgradient_color\u00bb][mk_fancy_title color=\u00bb#ffffff\u00bb size=\u00bb40&#8243; force_font_size=\u00bbtrue\u00bb size_smallscreen=\u00bb30&#8243; size_tablet=\u00bb25&#8243; size_phone=\u00bb20&#8243; font_family=\u00bbnone\u00bb]AEROPUERTO[\/mk_fancy_title][vc_column_text css=\u00bb.vc_custom_1523607193844{margin-bottom: 0px !important;}\u00bb]<span style=\"color: #ffffff;\">En Diagonal Mar Limousines a parte del transporte velamos su comodidad y confianza, de esta manera ponemos especial inter\u00e9s en monitorear los vuelos \u2013 sabemos de antemano el estado del vuelo- as\u00ed, tanto si viene retrasado o adelantado, nuestros conductores siempre estar\u00e1n preparados para acudir a la hora exacta de su llegada. Les dejamos algunas instrucciones a tener en cuenta al llegar al Aeropuerto de Barcelona:<\/span><\/p>\n<p><span style=\"color: #ffffff;\">A su llegada deber\u00e1 recoger su equipaje y cruzar las puertas hasta llegar al Hall de Llegadas. Una vez all\u00ed nuestro\u00a0ch\u00f3fer\u00a0estar\u00e1 en la zona de espera de conductores (situada justo delante de la cafeter\u00eda Caf\u00e9 di Fiore) con un cartel con su nombre o logo de su empresa.<\/span>[\/vc_column_text][vc_column_text][\/vc_column_text][mk_button corner_style=\u00bbfull_rounded\u00bb size=\u00bbmedium\u00bb url=\u00bb\/reserva-online\u00bb]Reservar[\/mk_button][\/mk_custom_box][\/vc_column][\/mk_page_section][mk_page_section bg_image=\u00bbhttp:\/\/diagonalmarlimousines.com\/wp-content\/uploads\/2018\/06\/diagonal-mar-alquiler-coches-conductor-barcelona-32.jpg\u00bb bg_position=\u00bbcenter center\u00bb bg_repeat=\u00bbno-repeat\u00bb bg_stretch=\u00bbtrue\u00bb min_height=\u00bb600&#8243; full_width=\u00bbtrue\u00bb padding_top=\u00bb20&#8243; padding_bottom=\u00bb20&#8243; has_top_shape_divider=\u00bbtrue\u00bb top_shape_size=\u00bbsmall\u00bb top_shape_color=\u00bb#ffffff\u00bb has_bottom_shape_divider=\u00bbtrue\u00bb bottom_shape_size=\u00bbsmall\u00bb bottom_shape_color=\u00bb#ffffff\u00bb sidebar=\u00bbsidebar-1&#8243;][vc_column width=\u00bb1\/2&#8243;][mk_padding_divider][mk_custom_box corner_radius=\u00bb15&#8243; padding_vertical=\u00bb50&#8243; background_style=\u00bbgradient_color\u00bb bg_grandient_color_from=\u00bb#00215e\u00bb bg_grandient_color_to=\u00bb#48ccfd\u00bb bg_gradient_color_angle=\u00bbdiagonal_left_bottom\u00bb background_hov_color_style=\u00bbgradient_color\u00bb][mk_fancy_title color=\u00bb#ffffff\u00bb size=\u00bb40&#8243; force_font_size=\u00bbtrue\u00bb size_smallscreen=\u00bb30&#8243; size_tablet=\u00bb25&#8243; size_phone=\u00bb20&#8243; font_family=\u00bbnone\u00bb]PUERTO[\/mk_fancy_title][vc_column_text css=\u00bb.vc_custom_1523607203946{margin-bottom: 0px !important;}\u00bb]<span style=\"color: #ffffff;\">Cada a\u00f1o Barcelona recibe miles de cruceristas que disfrutan del sol y de la cultura catalana. Nos gustar\u00eda que usted nos dejara ser parte de su experiencia. Ser recogidos en la terminal de desembarque y llevados a su destino es muy f\u00e1cil con Diagonal Mar Limousines, solo debe seguir las siguientes instrucciones:<\/span><\/p>\n<p><span style=\"color: #ffffff;\">Al desembarcar del crucero lo har\u00e1n en una terminal. Deber\u00e1n seguir las indicaciones hasta la salida y fuera les esperar\u00e1 nuestro conductor con un cartel con su nombre o logo de la empresa.<\/span>[\/vc_column_text][mk_button corner_style=\u00bbfull_rounded\u00bb size=\u00bbmedium\u00bb url=\u00bb\/reserva-online\u00bb]Reservar[\/mk_button][\/mk_custom_box][\/vc_column][vc_column width=\u00bb1\/2&#8243;][\/vc_column][\/mk_page_section][mk_page_section bg_image=\u00bbhttp:\/\/diagonalmarlimousines.com\/wp-content\/uploads\/2018\/04\/traslados-sants-barcelona-diagonal-mar-limousines.jpg\u00bb bg_position=\u00bbcenter center\u00bb bg_repeat=\u00bbno-repeat\u00bb bg_stretch=\u00bbtrue\u00bb min_height=\u00bb600&#8243; full_width=\u00bbtrue\u00bb has_top_shape_divider=\u00bbtrue\u00bb top_shape_size=\u00bbsmall\u00bb top_shape_color=\u00bb#ffffff\u00bb has_bottom_shape_divider=\u00bbtrue\u00bb bottom_shape_size=\u00bbsmall\u00bb bottom_shape_color=\u00bb#ffffff\u00bb sidebar=\u00bbsidebar-1&#8243;][vc_column width=\u00bb1\/2&#8243;][\/vc_column][vc_column width=\u00bb1\/2&#8243;][mk_padding_divider][mk_custom_box corner_radius=\u00bb15&#8243; padding_vertical=\u00bb50&#8243; background_style=\u00bbgradient_color\u00bb bg_grandient_color_from=\u00bb#00215e\u00bb bg_grandient_color_to=\u00bb#48ccfd\u00bb bg_gradient_color_angle=\u00bbdiagonal_left_bottom\u00bb background_hov_color_style=\u00bbgradient_color\u00bb][mk_fancy_title color=\u00bb#ffffff\u00bb size=\u00bb40&#8243; force_font_size=\u00bbtrue\u00bb size_smallscreen=\u00bb30&#8243; size_tablet=\u00bb25&#8243; size_phone=\u00bb20&#8243; font_family=\u00bbnone\u00bb]SANTS ESTACI\u00d3N[\/mk_fancy_title][vc_column_text css=\u00bb.vc_custom_1523607224643{margin-bottom: 0px !important;}\u00bb]<span style=\"color: #ffffff;\">Es la principal estaci\u00f3n de Barcelona por la que miles de pasajeros llegan a nuestra ciudad cada d\u00eda. Usuarios de trenes de alta velocidad, medias y largas distancias, a los que les ofrecemos la posibilidad de ser recogidos por nuestros expertos conductores que les llevar\u00e1n hasta su destino de una manera c\u00f3moda, f\u00e1cil y profesional. Algunas indicaciones para su llegada:<\/span><\/p>\n<p><span style=\"color: #ffffff;\">A su llegada al and\u00e9n deber\u00e1 subir las escaleras mec\u00e1nicas y tras las puertas de cristal, le esperar\u00e1 nuestro conductor con un cartel con su nombre. Les esperaremos en la zona llamada \u201cPunto de Encuentro\u201d de la estaci\u00f3n (justo delante de la tienda del FC Barcelona). La estaci\u00f3n tiene varias salidas por lo que es necesario facilitar el tel\u00e9fono del pasajero para que el\u00a0ch\u00f3fer\u00a0pueda localizarlo f\u00e1cilmente.<\/span>[\/vc_column_text][mk_button corner_style=\u00bbfull_rounded\u00bb size=\u00bbmedium\u00bb url=\u00bb\/reserva-online\u00bb]Reservar[\/mk_button][\/mk_custom_box][\/vc_column][\/mk_page_section][mk_page_section bg_image=\u00bbhttp:\/\/diagonalmarlimousines.com\/wp-content\/uploads\/2018\/06\/diagonal-mar-alquiler-coches-conductor-barcelona-5.jpg\u00bb bg_position=\u00bbcenter center\u00bb bg_repeat=\u00bbno-repeat\u00bb bg_stretch=\u00bbtrue\u00bb min_height=\u00bb600&#8243; full_width=\u00bbtrue\u00bb has_top_shape_divider=\u00bbtrue\u00bb top_shape_size=\u00bbsmall\u00bb top_shape_color=\u00bb#ffffff\u00bb has_bottom_shape_divider=\u00bbtrue\u00bb bottom_shape_size=\u00bbsmall\u00bb bottom_shape_color=\u00bb#ffffff\u00bb sidebar=\u00bbsidebar-1&#8243;][vc_column width=\u00bb1\/2&#8243;][mk_padding_divider][mk_custom_box corner_radius=\u00bb15&#8243; padding_vertical=\u00bb50&#8243; background_style=\u00bbgradient_color\u00bb bg_grandient_color_from=\u00bb#00215e\u00bb bg_grandient_color_to=\u00bb#48ccfd\u00bb bg_gradient_color_angle=\u00bbdiagonal_left_bottom\u00bb background_hov_color_style=\u00bbgradient_color\u00bb elevation_effect=\u00bbtrue\u00bb elevation_effect_distance=\u00bb9&#8243;][mk_fancy_title color=\u00bb#ffffff\u00bb size=\u00bb40&#8243; force_font_size=\u00bbtrue\u00bb size_smallscreen=\u00bb30&#8243; size_tablet=\u00bb25&#8243; size_phone=\u00bb20&#8243; font_family=\u00bbnone\u00bb]CIUDAD[\/mk_fancy_title][vc_column_text css=\u00bb.vc_custom_1521724140314{margin-bottom: 0px !important;}\u00bb]<span style=\"color: #ffffff;\">Los traslados dentro de la ciudad son muy frecuentes.\u00a0 Atender a una reuni\u00f3n, acudir a una cita, cena, evento, no ser\u00e1 m\u00e1s problema con Diagonal Mar Limousines. Simplemente ll\u00e1menos y reserve con antelaci\u00f3n su servicio, tenemos una soluci\u00f3n a su medida para todos sus desplazamientos. Le garantizamos calidad profesionalidad y eficacia.<\/span>[\/vc_column_text][vc_column_text][\/vc_column_text][mk_button corner_style=\u00bbfull_rounded\u00bb size=\u00bbmedium\u00bb url=\u00bb\/reserva-online\u00bb]Reservar[\/mk_button][\/mk_custom_box][\/vc_column][vc_column width=\u00bb1\/2&#8243;][\/vc_column][\/mk_page_section]\n","protected":false},"excerpt":{"rendered":"<p>[mk_page_section bg_position=\u00bbcenter center\u00bb bg_repeat=\u00bbno-repeat\u00bb bg_stretch=\u00bbtrue\u00bb video_opacity=\u00bb0&#8243; full_width=\u00bbtrue\u00bb top_shape_color=\u00bb#ffffff\u00bb has_bottom_shape_divider=\u00bbtrue\u00bb bottom_shape_size=\u00bbsmall\u00bb bottom_shape_color=\u00bb#ffffff\u00bb sidebar=\u00bbsidebar-1&#8243;][vc_column][mk_edge_slider first_el=\u00bbtrue\u00bb swiper_bg=\u00bb\u00bb order=\u00bbASC\u00bb orderby=\u00bbpost__in\u00bb height=\u00bb1000&#8243; direction_nav=\u00bbround\u00bb skip_arrow=\u00bbfalse\u00bb slides=\u00bb2580, 2614&#8243;][\/vc_column][\/mk_page_section][mk_page_section bg_color=\u00bb#00215e\u00bb padding_top=\u00bb0&#8243; has_top_shape_divider=\u00bbtrue\u00bb top_shape_size=\u00bbsmall\u00bb top_shape_color=\u00bb#ffffff\u00bb has_bottom_shape_divider=\u00bbtrue\u00bb bottom_shape_size=\u00bbsmall\u00bb bottom_shape_color=\u00bb#ffffff\u00bb sidebar=\u00bbsidebar-1&#8243;][vc_column][mk_fancy_title color=\u00bb#ffffff\u00bb size=\u00bb50&#8243; force_font_size=\u00bbtrue\u00bb size_smallscreen=\u00bb45&#8243; size_tablet=\u00bb30&#8243; size_phone=\u00bb25&#8243; font_weight=\u00bbbold\u00bb font_family=\u00bbnone\u00bb align=\u00bbcenter\u00bb]Traslados[\/mk_fancy_title][vc_column_text css=\u00bb.vc_custom_1521724034262{margin-bottom: 0px !important;}\u00bb]Uno de nuestros servicios m\u00e1s solicitados y necesarios por nuestros clientes es el traslado. [&hellip;]<\/p>\n","protected":false},"author":1,"featured_media":0,"parent":1572,"menu_order":0,"comment_status":"closed","ping_status":"closed","template":"","meta":{"footnotes":""},"class_list":["post-1559","page","type-page","status-publish","hentry"],"_links":{"self":[{"href":"https:\/\/www.diagonalmarlimousines.com\/es\/wp-json\/wp\/v2\/pages\/1559","targetHints":{"allow":["GET"]}}],"collection":[{"href":"https:\/\/www.diagonalmarlimousines.com\/es\/wp-json\/wp\/v2\/pages"}],"about":[{"href":"https:\/\/www.diagonalmarlimousines.com\/es\/wp-json\/wp\/v2\/types\/page"}],"author":[{"embeddable":true,"href":"https:\/\/www.diagonalmarlimousines.com\/es\/wp-json\/wp\/v2\/users\/1"}],"replies":[{"embeddable":true,"href":"https:\/\/www.diagonalmarlimousines.com\/es\/wp-json\/wp\/v2\/comments?post=1559"}],"version-history":[{"count":17,"href":"https:\/\/www.diagonalmarlimousines.com\/es\/wp-json\/wp\/v2\/pages\/1559\/revisions"}],"predecessor-version":[{"id":2604,"href":"https:\/\/www.diagonalmarlimousines.com\/es\/wp-json\/wp\/v2\/pages\/1559\/revisions\/2604"}],"up":[{"embeddable":true,"href":"https:\/\/www.diagonalmarlimousines.com\/es\/wp-json\/wp\/v2\/pages\/1572"}],"wp:attachment":[{"href":"https:\/\/www.diagonalmarlimousines.com\/es\/wp-json\/wp\/v2\/media?parent=1559"}],"curies":[{"name":"wp","href":"https:\/\/api.w.org\/{rel}","templated":true}]}}