{"id":1572,"date":"2018-03-19T14:07:47","date_gmt":"2018-03-19T14:07:47","guid":{"rendered":"http:\/\/diagonalmarlimousines.com\/?page_id=1572\/"},"modified":"2018-10-18T17:19:34","modified_gmt":"2018-10-18T17:19:34","slug":"servicios","status":"publish","type":"page","link":"https:\/\/www.diagonalmarlimousines.com\/es\/servicios\/","title":{"rendered":"Servicios"},"content":{"rendered":"[mk_page_section bg_position=\u00bbcenter center\u00bb bg_repeat=\u00bbno-repeat\u00bb bg_stretch=\u00bbtrue\u00bb video_opacity=\u00bb0&#8243; full_width=\u00bbtrue\u00bb full_height=\u00bbtrue\u00bb intro_effect=\u00bbzoom_out\u00bb top_shape_color=\u00bb#ffffff\u00bb bottom_shape_color=\u00bb#ffffff\u00bb sidebar=\u00bbsidebar-1&#8243;][vc_column][mk_edge_slider first_el=\u00bbtrue\u00bb swiper_bg=\u00bb\u00bb order=\u00bbASC\u00bb height=\u00bb800&#8243; direction_nav=\u00bbround\u00bb skip_arrow=\u00bbfalse\u00bb][\/vc_column][\/mk_page_section][mk_page_section bg_image=\u00bbhttp:\/\/diagonalmarlimousines.com\/wp-content\/uploads\/2018\/02\/diagonal-mar-alquiler-coches-conductor-barcelona-31.jpg\u00bb attachment=\u00bbfixed\u00bb bg_position=\u00bbcenter center\u00bb bg_repeat=\u00bbno-repeat\u00bb bg_stretch=\u00bbtrue\u00bb video_mask=\u00bbtrue\u00bb video_color_mask=\u00bbrgba(0,33,94,0.75)\u00bb min_height=\u00bb500&#8243; full_height=\u00bbtrue\u00bb has_top_shape_divider=\u00bbtrue\u00bb top_shape_size=\u00bbsmall\u00bb top_shape_color=\u00bb#ffffff\u00bb bottom_shape_size=\u00bbsmall\u00bb bottom_shape_color=\u00bb#88ccff\u00bb sidebar=\u00bbsidebar-1&#8243;][vc_column][mk_fancy_title color=\u00bb#ffffff\u00bb size=\u00bb35&#8243; font_weight=\u00bbbold\u00bb font_style=\u00bbnormal\u00bb font_family=\u00bbnone\u00bb align=\u00bbcenter\u00bb]Servicios[\/mk_fancy_title][\/vc_column][vc_column width=\u00bb1\/3&#8243;][mk_custom_box corner_radius=\u00bb26&#8243; padding_vertical=\u00bb25&#8243; padding_horizental=\u00bb0&#8243; min_height=\u00bb400&#8243; background_style=\u00bbgradient_color\u00bb bg_grandient_color_from=\u00bbrgba(128,204,255,0.4)\u00bb bg_grandient_color_to=\u00bbrgba(80,108,109,0.4)\u00bb background_hov_color_style=\u00bbgradient_color\u00bb][vc_single_image image=\u00bb1790&#8243; img_size=\u00bb400&#215;250&#8243;][mk_title_box color=\u00bb#ffffff\u00bb font_weight=\u00bbbold\u00bb font_family=\u00bbnone\u00bb]\n<h3 style=\"text-align: center;\"><span style=\"color: #ffffff;\">TRASLADOS<\/span><\/h3>\n[\/mk_title_box][vc_column_text css=\u00bb.vc_custom_1521202179284{margin-bottom: 0px !important;}\u00bb]\n<p style=\"padding-left: 30px; text-align: left;\"><span style=\"color: #ffffff;\">En Diagonal Mar Limousines le ofrecemos la manera m\u00e1s c\u00f3moda de desplazarse por Barcelona con nuestros traslados desde el aeropuerto, puerto y estaciones de tren.\u00a0A parte de estas opciones tambi\u00e9n queremos hacer su estancia lo m\u00e1s c\u00f3moda y agradable posible ofreci\u00e9ndole <strong>traslados ciudad<\/strong>, una soluci\u00f3n a su medida para todos sus desplazamientos.<\/span><\/p>\n[\/vc_column_text][mk_padding_divider size=\u00bb24&#8243;][mk_button dimension=\u00bboutline\u00bb corner_style=\u00bbfull_rounded\u00bb size=\u00bblarge\u00bb url=\u00bb\/servicios\/traslados\/\u00bb align=\u00bbcenter\u00bb outline_skin=\u00bbcustom\u00bb outline_active_color=\u00bb#80ccff\u00bb outline_active_text_color=\u00bb#80ccff\u00bb outline_hover_bg_color=\u00bb#ffffff\u00bb outline_hover_color=\u00bb#80ccff\u00bb]Leer M\u00e1s[\/mk_button][\/mk_custom_box][\/vc_column][vc_column width=\u00bb1\/3&#8243;][mk_custom_box corner_radius=\u00bb26&#8243; padding_vertical=\u00bb25&#8243; padding_horizental=\u00bb0&#8243; min_height=\u00bb400&#8243; background_style=\u00bbgradient_color\u00bb bg_grandient_color_from=\u00bbrgba(128,204,255,0.4)\u00bb bg_grandient_color_to=\u00bbrgba(80,108,109,0.4)\u00bb background_hov_color_style=\u00bbgradient_color\u00bb][vc_single_image image=\u00bb1794&#8243; img_size=\u00bb400&#215;250&#8243;][mk_title_box color=\u00bb#ffffff\u00bb font_weight=\u00bbbold\u00bb font_family=\u00bbnone\u00bb]\n<h3 style=\"text-align: center;\"><span style=\"color: #ffffff;\">VISITAS<\/span><\/h3>\n[\/mk_title_box][vc_column_text css=\u00bb.vc_custom_1521457059773{margin-bottom: 0px !important;}\u00bb]\n<p style=\"padding-left: 30px;\"><span style=\"color: #ffffff;\">D\u00e9jese llevar de la mano de Diagonal Mar Limousines y conozca los principales puntos tur\u00edsticos de Catalu\u00f1a. Le organizaremos rutas a medida acorde a sus gustos e inquietudes. Le podemos proponer un tour por los principales lugares de inter\u00e9s o bien cu\u00e9ntenos lo que desea visitar y le dise\u00f1aremos un tour especial solo para ustedes.<\/span><\/p>\n[\/vc_column_text][mk_padding_divider size=\u00bb20&#8243;][mk_button dimension=\u00bboutline\u00bb corner_style=\u00bbfull_rounded\u00bb size=\u00bblarge\u00bb url=\u00bb\/servicois\/visitas\/\u00bb align=\u00bbcenter\u00bb outline_skin=\u00bbcustom\u00bb outline_active_color=\u00bb#80ccff\u00bb outline_active_text_color=\u00bb#80ccff\u00bb outline_hover_bg_color=\u00bb#ffffff\u00bb outline_hover_color=\u00bb#80ccff\u00bb]Leer M\u00e1s[\/mk_button][\/mk_custom_box][mk_padding_divider size=\u00bb20&#8243;][\/vc_column][vc_column width=\u00bb1\/3&#8243;][mk_custom_box corner_radius=\u00bb26&#8243; padding_vertical=\u00bb25&#8243; padding_horizental=\u00bb0&#8243; min_height=\u00bb400&#8243; background_style=\u00bbgradient_color\u00bb bg_grandient_color_from=\u00bbrgba(128,204,255,0.4)\u00bb bg_grandient_color_to=\u00bbrgba(80,108,109,0.4)\u00bb background_hov_color_style=\u00bbgradient_color\u00bb][vc_single_image image=\u00bb1806&#8243; img_size=\u00bb400&#215;250&#8243;][mk_title_box color=\u00bb#ffffff\u00bb font_weight=\u00bbbold\u00bb font_family=\u00bbnone\u00bb]\n<h3 style=\"text-align: center;\"><span style=\"color: #ffffff;\">CONGRESOS<\/span><\/h3>\n[\/mk_title_box][vc_column_text css=\u00bb.vc_custom_1521457077218{margin-bottom: 0px !important;}\u00bb]\n<p style=\"padding-left: 30px;\"><span style=\"color: #ffffff;\">Como expertos en gesti\u00f3n de grupos para eventos le aconsejaremos siempre la mejor opci\u00f3n para atender a sus clientes. Desde oficina se gestionar\u00e1 todos los detalles necesarios (monitorizaci\u00f3n de vuelos, cruceros o trenes, terminales\u2026) y nuestros conductores ser\u00e1n la primera impresi\u00f3n de su empresa, con la garant\u00eda de su profesionalidad, puntualidad y discreci\u00f3n.<\/span><\/p>\n[\/vc_column_text][mk_button dimension=\u00bboutline\u00bb corner_style=\u00bbfull_rounded\u00bb size=\u00bblarge\u00bb url=\u00bb\/servicios\/congresos\/\u00bb align=\u00bbcenter\u00bb outline_skin=\u00bbcustom\u00bb outline_active_color=\u00bb#80ccff\u00bb outline_active_text_color=\u00bb#80ccff\u00bb outline_hover_bg_color=\u00bb#ffffff\u00bb outline_hover_color=\u00bb#80ccff\u00bb]Leer M\u00e1s[\/mk_button][\/mk_custom_box][\/vc_column][vc_column][\/vc_column][vc_column width=\u00bb1\/3&#8243;][mk_custom_box corner_radius=\u00bb26&#8243; padding_vertical=\u00bb25&#8243; padding_horizental=\u00bb0&#8243; min_height=\u00bb400&#8243; background_style=\u00bbgradient_color\u00bb bg_grandient_color_from=\u00bbrgba(128,204,255,0.4)\u00bb bg_grandient_color_to=\u00bbrgba(80,108,109,0.4)\u00bb background_hov_color_style=\u00bbgradient_color\u00bb][vc_single_image image=\u00bb1798&#8243; img_size=\u00bb400&#215;250&#8243;][mk_title_box color=\u00bb#ffffff\u00bb font_weight=\u00bbbold\u00bb font_family=\u00bbnone\u00bb]\n<h3 style=\"text-align: center;\"><span style=\"color: #ffffff;\">BODAS<\/span><\/h3>\n[\/mk_title_box][vc_column_text css=\u00bb.vc_custom_1521457027336{margin-bottom: 0px !important;}\u00bb]\n<p style=\"text-align: left; padding-left: 30px;\"><span style=\"color: #ffffff;\">Diagonal Mar Limousines les ofrece la soluci\u00f3n de transporte para su gran d\u00eda. Ponemos a su disposici\u00f3n coches de alta gama totalmente equipados para los novios y veh\u00edculos de mayor capacidad para los invitados. De la mano de nuestros conductores les haremos disfrutar de su d\u00eda con la garant\u00eda de un servicio profesional y de calidad.<\/span><\/p>\n[\/vc_column_text][mk_padding_divider size=\u00bb25&#8243;][mk_button dimension=\u00bboutline\u00bb corner_style=\u00bbfull_rounded\u00bb size=\u00bblarge\u00bb url=\u00bb\/servicios\/bodas\/\u00bb align=\u00bbcenter\u00bb outline_skin=\u00bbcustom\u00bb outline_active_color=\u00bb#80ccff\u00bb outline_active_text_color=\u00bb#80ccff\u00bb outline_hover_bg_color=\u00bb#ffffff\u00bb outline_hover_color=\u00bb#80ccff\u00bb]Leer M\u00e1s[\/mk_button][\/mk_custom_box][\/vc_column][vc_column width=\u00bb1\/3&#8243;][mk_custom_box corner_radius=\u00bb26&#8243; padding_vertical=\u00bb25&#8243; padding_horizental=\u00bb0&#8243; min_height=\u00bb400&#8243; background_style=\u00bbgradient_color\u00bb bg_grandient_color_from=\u00bbrgba(128,204,255,0.4)\u00bb bg_grandient_color_to=\u00bbrgba(80,108,109,0.4)\u00bb background_hov_color_style=\u00bbgradient_color\u00bb][vc_single_image image=\u00bb2004&#8243; img_size=\u00bb400&#215;250&#8243;][mk_title_box color=\u00bb#ffffff\u00bb font_weight=\u00bbbold\u00bb font_family=\u00bbnone\u00bb]\n<h3 style=\"text-align: center;\"><span style=\"color: #ffffff;\">SERVICIOS A MEDIDA\u00a0<\/span><\/h3>\n[\/mk_title_box][vc_column_text css=\u00bb.vc_custom_1521457039757{margin-bottom: 0px !important;}\u00bb]\n<p style=\"padding-left: 30px; text-align: left;\"><span style=\"color: #ffffff;\">En Diagonal Mar Limousines sabemos que cada cliente es diferente, por eso les ofrecemos la posibilidad de tener un servicio acorde a sus necesidades. Sabemos que en la vida hay momentos que queremos compartir con los nuestros, por eso, somos flexibles en nuestros servicios. \u00a1Queremos ser parte de vuestro viaje!<\/span><\/p>\n[\/vc_column_text][mk_padding_divider size=\u00bb25&#8243;][mk_button dimension=\u00bboutline\u00bb corner_style=\u00bbfull_rounded\u00bb size=\u00bblarge\u00bb url=\u00bb\/servicios\/servicios-a-medida\/\u00bb align=\u00bbcenter\u00bb outline_skin=\u00bbcustom\u00bb outline_active_color=\u00bb#80ccff\u00bb outline_active_text_color=\u00bb#80ccff\u00bb outline_hover_bg_color=\u00bb#ffffff\u00bb outline_hover_color=\u00bb#80ccff\u00bb]Leer M\u00e1s[\/mk_button][\/mk_custom_box][mk_padding_divider size=\u00bb20&#8243;][\/vc_column][vc_column width=\u00bb1\/3&#8243;][mk_custom_box corner_radius=\u00bb26&#8243; padding_vertical=\u00bb25&#8243; padding_horizental=\u00bb0&#8243; min_height=\u00bb400&#8243; background_style=\u00bbgradient_color\u00bb bg_grandient_color_from=\u00bbrgba(128,204,255,0.4)\u00bb bg_grandient_color_to=\u00bbrgba(80,108,109,0.4)\u00bb background_hov_color_style=\u00bbgradient_color\u00bb][vc_single_image image=\u00bb1786&#8243; img_size=\u00bb400&#215;250&#8243;][mk_title_box color=\u00bb#ffffff\u00bb font_weight=\u00bbbold\u00bb font_family=\u00bbnone\u00bb]\n<h3 style=\"text-align: center;\"><span style=\"color: #ffffff;\">EVENTOS DEPORTIVOS<\/span><\/h3>\n[\/mk_title_box][vc_column_text css=\u00bb.vc_custom_1521457091030{margin-bottom: 0px !important;}\u00bb]\n<p style=\"padding-left: 30px;\"><span style=\"color: #ffffff;\">La agenda deportiva en Barcelona es muy variada. En f\u00fatbol, La Liga, La Champions League, pero tambi\u00e9n les esperan Mundiales de Motociclismo y Formula 1\u2026. Atr\u00e9vase a sentir la emoci\u00f3n del momento y d\u00e9jenos contribuir en ello. Diagonal Mar Limousines har\u00e1 que no se preocupe en c\u00f3mo llegar o donde aparcar, nuestros conductores se cargar\u00e1n de todo. \u00a1Venga, disfrute y celebre su victoria!<\/span><\/p>\n[\/vc_column_text][mk_button dimension=\u00bboutline\u00bb corner_style=\u00bbfull_rounded\u00bb size=\u00bblarge\u00bb url=\u00bb\/servicios\/eventos-deportivos\/\u00bb align=\u00bbcenter\u00bb outline_skin=\u00bbcustom\u00bb outline_active_color=\u00bb#80ccff\u00bb outline_active_text_color=\u00bb#80ccff\u00bb outline_hover_bg_color=\u00bb#ffffff\u00bb outline_hover_color=\u00bb#80ccff\u00bb]Leer M\u00e1s[\/mk_button][\/mk_custom_box][\/vc_column][\/mk_page_section]\n","protected":false},"excerpt":{"rendered":"<p>[mk_page_section bg_position=\u00bbcenter center\u00bb bg_repeat=\u00bbno-repeat\u00bb bg_stretch=\u00bbtrue\u00bb video_opacity=\u00bb0&#8243; full_width=\u00bbtrue\u00bb full_height=\u00bbtrue\u00bb intro_effect=\u00bbzoom_out\u00bb top_shape_color=\u00bb#ffffff\u00bb bottom_shape_color=\u00bb#ffffff\u00bb sidebar=\u00bbsidebar-1&#8243;][vc_column][mk_edge_slider first_el=\u00bbtrue\u00bb swiper_bg=\u00bb\u00bb order=\u00bbASC\u00bb height=\u00bb800&#8243; direction_nav=\u00bbround\u00bb skip_arrow=\u00bbfalse\u00bb][\/vc_column][\/mk_page_section][mk_page_section bg_image=\u00bbhttp:\/\/diagonalmarlimousines.com\/wp-content\/uploads\/2018\/02\/diagonal-mar-alquiler-coches-conductor-barcelona-31.jpg\u00bb attachment=\u00bbfixed\u00bb bg_position=\u00bbcenter center\u00bb bg_repeat=\u00bbno-repeat\u00bb bg_stretch=\u00bbtrue\u00bb video_mask=\u00bbtrue\u00bb video_color_mask=\u00bbrgba(0,33,94,0.75)\u00bb min_height=\u00bb500&#8243; full_height=\u00bbtrue\u00bb has_top_shape_divider=\u00bbtrue\u00bb top_shape_size=\u00bbsmall\u00bb top_shape_color=\u00bb#ffffff\u00bb bottom_shape_size=\u00bbsmall\u00bb bottom_shape_color=\u00bb#88ccff\u00bb sidebar=\u00bbsidebar-1&#8243;][vc_column][mk_fancy_title color=\u00bb#ffffff\u00bb size=\u00bb35&#8243; font_weight=\u00bbbold\u00bb font_style=\u00bbnormal\u00bb font_family=\u00bbnone\u00bb align=\u00bbcenter\u00bb]Servicios[\/mk_fancy_title][\/vc_column][vc_column width=\u00bb1\/3&#8243;][mk_custom_box corner_radius=\u00bb26&#8243; padding_vertical=\u00bb25&#8243; padding_horizental=\u00bb0&#8243; min_height=\u00bb400&#8243; background_style=\u00bbgradient_color\u00bb bg_grandient_color_from=\u00bbrgba(128,204,255,0.4)\u00bb bg_grandient_color_to=\u00bbrgba(80,108,109,0.4)\u00bb background_hov_color_style=\u00bbgradient_color\u00bb][vc_single_image image=\u00bb1790&#8243; img_size=\u00bb400&#215;250&#8243;][mk_title_box color=\u00bb#ffffff\u00bb font_weight=\u00bbbold\u00bb font_family=\u00bbnone\u00bb] TRASLADOS [&hellip;]<\/p>\n","protected":false},"author":1,"featured_media":0,"parent":0,"menu_order":0,"comment_status":"closed","ping_status":"closed","template":"","meta":{"footnotes":""},"class_list":["post-1572","page","type-page","status-publish","hentry"],"_links":{"self":[{"href":"https:\/\/www.diagonalmarlimousines.com\/es\/wp-json\/wp\/v2\/pages\/1572","targetHints":{"allow":["GET"]}}],"collection":[{"href":"https:\/\/www.diagonalmarlimousines.com\/es\/wp-json\/wp\/v2\/pages"}],"about":[{"href":"https:\/\/www.diagonalmarlimousines.com\/es\/wp-json\/wp\/v2\/types\/page"}],"author":[{"embeddable":true,"href":"https:\/\/www.diagonalmarlimousines.com\/es\/wp-json\/wp\/v2\/users\/1"}],"replies":[{"embeddable":true,"href":"https:\/\/www.diagonalmarlimousines.com\/es\/wp-json\/wp\/v2\/comments?post=1572"}],"version-history":[{"count":9,"href":"https:\/\/www.diagonalmarlimousines.com\/es\/wp-json\/wp\/v2\/pages\/1572\/revisions"}],"predecessor-version":[{"id":2570,"href":"https:\/\/www.diagonalmarlimousines.com\/es\/wp-json\/wp\/v2\/pages\/1572\/revisions\/2570"}],"wp:attachment":[{"href":"https:\/\/www.diagonalmarlimousines.com\/es\/wp-json\/wp\/v2\/media?parent=1572"}],"curies":[{"name":"wp","href":"https:\/\/api.w.org\/{rel}","templated":true}]}}