{"id":1582,"date":"2018-03-19T14:12:41","date_gmt":"2018-03-19T14:12:41","guid":{"rendered":"http:\/\/diagonalmarlimousines.com\/?page_id=1582\/"},"modified":"2018-11-26T17:01:07","modified_gmt":"2018-11-26T15:01:07","slug":"bodas","status":"publish","type":"page","link":"https:\/\/www.diagonalmarlimousines.com\/es\/servicios\/bodas\/","title":{"rendered":"Bodas"},"content":{"rendered":"[mk_page_section bg_position=\u00bbcenter center\u00bb bg_repeat=\u00bbno-repeat\u00bb bg_stretch=\u00bbtrue\u00bb video_opacity=\u00bb0&#8243; full_width=\u00bbtrue\u00bb top_shape_color=\u00bb#ffffff\u00bb has_bottom_shape_divider=\u00bbtrue\u00bb bottom_shape_size=\u00bbsmall\u00bb bottom_shape_color=\u00bb#ffffff\u00bb sidebar=\u00bbsidebar-1&#8243;][vc_column][mk_edge_slider first_el=\u00bbtrue\u00bb swiper_bg=\u00bb\u00bb orderby=\u00bbmenu_order\u00bb height=\u00bb1000&#8243; direction_nav=\u00bbround\u00bb skip_arrow=\u00bbfalse\u00bb slides=\u00bb2705, 2722&#8243;][\/vc_column][\/mk_page_section][mk_page_section bg_image=\u00bbhttp:\/\/diagonalmarlimousines.com\/wp-content\/uploads\/2018\/04\/transporte-bodas-diagonal-mar-limousines.jpg\u00bb bg_position=\u00bbcenter center\u00bb bg_repeat=\u00bbno-repeat\u00bb bg_stretch=\u00bbtrue\u00bb min_height=\u00bb600&#8243; full_width=\u00bbtrue\u00bb has_top_shape_divider=\u00bbtrue\u00bb top_shape_size=\u00bbsmall\u00bb top_shape_color=\u00bb#ffffff\u00bb has_bottom_shape_divider=\u00bbtrue\u00bb bottom_shape_size=\u00bbsmall\u00bb bottom_shape_color=\u00bb#ffffff\u00bb section_id=\u00bbBarcelona\u00bb sidebar=\u00bbsidebar-1&#8243;][vc_column width=\u00bb1\/2&#8243;][mk_padding_divider][mk_custom_box corner_radius=\u00bb15&#8243; padding_vertical=\u00bb50&#8243; background_style=\u00bbgradient_color\u00bb bg_grandient_color_from=\u00bb#00215e\u00bb bg_grandient_color_to=\u00bb#48ccfd\u00bb bg_gradient_color_angle=\u00bbdiagonal_left_bottom\u00bb background_hov_color_style=\u00bbgradient_color\u00bb][mk_fancy_title color=\u00bb#ffffff\u00bb size=\u00bb40&#8243; force_font_size=\u00bbtrue\u00bb size_smallscreen=\u00bb30&#8243; size_tablet=\u00bb25&#8243; size_phone=\u00bb20&#8243; font_family=\u00bbnone\u00bb]BODAS[\/mk_fancy_title][vc_column_text css=\u00bb.vc_custom_1521468704707{margin-bottom: 0px !important;}\u00bb]<span style=\"color: #ffffff;\">Diagonal Mar Limousines les ofrece la soluci\u00f3n de transporte para su gran d\u00eda. Ponemos a su disposici\u00f3n coches de alta gama totalmente equipados para los novios y veh\u00edculos de mayor capacidad para los invitados. De la mano de nuestros conductores les haremos disfrutar de su d\u00eda con la garant\u00eda de un servicio profesional y de calidad.<\/span><\/p>\n<p><span style=\"color: #ffffff;\">Adem\u00e1s, ofrecemos la posibilidad de decorar el veh\u00edculo nupcial a su gusto con flores en la bandeja trasera o ramilletes en las puertas.<\/span><\/p>\n<p><span style=\"color: #ffffff;\">H\u00e1ganos llegar su solicitud y le enviaremos nuestra mejor oferta. Nos sentimos privilegiadas cuando tenemos la oportunidad de formar parte de una boda. \u00a1Esperamos poder formar parte de la vuestra tambi\u00e9n!<\/span>[\/vc_column_text][vc_column_text][\/vc_column_text][mk_button corner_style=\u00bbfull_rounded\u00bb size=\u00bbmedium\u00bb url=\u00bb\/resrerva-online\u00bb]Reservar[\/mk_button][\/mk_custom_box][\/vc_column][vc_column width=\u00bb1\/2&#8243;][\/vc_column][\/mk_page_section]\n","protected":false},"excerpt":{"rendered":"<p>[mk_page_section bg_position=\u00bbcenter center\u00bb bg_repeat=\u00bbno-repeat\u00bb bg_stretch=\u00bbtrue\u00bb video_opacity=\u00bb0&#8243; full_width=\u00bbtrue\u00bb top_shape_color=\u00bb#ffffff\u00bb has_bottom_shape_divider=\u00bbtrue\u00bb bottom_shape_size=\u00bbsmall\u00bb bottom_shape_color=\u00bb#ffffff\u00bb sidebar=\u00bbsidebar-1&#8243;][vc_column][mk_edge_slider first_el=\u00bbtrue\u00bb swiper_bg=\u00bb\u00bb orderby=\u00bbmenu_order\u00bb height=\u00bb1000&#8243; direction_nav=\u00bbround\u00bb skip_arrow=\u00bbfalse\u00bb slides=\u00bb2705, 2722&#8243;][\/vc_column][\/mk_page_section][mk_page_section bg_image=\u00bbhttp:\/\/diagonalmarlimousines.com\/wp-content\/uploads\/2018\/04\/transporte-bodas-diagonal-mar-limousines.jpg\u00bb bg_position=\u00bbcenter center\u00bb bg_repeat=\u00bbno-repeat\u00bb bg_stretch=\u00bbtrue\u00bb min_height=\u00bb600&#8243; full_width=\u00bbtrue\u00bb has_top_shape_divider=\u00bbtrue\u00bb top_shape_size=\u00bbsmall\u00bb top_shape_color=\u00bb#ffffff\u00bb has_bottom_shape_divider=\u00bbtrue\u00bb bottom_shape_size=\u00bbsmall\u00bb bottom_shape_color=\u00bb#ffffff\u00bb section_id=\u00bbBarcelona\u00bb sidebar=\u00bbsidebar-1&#8243;][vc_column width=\u00bb1\/2&#8243;][mk_padding_divider][mk_custom_box corner_radius=\u00bb15&#8243; padding_vertical=\u00bb50&#8243; background_style=\u00bbgradient_color\u00bb bg_grandient_color_from=\u00bb#00215e\u00bb bg_grandient_color_to=\u00bb#48ccfd\u00bb bg_gradient_color_angle=\u00bbdiagonal_left_bottom\u00bb background_hov_color_style=\u00bbgradient_color\u00bb][mk_fancy_title color=\u00bb#ffffff\u00bb size=\u00bb40&#8243; force_font_size=\u00bbtrue\u00bb size_smallscreen=\u00bb30&#8243; size_tablet=\u00bb25&#8243; size_phone=\u00bb20&#8243; font_family=\u00bbnone\u00bb]BODAS[\/mk_fancy_title][vc_column_text css=\u00bb.vc_custom_1521468704707{margin-bottom: 0px !important;}\u00bb]Diagonal Mar Limousines [&hellip;]<\/p>\n","protected":false},"author":1,"featured_media":0,"parent":1572,"menu_order":0,"comment_status":"closed","ping_status":"closed","template":"","meta":{"footnotes":""},"class_list":["post-1582","page","type-page","status-publish","hentry"],"_links":{"self":[{"href":"https:\/\/www.diagonalmarlimousines.com\/es\/wp-json\/wp\/v2\/pages\/1582","targetHints":{"allow":["GET"]}}],"collection":[{"href":"https:\/\/www.diagonalmarlimousines.com\/es\/wp-json\/wp\/v2\/pages"}],"about":[{"href":"https:\/\/www.diagonalmarlimousines.com\/es\/wp-json\/wp\/v2\/types\/page"}],"author":[{"embeddable":true,"href":"https:\/\/www.diagonalmarlimousines.com\/es\/wp-json\/wp\/v2\/users\/1"}],"replies":[{"embeddable":true,"href":"https:\/\/www.diagonalmarlimousines.com\/es\/wp-json\/wp\/v2\/comments?post=1582"}],"version-history":[{"count":8,"href":"https:\/\/www.diagonalmarlimousines.com\/es\/wp-json\/wp\/v2\/pages\/1582\/revisions"}],"predecessor-version":[{"id":2757,"href":"https:\/\/www.diagonalmarlimousines.com\/es\/wp-json\/wp\/v2\/pages\/1582\/revisions\/2757"}],"up":[{"embeddable":true,"href":"https:\/\/www.diagonalmarlimousines.com\/es\/wp-json\/wp\/v2\/pages\/1572"}],"wp:attachment":[{"href":"https:\/\/www.diagonalmarlimousines.com\/es\/wp-json\/wp\/v2\/media?parent=1582"}],"curies":[{"name":"wp","href":"https:\/\/api.w.org\/{rel}","templated":true}]}}