{"id":3124,"date":"2019-12-02T13:41:09","date_gmt":"2019-12-02T11:41:09","guid":{"rendered":"https:\/\/www.diagonalmarlimousines.com\/?page_id=3124"},"modified":"2019-12-02T14:04:21","modified_gmt":"2019-12-02T12:04:21","slug":"politica-medioambiental","status":"publish","type":"page","link":"https:\/\/www.diagonalmarlimousines.com\/es\/politica-medioambiental\/","title":{"rendered":"Pol\u00edtica medioambiental"},"content":{"rendered":"<div class=\"wpb-content-wrapper\">[vc_row][vc_column][vc_column_text css=\u00bb.vc_custom_1575287500563{margin-bottom: 0px !important;}\u00bb]\n<h2>Pol\u00edtica de concienciaci\u00f3n medioambiental<\/h2>\n<p style=\"text-align: justify;\">Diagonal Mar Limousines se suma a la concienciaci\u00f3n medioambiental adaptando todas sus actividades a su compromiso con el cuidado del medioambiente y la prevenci\u00f3n de la contaminaci\u00f3n mediante sistemas de control, ahorro y reciclaje adem\u00e1s de la adquisici\u00f3n de nueva flota energ\u00e9ticamente eficiente.<\/p>\n<p style=\"text-align: justify;\">Orgullosos de haber tomado esta decisi\u00f3n, hacemos part\u00edcipes de los compromisos adquiridos a todas las personas relacionadas con nuestra empresa: personal, clientes, proveedores.<\/p>\n<h3>Compromiso de seguridad<\/h3>\n<p style=\"text-align: justify;\">Unas de las principales preocupaciones de Diagonal Mar Limousines es la seguridad para sus clientes y empleados. Por esta raz\u00f3n se mantienen de manera constante las pr\u00e1cticas de prevenci\u00f3n y reducci\u00f3n de los riesgos viales, por ello la Gerencia se compromete a establecer mecanismos y controles para la promoci\u00f3n y prevenci\u00f3n de accidentes en v\u00eda p\u00fablica y privada.<\/p>\n<p style=\"text-align: justify;\">Por tanto, las personas que prestan sus servicios de manera directa o indirecta para Diagonal<br \/>\nMar Limousines, son responsables en el cumplimiento de los requisitos que se desarrollen y programen para la mitigaci\u00f3n de los accidentes de tr\u00e1fico que se puedan presentar en la operaci\u00f3n y que afecten a las personas, equipos, las instalaciones o el medioambiente.<\/p>\n<h3>Compromiso de Calidad<\/h3>\n<p style=\"text-align: justify;\">El principal objetivo de Diagonal Mari Limousines es ofrecer la m\u00e1xima calidad en sus servicios cumpliendo las expectativas de nuestros clientes pudiendo llegar a anticiparnos a ellas. Por esta raz\u00f3n contamos con un equipo con un gran conocimiento en el sector en el que operamos actuando siempre con profesionalismo buscando la excelencia. Apostamos por la mejora constante en todas las \u00e1reas de nuestra actividad y nuestra gesti\u00f3n interna, evaluando nuestro impacto medioambiental con el fin de reducirlo.<\/p>\n<h3>Imagen corporativa<\/h3>\n<p style=\"text-align: justify;\">Diagonal Mar Limousines es sin\u00f3nimo de calidad y compromiso con el cliente, lo que nos otorga una clara ventaja competitiva en el sector. Todo ello gracias a nuestro equipo que a diario trabaja con la m\u00e1xima responsabilidad y \u00e9tica profesional para fortalecer nuestra marca, cuidarla y otorgarle el reconocimiento recibido actualmente. Cumplimos todos los requisitos legales, reglamentarios y suscritos voluntariamente a nuestras actividades y relacionados con aspectos medioambientales.<\/p>\n<h3>Innovaci\u00f3n<\/h3>\n<p style=\"text-align: justify;\">Diagonal Mar Limousines apuesta por la mejora e innovaci\u00f3n tecnol\u00f3gica como principal impulso de crecimiento y sostenibilidad. Estar atentos a cambios constantes del mercado tomando decisiones sobre una informaci\u00f3n actualizada nos permite anticiparnos a nuestros competidores. Convencidos que con una acci\u00f3n comercial continuada para promocionar nuestros servicios y una atenci\u00f3n al cliente exquisita, son las claves para la constante mejora y evoluci\u00f3n de nuestra empresa.<\/p>\n<h3>Seguridad laboral<\/h3>\n<p style=\"text-align: justify;\">Consciente de la esencial sensibilidad en materia de salud del colectivo de trabajadores, Diagonal Mar Limousines asume su compromiso con la Prevenci\u00f3n de Riesgos Laborales en todas sus actuaciones, como uno de los principios integradores de su Pol\u00edtica empresarial. Es por ello que, dentro de las actividades de subcontrataci\u00f3n que presta, fundamentalmente en el sector de transporte de viajeros por carretera, integra un Sistema de Gesti\u00f3n de Prevenci\u00f3n de Riesgos Laborales.<\/p>\n<h3>Nuestras metas<\/h3>\n<p style=\"text-align: justify;\">Los principales objetivos de Diagonal Mar Limousines son ofrecer la m\u00e1xima calidad en los servicios a nuestros clientes con el fin de crear una marca reconocida en el sector y en todo el<br \/>\n\u00e1mbito espa\u00f1ol. Ayudados por nuestro equipo humano de profesionales y nuestra flota de veh\u00edculos en la que cada vez existen m\u00e1s veh\u00edculos con bajas emisiones de CO2 y el\u00e9ctricos.<\/p>\n[\/vc_column_text][\/vc_column][\/vc_row]\n<\/div>","protected":false},"excerpt":{"rendered":"<p>[vc_row][vc_column][vc_column_text css=\u00bb.vc_custom_1575287500563{margin-bottom: 0px !important;}\u00bb] Pol\u00edtica de concienciaci\u00f3n medioambiental Diagonal Mar Limousines se suma a la concienciaci\u00f3n medioambiental adaptando todas sus actividades a su compromiso con el cuidado del medioambiente y la prevenci\u00f3n de la contaminaci\u00f3n mediante sistemas de control, ahorro y reciclaje adem\u00e1s de la adquisici\u00f3n de nueva flota energ\u00e9ticamente eficiente. Orgullosos de haber tomado [&hellip;]<\/p>\n","protected":false},"author":1,"featured_media":0,"parent":0,"menu_order":0,"comment_status":"closed","ping_status":"closed","template":"","meta":{"footnotes":""},"class_list":["post-3124","page","type-page","status-publish","hentry"],"_links":{"self":[{"href":"https:\/\/www.diagonalmarlimousines.com\/es\/wp-json\/wp\/v2\/pages\/3124","targetHints":{"allow":["GET"]}}],"collection":[{"href":"https:\/\/www.diagonalmarlimousines.com\/es\/wp-json\/wp\/v2\/pages"}],"about":[{"href":"https:\/\/www.diagonalmarlimousines.com\/es\/wp-json\/wp\/v2\/types\/page"}],"author":[{"embeddable":true,"href":"https:\/\/www.diagonalmarlimousines.com\/es\/wp-json\/wp\/v2\/users\/1"}],"replies":[{"embeddable":true,"href":"https:\/\/www.diagonalmarlimousines.com\/es\/wp-json\/wp\/v2\/comments?post=3124"}],"version-history":[{"count":4,"href":"https:\/\/www.diagonalmarlimousines.com\/es\/wp-json\/wp\/v2\/pages\/3124\/revisions"}],"predecessor-version":[{"id":3128,"href":"https:\/\/www.diagonalmarlimousines.com\/es\/wp-json\/wp\/v2\/pages\/3124\/revisions\/3128"}],"wp:attachment":[{"href":"https:\/\/www.diagonalmarlimousines.com\/es\/wp-json\/wp\/v2\/media?parent=3124"}],"curies":[{"name":"wp","href":"https:\/\/api.w.org\/{rel}","templated":true}]}}