{"id":3235,"date":"2020-01-16T12:52:53","date_gmt":"2020-01-16T10:52:53","guid":{"rendered":"https:\/\/www.diagonalmarlimousines.com\/?page_id=3235"},"modified":"2020-01-16T13:35:37","modified_gmt":"2020-01-16T11:35:37","slug":"biosphere","status":"publish","type":"page","link":"https:\/\/www.diagonalmarlimousines.com\/es\/biosphere\/","title":{"rendered":"Biosphere"},"content":{"rendered":"<div class=\"wpb-content-wrapper\">[vc_row][vc_column css=\u00bb.vc_custom_1579174233630{background-color: #1daaba !important;}\u00bb][vc_column_text css=\u00bb.vc_custom_1579174254813{margin-bottom: 0px !important;}\u00bb]\n<h2><span style=\"color: #ffffff;\">BIOSPHERE<\/span><\/h2>\n[\/vc_column_text][vc_row_inner][vc_column_inner css=\u00bb.vc_custom_1579174536161{background-color: #ffffff !important;}\u00bb][vc_empty_space][\/vc_column_inner][\/vc_row_inner][\/vc_column][\/vc_row][vc_row][vc_column width=\u00bb1\/2&#8243; css=\u00bb.vc_custom_1579163827052{padding-top: 15px !important;padding-right: 15px !important;padding-bottom: 15px !important;padding-left: 15px !important;background-color: #1daaba !important;}\u00bb][vc_column_text css=\u00bb.vc_custom_1579169721106{margin-bottom: 0px !important;}\u00bb]\n<h3><span style=\"color: #ffffff;\">Diagonal Mar Limousines y Biosphere<\/span><\/h3>\n<p style=\"text-align: justify;\"><span style=\"color: #ffffff;\">Diagonalmarlimousines.com se une al Instituto de Turismo Responsable (RTI) es una organizaci\u00f3n independiente con presencia internacional que promueve, desde hace m\u00e1s de 20 a\u00f1os, el turismo responsable a nivel internacional, ayudando a todos los actores implicados en el sector tur\u00edstico a desarrollar una nueva forma de viajar y de conocer nuestro Planeta. Es miembro afiliado de la Organizaci\u00f3n Mundial del Turismo (OMT) y miembro fundador del Consejo Global de Turismo Sostenible (GSTC).<\/span><\/p>\n<p><span style=\"color: #ffffff;\">Mediante el Sistema de Turismo Responsable (STR), el RTI fomenta la sostenibilidad desde una perspectiva global e integradora, enfoc\u00e1ndose en la medici\u00f3n que el sector tur\u00edstico debe y puede hacer para lograr un turismo sostenible, inclusivo y que luche contra el cambio clim\u00e1tico.<\/span><\/p>\n<h3 style=\"text-align: left;\"><span style=\"color: #ffffff;\">Sistema de turismo responsable<\/span><\/h3>\n<p style=\"text-align: justify;\"><span style=\"color: #ffffff;\">El logotipo y los sellos Biosphere\u00a9 constituyen<br \/>\nuna marca de confianza mundial que ayuda a las empresas, consumidores, propietarios y gestores tur\u00edsticos y otras partes interesadas a identificar y promover bienes y productos procedentes de proveedores tur\u00edsticos gestionados de forma sostenible.<\/span><\/p>\n<p style=\"text-align: justify;\"><span style=\"color: #ffffff;\">La demanda de la certificaci\u00f3n Biosphere\u00a9 ha ido creciendo de forma constante a lo largo delos \u00faltimos a\u00f1os, a medida que el p\u00fablico general reconoce el potencial que la responsabilidad tur\u00edstica tiene para vivir experiencias \u00fanicas y sostenibles, favoreciendo el cumplimiento de los 17 Objetivos de Naciones Unidas el Desarrollo.<\/span><\/p>\n<p style=\"text-align: justify;\"><span style=\"color: #ffffff;\">Hoy en d\u00eda, el Responsible Tourism Institute es la mayor organizaci\u00f3n mundial de certificaci\u00f3n en turismo sostenible, con representaci\u00f3n internacional y m\u00e1xima garant\u00eda.<\/span><\/p>\n[\/vc_column_text][\/vc_column][vc_column width=\u00bb1\/2&#8243;][vc_empty_space height=\u00bb35px\u00bb][vc_single_image image=\u00bb3222&#8243; img_size=\u00bbfull\u00bb alignment=\u00bbcenter\u00bb][\/vc_column][\/vc_row]\n<\/div>","protected":false},"excerpt":{"rendered":"<p>[vc_row][vc_column css=\u00bb.vc_custom_1579174233630{background-color: #1daaba !important;}\u00bb][vc_column_text css=\u00bb.vc_custom_1579174254813{margin-bottom: 0px !important;}\u00bb] BIOSPHERE [\/vc_column_text][vc_row_inner][vc_column_inner css=\u00bb.vc_custom_1579174536161{background-color: #ffffff !important;}\u00bb][vc_empty_space][\/vc_column_inner][\/vc_row_inner][\/vc_column][\/vc_row][vc_row][vc_column width=\u00bb1\/2&#8243; css=\u00bb.vc_custom_1579163827052{padding-top: 15px !important;padding-right: 15px !important;padding-bottom: 15px !important;padding-left: 15px !important;background-color: #1daaba !important;}\u00bb][vc_column_text css=\u00bb.vc_custom_1579169721106{margin-bottom: 0px !important;}\u00bb] Diagonal Mar Limousines y Biosphere Diagonalmarlimousines.com se une al Instituto de Turismo Responsable (RTI) es una organizaci\u00f3n independiente con presencia internacional que promueve, desde hace m\u00e1s de 20 [&hellip;]<\/p>\n","protected":false},"author":1,"featured_media":0,"parent":0,"menu_order":0,"comment_status":"closed","ping_status":"closed","template":"","meta":{"footnotes":""},"class_list":["post-3235","page","type-page","status-publish","hentry"],"_links":{"self":[{"href":"https:\/\/www.diagonalmarlimousines.com\/es\/wp-json\/wp\/v2\/pages\/3235","targetHints":{"allow":["GET"]}}],"collection":[{"href":"https:\/\/www.diagonalmarlimousines.com\/es\/wp-json\/wp\/v2\/pages"}],"about":[{"href":"https:\/\/www.diagonalmarlimousines.com\/es\/wp-json\/wp\/v2\/types\/page"}],"author":[{"embeddable":true,"href":"https:\/\/www.diagonalmarlimousines.com\/es\/wp-json\/wp\/v2\/users\/1"}],"replies":[{"embeddable":true,"href":"https:\/\/www.diagonalmarlimousines.com\/es\/wp-json\/wp\/v2\/comments?post=3235"}],"version-history":[{"count":4,"href":"https:\/\/www.diagonalmarlimousines.com\/es\/wp-json\/wp\/v2\/pages\/3235\/revisions"}],"predecessor-version":[{"id":3252,"href":"https:\/\/www.diagonalmarlimousines.com\/es\/wp-json\/wp\/v2\/pages\/3235\/revisions\/3252"}],"wp:attachment":[{"href":"https:\/\/www.diagonalmarlimousines.com\/es\/wp-json\/wp\/v2\/media?parent=3235"}],"curies":[{"name":"wp","href":"https:\/\/api.w.org\/{rel}","templated":true}]}}