{"id":5,"date":"2016-11-29T07:58:13","date_gmt":"2016-11-29T07:58:13","guid":{"rendered":"http:\/\/demos.artbees.net\/jupiter5\/jiva\/?page_id=5"},"modified":"2019-11-01T20:14:12","modified_gmt":"2019-11-01T18:14:12","slug":"nuestra-flota","status":"publish","type":"page","link":"https:\/\/www.diagonalmarlimousines.com\/es\/nuestra-flota\/","title":{"rendered":"Nuestra Flota"},"content":{"rendered":"<div class=\"wpb-content-wrapper\">[vc_row fullwidth=\u00bbtrue\u00bb][vc_column][mk_edge_slider first_el=\u00bbtrue\u00bb swiper_bg=\u00bb\u00bb order=\u00bbASC\u00bb full_height=\u00bbfalse\u00bb height=\u00bb800&#8243; direction_nav=\u00bbround\u00bb skip_arrow=\u00bbfalse\u00bb][\/vc_column][\/vc_row][vc_row][vc_column width=\u00bb2\/12&#8243;][\/vc_column][vc_column width=\u00bb8\/12&#8243;][mk_padding_divider size=\u00bb73&#8243;][vc_column_text css=\u00bb.vc_custom_1522745274025{margin-bottom: 0px !important;}\u00bb]Viaja de la forma m\u00e1s segura, elegante y confortable con la flota de Diagonal Mar Limousines. Todos nuestros veh\u00edculos de lujo y nuestros autocares han sido meticulosamente seleccionados entre los principales fabricantes como Mercedes, Scania o Volvo.[\/vc_column_text][mk_padding_divider size=\u00bb73&#8243;][\/vc_column][vc_column width=\u00bb2\/12&#8243;][\/vc_column][\/vc_row][vc_row fullwidth=\u00bbtrue\u00bb attached=\u00bbtrue\u00bb][vc_column width=\u00bb2\/4&#8243;][vc_row_inner][vc_column_inner width=\u00bb2\/4&#8243;][mk_custom_box padding_vertical=\u00bb0&#8243; padding_horizental=\u00bb40&#8243; margin_bottom=\u00bb0&#8243; min_height=\u00bb185&#8243; background_style=\u00bbgradient_color\u00bb bg_grandient_color_from=\u00bb#000000&#8243; bg_grandient_color_to=\u00bb#777777&#8243; bg_gradient_color_angle=\u00bbdiagonal_left_bottom\u00bb background_hov_color_style=\u00bbgradient_color\u00bb][mk_padding_divider size=\u00bb26&#8243;][mk_font_icons icon=\u00bbmk-moon-user\u00bb color=\u00bb#ffffff\u00bb size=\u00bblarge\u00bb margin_horizental=\u00bb10&#8243; margin_vertical=\u00bb10&#8243; align=\u00bbcenter\u00bb animation=\u00bbtop-to-bottom\u00bb][mk_fancy_title tag_name=\u00bbh4&#8243; color=\u00bb#ffffff\u00bb size=\u00bb20&#8243; force_font_size=\u00bbtrue\u00bb size_tablet=\u00bb20&#8243; size_phone=\u00bb25&#8243; font_weight=\u00bbbold\u00bb font_style=\u00bbnormal\u00bb txt_transform=\u00bbcapitalize\u00bb font_family=\u00bbRubik\u00bb font_type=\u00bbgoogle\u00bb align=\u00bbcenter\u00bb]3 Pasajeros[\/mk_fancy_title][\/mk_custom_box][\/vc_column_inner][vc_column_inner width=\u00bb1\/4&#8243;][mk_custom_box padding_vertical=\u00bb0&#8243; padding_horizental=\u00bb\u00bb margin_bottom=\u00bb\u00bb min_height=\u00bb185&#8243; bg_color=\u00bb#48ccfd\u00bb background_hov_color_style=\u00bbimage\u00bb][mk_padding_divider size=\u00bb26&#8243;][mk_font_icons icon=\u00bbmk-moon-briefcase-2&#8243; color=\u00bb#ffffff\u00bb size=\u00bblarge\u00bb margin_horizental=\u00bb10&#8243; margin_vertical=\u00bb10&#8243; align=\u00bbcenter\u00bb animation=\u00bbtop-to-bottom\u00bb][mk_fancy_title tag_name=\u00bbh4&#8243; color=\u00bb#ffffff\u00bb force_font_size=\u00bbtrue\u00bb size_tablet=\u00bb20&#8243; size_phone=\u00bb25&#8243; font_weight=\u00bbbold\u00bb font_style=\u00bbnormal\u00bb txt_transform=\u00bbnone\u00bb font_family=\u00bbRubik\u00bb font_type=\u00bbgoogle\u00bb align=\u00bbcenter\u00bb]2 maletas[\/mk_fancy_title][\/mk_custom_box][\/vc_column_inner][vc_column_inner width=\u00bb1\/4&#8243;][mk_custom_box padding_vertical=\u00bb0&#8243; padding_horizental=\u00bb\u00bb margin_bottom=\u00bb0&#8243; min_height=\u00bb185&#8243; bg_color=\u00bb#48ccfd\u00bb][mk_padding_divider size=\u00bb42&#8243;][mk_font_icons icon=\u00bbmk-moon-briefcase-2&#8243; color=\u00bb#ffffff\u00bb size=\u00bbmedium\u00bb margin_horizental=\u00bb10&#8243; margin_vertical=\u00bb10&#8243; align=\u00bbcenter\u00bb animation=\u00bbtop-to-bottom\u00bb][mk_padding_divider size=\u00bb10&#8243;][mk_fancy_title tag_name=\u00bbh4&#8243; color=\u00bb#ffffff\u00bb force_font_size=\u00bbtrue\u00bb size_tablet=\u00bb20&#8243; size_phone=\u00bb25&#8243; font_weight=\u00bbbold\u00bb font_style=\u00bbnormal\u00bb txt_transform=\u00bbnone\u00bb font_family=\u00bbRubik\u00bb font_type=\u00bbgoogle\u00bb align=\u00bbcenter\u00bb]2 maletas[\/mk_fancy_title][\/mk_custom_box][\/vc_column_inner][\/vc_row_inner][mk_custom_box padding_vertical=\u00bb20&#8243; padding_horizental=\u00bb50&#8243; margin_bottom=\u00bb0&#8243;][mk_padding_divider size=\u00bb120&#8243;][mk_fancy_title color=\u00bb#00215e\u00bb size=\u00bb50&#8243; force_font_size=\u00bbtrue\u00bb size_tablet=\u00bb25&#8243; size_phone=\u00bb20&#8243; font_weight=\u00bbbolder\u00bb font_style=\u00bbnormal\u00bb font_family=\u00bbnone\u00bb animation=\u00bbfade-in\u00bb]Mercedes E Class[\/mk_fancy_title][vc_column_text css=\u00bb.vc_custom_1522745374755{margin-bottom: 0px !important;}\u00bb]Mercedes E Class: 3 personas 2 maletas est\u00e1ndar y 2 de cabina (color negro, asientos de piel, full equip)[\/vc_column_text][mk_custom_list style=\u00bbmk-moon-connection\u00bb align=\u00bbleft\u00bb]\n<ul>\n<li>WIFI<\/li>\n<\/ul>\n[\/mk_custom_list][\/mk_custom_box][\/vc_column][vc_column width=\u00bb2\/4&#8243;][mk_image_slideshow images=\u00bb2939,2950,2954&#8243; image_width=\u00bb1000&#8243; image_height=\u00bb700&#8243;][\/vc_column][\/vc_row][vc_row fullwidth=\u00bbtrue\u00bb attached=\u00bbtrue\u00bb][vc_column width=\u00bb2\/4&#8243;][vc_row_inner][vc_column_inner width=\u00bb2\/4&#8243;][mk_custom_box padding_vertical=\u00bb0&#8243; padding_horizental=\u00bb40&#8243; margin_bottom=\u00bb0&#8243; min_height=\u00bb185&#8243; background_style=\u00bbgradient_color\u00bb bg_grandient_color_from=\u00bb#000000&#8243; bg_grandient_color_to=\u00bb#777777&#8243; bg_gradient_color_angle=\u00bbdiagonal_left_bottom\u00bb background_hov_color_style=\u00bbgradient_color\u00bb][mk_padding_divider size=\u00bb26&#8243;][mk_font_icons icon=\u00bbmk-moon-user\u00bb color=\u00bb#ffffff\u00bb size=\u00bblarge\u00bb margin_horizental=\u00bb10&#8243; margin_vertical=\u00bb10&#8243; align=\u00bbcenter\u00bb animation=\u00bbtop-to-bottom\u00bb][mk_fancy_title tag_name=\u00bbh4&#8243; color=\u00bb#ffffff\u00bb size=\u00bb20&#8243; force_font_size=\u00bbtrue\u00bb size_tablet=\u00bb20&#8243; size_phone=\u00bb25&#8243; font_weight=\u00bbbold\u00bb font_style=\u00bbnormal\u00bb txt_transform=\u00bbcapitalize\u00bb font_family=\u00bbRubik\u00bb font_type=\u00bbgoogle\u00bb align=\u00bbcenter\u00bb]3 Pasajeros[\/mk_fancy_title][\/mk_custom_box][\/vc_column_inner][vc_column_inner width=\u00bb1\/4&#8243;][mk_custom_box padding_vertical=\u00bb0&#8243; padding_horizental=\u00bb\u00bb margin_bottom=\u00bb\u00bb min_height=\u00bb185&#8243; bg_color=\u00bb#48ccfd\u00bb background_hov_color_style=\u00bbimage\u00bb][mk_padding_divider size=\u00bb26&#8243;][mk_font_icons icon=\u00bbmk-moon-briefcase-2&#8243; color=\u00bb#ffffff\u00bb size=\u00bblarge\u00bb margin_horizental=\u00bb10&#8243; margin_vertical=\u00bb10&#8243; align=\u00bbcenter\u00bb animation=\u00bbtop-to-bottom\u00bb][mk_fancy_title tag_name=\u00bbh4&#8243; color=\u00bb#ffffff\u00bb force_font_size=\u00bbtrue\u00bb size_tablet=\u00bb20&#8243; size_phone=\u00bb25&#8243; font_weight=\u00bbbold\u00bb font_style=\u00bbnormal\u00bb txt_transform=\u00bbnone\u00bb font_family=\u00bbRubik\u00bb font_type=\u00bbgoogle\u00bb align=\u00bbcenter\u00bb]2 maletas[\/mk_fancy_title][\/mk_custom_box][\/vc_column_inner][vc_column_inner width=\u00bb1\/4&#8243;][mk_custom_box padding_vertical=\u00bb0&#8243; padding_horizental=\u00bb\u00bb margin_bottom=\u00bb0&#8243; min_height=\u00bb185&#8243; bg_color=\u00bb#48ccfd\u00bb][mk_padding_divider size=\u00bb42&#8243;][mk_font_icons icon=\u00bbmk-moon-briefcase-2&#8243; color=\u00bb#ffffff\u00bb size=\u00bbmedium\u00bb margin_horizental=\u00bb10&#8243; margin_vertical=\u00bb10&#8243; align=\u00bbcenter\u00bb animation=\u00bbtop-to-bottom\u00bb][mk_padding_divider size=\u00bb10&#8243;][mk_fancy_title tag_name=\u00bbh4&#8243; color=\u00bb#ffffff\u00bb force_font_size=\u00bbtrue\u00bb size_tablet=\u00bb20&#8243; size_phone=\u00bb25&#8243; font_weight=\u00bbbold\u00bb font_style=\u00bbnormal\u00bb txt_transform=\u00bbnone\u00bb font_family=\u00bbRubik\u00bb font_type=\u00bbgoogle\u00bb align=\u00bbcenter\u00bb]2 maletas[\/mk_fancy_title][\/mk_custom_box][\/vc_column_inner][\/vc_row_inner][mk_custom_box padding_vertical=\u00bb20&#8243; padding_horizental=\u00bb50&#8243; margin_bottom=\u00bb0&#8243; min_height=\u00bb200&#8243;][mk_padding_divider size=\u00bb120&#8243;][mk_fancy_title color=\u00bb#00215e\u00bb size=\u00bb50&#8243; force_font_size=\u00bbtrue\u00bb size_tablet=\u00bb25&#8243; size_phone=\u00bb20&#8243; font_weight=\u00bbbolder\u00bb font_style=\u00bbnormal\u00bb font_family=\u00bbnone\u00bb animation=\u00bbfade-in\u00bb]Mercedes S Class[\/mk_fancy_title][vc_column_text css=\u00bb.vc_custom_1522745409168{margin-bottom: 0px !important;}\u00bb]Mercedes S Class: 3 personas 2 maletas est\u00e1ndar y 2 de cabina (color negro, asientos de piel, full equip, cortinas\/ lunas tintadas, mapa interactivo 3D)[\/vc_column_text][mk_custom_list style=\u00bbmk-moon-connection\u00bb align=\u00bbleft\u00bb]\n<ul>\n<li>WIFI<\/li>\n<\/ul>\n[\/mk_custom_list][\/mk_custom_box][\/vc_column][vc_column width=\u00bb2\/4&#8243;][mk_image_slideshow images=\u00bb2944,2961,2965&#8243; image_width=\u00bb1000&#8243; image_height=\u00bb700&#8243; smooth_height=\u00bbfalse\u00bb][\/vc_column][\/vc_row][vc_row fullwidth=\u00bbtrue\u00bb attached=\u00bbtrue\u00bb][vc_column width=\u00bb2\/4&#8243;][vc_row_inner][vc_column_inner width=\u00bb2\/4&#8243;][mk_custom_box padding_vertical=\u00bb10&#8243; padding_horizental=\u00bb40&#8243; margin_bottom=\u00bb0&#8243; min_height=\u00bb185&#8243; background_style=\u00bbgradient_color\u00bb bg_grandient_color_from=\u00bb#000000&#8243; bg_grandient_color_to=\u00bb#777777&#8243; bg_gradient_color_angle=\u00bbdiagonal_left_bottom\u00bb background_hov_color_style=\u00bbgradient_color\u00bb][mk_padding_divider size=\u00bb26&#8243;][mk_font_icons icon=\u00bbmk-moon-user\u00bb color=\u00bb#ffffff\u00bb size=\u00bblarge\u00bb margin_horizental=\u00bb10&#8243; margin_vertical=\u00bb10&#8243; align=\u00bbcenter\u00bb animation=\u00bbtop-to-bottom\u00bb][mk_fancy_title tag_name=\u00bbh4&#8243; color=\u00bb#ffffff\u00bb size=\u00bb20&#8243; force_font_size=\u00bbtrue\u00bb size_tablet=\u00bb20&#8243; size_phone=\u00bb25&#8243; font_weight=\u00bbbold\u00bb font_style=\u00bbnormal\u00bb txt_transform=\u00bbcapitalize\u00bb margin_bottom=\u00bb0&#8243; font_family=\u00bbRubik\u00bb font_type=\u00bbgoogle\u00bb align=\u00bbcenter\u00bb]7 Pasajeros[\/mk_fancy_title][\/mk_custom_box][\/vc_column_inner][vc_column_inner width=\u00bb1\/4&#8243;][mk_custom_box padding_vertical=\u00bb80&#8243; padding_horizental=\u00bb\u00bb margin_bottom=\u00bb\u00bb min_height=\u00bb185&#8243; bg_color=\u00bb#48ccfd\u00bb background_hov_color_style=\u00bbimage\u00bb][mk_padding_divider size=\u00bb26&#8243;][mk_font_icons icon=\u00bbmk-moon-briefcase-2&#8243; color=\u00bb#ffffff\u00bb size=\u00bblarge\u00bb margin_horizental=\u00bb10&#8243; margin_vertical=\u00bb10&#8243; align=\u00bbcenter\u00bb animation=\u00bbtop-to-bottom\u00bb][mk_fancy_title tag_name=\u00bbh4&#8243; color=\u00bb#ffffff\u00bb force_font_size=\u00bbtrue\u00bb size_tablet=\u00bb20&#8243; size_phone=\u00bb25&#8243; font_weight=\u00bbbold\u00bb font_style=\u00bbnormal\u00bb txt_transform=\u00bbnone\u00bb margin_bottom=\u00bb0&#8243; font_family=\u00bbRubik\u00bb font_type=\u00bbgoogle\u00bb align=\u00bbcenter\u00bb]6\u00a0maletas[\/mk_fancy_title][\/mk_custom_box][\/vc_column_inner][vc_column_inner width=\u00bb1\/4&#8243;][mk_custom_box padding_vertical=\u00bb0&#8243; padding_horizental=\u00bb\u00bb margin_bottom=\u00bb0&#8243; min_height=\u00bb185&#8243; bg_color=\u00bb#48ccfd\u00bb][mk_padding_divider size=\u00bb42&#8243;][mk_font_icons icon=\u00bbmk-moon-briefcase-2&#8243; color=\u00bb#ffffff\u00bb size=\u00bbmedium\u00bb margin_horizental=\u00bb10&#8243; margin_vertical=\u00bb10&#8243; align=\u00bbcenter\u00bb animation=\u00bbtop-to-bottom\u00bb][mk_padding_divider size=\u00bb10&#8243;][mk_fancy_title tag_name=\u00bbh4&#8243; color=\u00bb#ffffff\u00bb force_font_size=\u00bbtrue\u00bb size_tablet=\u00bb20&#8243; size_phone=\u00bb25&#8243; font_weight=\u00bbbold\u00bb font_style=\u00bbnormal\u00bb txt_transform=\u00bbnone\u00bb margin_bottom=\u00bb0&#8243; font_family=\u00bbRubik\u00bb font_type=\u00bbgoogle\u00bb align=\u00bbcenter\u00bb]4\u00a0maletas[\/mk_fancy_title][\/mk_custom_box][\/vc_column_inner][\/vc_row_inner][mk_custom_box padding_vertical=\u00bb0&#8243; padding_horizental=\u00bb50&#8243; margin_bottom=\u00bb0&#8243; min_height=\u00bb200&#8243;][mk_padding_divider size=\u00bb120&#8243;][mk_fancy_title color=\u00bb#00215e\u00bb size=\u00bb50&#8243; force_font_size=\u00bbtrue\u00bb size_tablet=\u00bb25&#8243; size_phone=\u00bb20&#8243; font_weight=\u00bbbolder\u00bb font_style=\u00bbnormal\u00bb font_family=\u00bbnone\u00bb animation=\u00bbfade-in\u00bb]Mercedes V Class[\/mk_fancy_title][vc_column_text css=\u00bb.vc_custom_1522745443721{margin-bottom: 0px !important;}\u00bb]Mercedes V Class: 7 personas 7 maletas 7 de cabina (color negro, asientos de piel, full equip, nevera, lunas tintadas[\/vc_column_text][mk_custom_list style=\u00bbmk-moon-connection\u00bb align=\u00bbleft\u00bb]\n<ul>\n<li>WIFI<\/li>\n<\/ul>\n[\/mk_custom_list][\/mk_custom_box][\/vc_column][vc_column width=\u00bb2\/4&#8243;][mk_image_slideshow images=\u00bb2928,2924,1767,1763&#8243; image_width=\u00bb1168&#8243; image_height=\u00bb754&#8243; smooth_height=\u00bbfalse\u00bb][\/vc_column][\/vc_row][vc_row fullwidth=\u00bbtrue\u00bb attached=\u00bbtrue\u00bb][vc_column width=\u00bb2\/4&#8243;][vc_row_inner][vc_column_inner width=\u00bb2\/4&#8243;][mk_custom_box padding_vertical=\u00bb10&#8243; padding_horizental=\u00bb40&#8243; margin_bottom=\u00bb0&#8243; min_height=\u00bb185&#8243; background_style=\u00bbgradient_color\u00bb bg_grandient_color_from=\u00bb#000000&#8243; bg_grandient_color_to=\u00bb#777777&#8243; bg_gradient_color_angle=\u00bbdiagonal_left_bottom\u00bb background_hov_color_style=\u00bbgradient_color\u00bb][mk_padding_divider size=\u00bb26&#8243;][mk_font_icons icon=\u00bbmk-moon-user\u00bb color=\u00bb#ffffff\u00bb size=\u00bblarge\u00bb margin_horizental=\u00bb10&#8243; margin_vertical=\u00bb10&#8243; align=\u00bbcenter\u00bb animation=\u00bbtop-to-bottom\u00bb][mk_fancy_title tag_name=\u00bbh4&#8243; color=\u00bb#ffffff\u00bb size=\u00bb20&#8243; force_font_size=\u00bbtrue\u00bb size_tablet=\u00bb20&#8243; size_phone=\u00bb25&#8243; font_weight=\u00bbbold\u00bb font_style=\u00bbnormal\u00bb txt_transform=\u00bbcapitalize\u00bb font_family=\u00bbRubik\u00bb font_type=\u00bbgoogle\u00bb align=\u00bbcenter\u00bb]10\/70 plazas[\/mk_fancy_title][\/mk_custom_box][\/vc_column_inner][vc_column_inner width=\u00bb1\/4&#8243;][mk_custom_box padding_vertical=\u00bb80&#8243; padding_horizental=\u00bb\u00bb margin_bottom=\u00bb\u00bb min_height=\u00bb185&#8243; bg_color=\u00bb#48ccfd\u00bb background_hov_color_style=\u00bbimage\u00bb][mk_padding_divider size=\u00bb26&#8243;][mk_font_icons icon=\u00bbmk-moon-briefcase-2&#8243; color=\u00bb#ffffff\u00bb size=\u00bblarge\u00bb margin_horizental=\u00bb10&#8243; margin_vertical=\u00bb10&#8243; align=\u00bbcenter\u00bb animation=\u00bbtop-to-bottom\u00bb][mk_fancy_title tag_name=\u00bbh4&#8243; color=\u00bb#ffffff\u00bb force_font_size=\u00bbtrue\u00bb size_tablet=\u00bb20&#8243; size_phone=\u00bb25&#8243; font_weight=\u00bbbold\u00bb font_style=\u00bbnormal\u00bb txt_transform=\u00bbnone\u00bb font_family=\u00bbRubik\u00bb font_type=\u00bbgoogle\u00bb align=\u00bbcenter\u00bb]10\/70 maletas[\/mk_fancy_title][\/mk_custom_box][\/vc_column_inner][vc_column_inner width=\u00bb1\/4&#8243;][mk_custom_box padding_vertical=\u00bb0&#8243; padding_horizental=\u00bb\u00bb margin_bottom=\u00bb0&#8243; min_height=\u00bb185&#8243; bg_color=\u00bb#48ccfd\u00bb][mk_padding_divider size=\u00bb42&#8243;][mk_font_icons icon=\u00bbmk-moon-briefcase-2&#8243; color=\u00bb#ffffff\u00bb size=\u00bbmedium\u00bb margin_horizental=\u00bb10&#8243; margin_vertical=\u00bb10&#8243; align=\u00bbcenter\u00bb animation=\u00bbtop-to-bottom\u00bb][mk_padding_divider size=\u00bb10&#8243;][mk_fancy_title tag_name=\u00bbh4&#8243; color=\u00bb#ffffff\u00bb force_font_size=\u00bbtrue\u00bb size_tablet=\u00bb20&#8243; size_phone=\u00bb25&#8243; font_weight=\u00bbbold\u00bb font_style=\u00bbnormal\u00bb txt_transform=\u00bbnone\u00bb font_family=\u00bbRubik\u00bb font_type=\u00bbgoogle\u00bb align=\u00bbcenter\u00bb]10\/70 maletas[\/mk_fancy_title][\/mk_custom_box][\/vc_column_inner][\/vc_row_inner][mk_custom_box padding_vertical=\u00bb20&#8243; padding_horizental=\u00bb50&#8243; margin_bottom=\u00bb0&#8243; min_height=\u00bb200&#8243;][mk_padding_divider size=\u00bb120&#8243;][mk_fancy_title color=\u00bb#00215e\u00bb size=\u00bb50&#8243; force_font_size=\u00bbtrue\u00bb size_tablet=\u00bb25&#8243; size_phone=\u00bb20&#8243; font_weight=\u00bbbolder\u00bb font_style=\u00bbnormal\u00bb font_family=\u00bbnone\u00bb animation=\u00bbfade-in\u00bb]Autocares[\/mk_fancy_title][vc_column_text css=\u00bb.vc_custom_1529931997744{margin-bottom: 0px !important;}\u00bb]Autocares de\u00a010 a 70 plazas[\/vc_column_text][mk_custom_list style=\u00bbmk-moon-connection\u00bb align=\u00bbleft\u00bb]\n<ul>\n<li>WIFI<\/li>\n<\/ul>\n[\/mk_custom_list][\/mk_custom_box][\/vc_column][vc_column width=\u00bb2\/4&#8243;][mk_image_slideshow images=\u00bb2032&#8243; image_width=\u00bb1000&#8243; image_height=\u00bb700&#8243; smooth_height=\u00bbfalse\u00bb][\/vc_column][\/vc_row][mk_page_section bg_image=\u00bbhttp:\/\/diagonalmarlimousines.com\/wp-content\/uploads\/2018\/04\/mercedes-s-class-interior2.jpg\u00bb bg_position=\u00bbcenter center\u00bb bg_repeat=\u00bbno-repeat\u00bb bg_stretch=\u00bbtrue\u00bb enable_3d=\u00bbtrue\u00bb video_color_mask=\u00bb#000000&#8243; video_opacity=\u00bb0.2&#8243; padding_top=\u00bb0&#8243; padding_bottom=\u00bb80&#8243; top_shape_style=\u00bbjagged-rounded-top\u00bb top_shape_color=\u00bb#ffffff\u00bb has_bottom_shape_divider=\u00bbtrue\u00bb bottom_shape_style=\u00bbjagged-rounded-bottom\u00bb bottom_shape_color=\u00bb#222328&#8243; section_id=\u00bbstart\u00bb sidebar=\u00bbsidebar-1&#8243;][vc_column css=\u00bb.vc_custom_1493046330834{background-color: rgba(0,33,94,0.6) !important;*background-color: rgb(0,33,94) !important;}\u00bb][mk_padding_divider size=\u00bb75&#8243;][mk_fancy_title color=\u00bb#ffffff\u00bb size=\u00bb35&#8243; force_font_size=\u00bbtrue\u00bb font_weight=\u00bbbold\u00bb font_style=\u00bbnormal\u00bb font_family=\u00bbnone\u00bb align=\u00bbcenter\u00bb]Conductores profesionales a su servicio[\/mk_fancy_title][vc_column_text css=\u00bb.vc_custom_1522745577630{margin-bottom: 0px !important;}\u00bb]<span style=\"color: #ffffff;\">Todos nuestros veh\u00edculos est\u00e1n dotados de agua y WIFI a bordo y constan de un sistema de localizaci\u00f3n v\u00eda sat\u00e9lite, lo que nos permite saber en todo momento donde est\u00e1n nuestros veh\u00edculos y as\u00ed garantizar un m\u00e1s completa garant\u00eda de \u00e9xito en los servicios.<\/span><\/p>\n<ul>\n<li><span style=\"color: #ffffff;\">Minibuses \/ Autocares: Diferentes tama\u00f1os desde 9 hasta 70 plazas (y bajo petici\u00f3n asientos de piel, lavabo, techo panor\u00e1mico, WIFI)<\/span><\/li>\n<\/ul>\n<p><span style=\"color: #ffffff;\">No lo dudes, d\u00e9janos ser la primera impresi\u00f3n de tu empresa con nuestra flota y nuestros conductores uniformados no hay mejor forma de recibir a tus clientes como se merecen.<\/span>[\/vc_column_text][mk_padding_divider][\/vc_column][\/mk_page_section]\n<\/div>","protected":false},"excerpt":{"rendered":"<p>[vc_row fullwidth=\u00bbtrue\u00bb][vc_column][mk_edge_slider first_el=\u00bbtrue\u00bb swiper_bg=\u00bb\u00bb order=\u00bbASC\u00bb full_height=\u00bbfalse\u00bb height=\u00bb800&#8243; direction_nav=\u00bbround\u00bb skip_arrow=\u00bbfalse\u00bb][\/vc_column][\/vc_row][vc_row][vc_column width=\u00bb2\/12&#8243;][\/vc_column][vc_column width=\u00bb8\/12&#8243;][mk_padding_divider size=\u00bb73&#8243;][vc_column_text css=\u00bb.vc_custom_1522745274025{margin-bottom: 0px !important;}\u00bb]Viaja de la forma m\u00e1s segura, elegante y confortable con la flota de Diagonal Mar Limousines. Todos nuestros veh\u00edculos de lujo y nuestros autocares han sido meticulosamente seleccionados entre los principales fabricantes como Mercedes, Scania o Volvo.[\/vc_column_text][mk_padding_divider size=\u00bb73&#8243;][\/vc_column][vc_column width=\u00bb2\/12&#8243;][\/vc_column][\/vc_row][vc_row fullwidth=\u00bbtrue\u00bb attached=\u00bbtrue\u00bb][vc_column [&hellip;]<\/p>\n","protected":false},"author":1,"featured_media":0,"parent":0,"menu_order":0,"comment_status":"closed","ping_status":"closed","template":"","meta":{"footnotes":""},"class_list":["post-5","page","type-page","status-publish","hentry"],"_links":{"self":[{"href":"https:\/\/www.diagonalmarlimousines.com\/es\/wp-json\/wp\/v2\/pages\/5","targetHints":{"allow":["GET"]}}],"collection":[{"href":"https:\/\/www.diagonalmarlimousines.com\/es\/wp-json\/wp\/v2\/pages"}],"about":[{"href":"https:\/\/www.diagonalmarlimousines.com\/es\/wp-json\/wp\/v2\/types\/page"}],"author":[{"embeddable":true,"href":"https:\/\/www.diagonalmarlimousines.com\/es\/wp-json\/wp\/v2\/users\/1"}],"replies":[{"embeddable":true,"href":"https:\/\/www.diagonalmarlimousines.com\/es\/wp-json\/wp\/v2\/comments?post=5"}],"version-history":[{"count":58,"href":"https:\/\/www.diagonalmarlimousines.com\/es\/wp-json\/wp\/v2\/pages\/5\/revisions"}],"predecessor-version":[{"id":2974,"href":"https:\/\/www.diagonalmarlimousines.com\/es\/wp-json\/wp\/v2\/pages\/5\/revisions\/2974"}],"wp:attachment":[{"href":"https:\/\/www.diagonalmarlimousines.com\/es\/wp-json\/wp\/v2\/media?parent=5"}],"curies":[{"name":"wp","href":"https:\/\/api.w.org\/{rel}","templated":true}]}}