{"id":2209,"date":"2018-09-15T14:26:58","date_gmt":"2018-09-15T14:26:58","guid":{"rendered":"http:\/\/diagonalmarlimousines.com\/?page_id=2209\/"},"modified":"2018-11-21T20:45:53","modified_gmt":"2018-11-21T18:45:53","slug":"traslados","status":"publish","type":"page","link":"https:\/\/www.diagonalmarlimousines.com\/fr\/services\/traslados\/","title":{"rendered":"Transfers"},"content":{"rendered":"[mk_page_section bg_position=\u00a0\u00bbcenter center\u00a0\u00bb bg_repeat=\u00a0\u00bbno-repeat\u00a0\u00bb bg_stretch=\u00a0\u00bbtrue\u00a0\u00bb video_opacity=\u00a0\u00bb0&Prime; full_width=\u00a0\u00bbtrue\u00a0\u00bb top_shape_color=\u00a0\u00bb#ffffff\u00a0\u00bb bottom_shape_size=\u00a0\u00bbsmall\u00a0\u00bb bottom_shape_color=\u00a0\u00bb#ffffff\u00a0\u00bb sidebar=\u00a0\u00bbsidebar-1&Prime;][vc_column][mk_edge_slider first_el=\u00a0\u00bbtrue\u00a0\u00bb swiper_bg=\u00a0\u00bb\u00a0\u00bb order=\u00a0\u00bbASC\u00a0\u00bb height=\u00a0\u00bb1000&Prime; direction_nav=\u00a0\u00bbround\u00a0\u00bb skip_arrow=\u00a0\u00bbfalse\u00a0\u00bb slides=\u00a0\u00bb2603, 2621&Prime;][\/vc_column][\/mk_page_section][mk_page_section bg_color=\u00a0\u00bb#00215e\u00a0\u00bb padding_top=\u00a0\u00bb0&Prime; has_top_shape_divider=\u00a0\u00bbtrue\u00a0\u00bb top_shape_size=\u00a0\u00bbsmall\u00a0\u00bb top_shape_color=\u00a0\u00bb#ffffff\u00a0\u00bb has_bottom_shape_divider=\u00a0\u00bbtrue\u00a0\u00bb bottom_shape_size=\u00a0\u00bbsmall\u00a0\u00bb bottom_shape_color=\u00a0\u00bb#ffffff\u00a0\u00bb sidebar=\u00a0\u00bbsidebar-1&Prime;][vc_column][mk_fancy_title color=\u00a0\u00bb#ffffff\u00a0\u00bb size=\u00a0\u00bb50&Prime; force_font_size=\u00a0\u00bbtrue\u00a0\u00bb size_smallscreen=\u00a0\u00bb45&Prime; size_tablet=\u00a0\u00bb30&Prime; size_phone=\u00a0\u00bb25&Prime; font_weight=\u00a0\u00bbbold\u00a0\u00bb font_family=\u00a0\u00bbnone\u00a0\u00bb align=\u00a0\u00bbcenter\u00a0\u00bb]\n<p>Transfers<\/p>\n[\/mk_fancy_title][vc_column_text css=\u00a0\u00bb.vc_custom_1537021419750{margin-bottom: 0px !important;}\u00a0\u00bb]\n<p><span style=\"color: #ffffff;\">\u00c0 Diagonal Mar Limousines nous offrons la fa\u00e7on la plus commode de se d\u00e9placer par Barcelone avec nos transfers d\u00e8s l\u2019a\u00e9roport, le port, et les gares de train. Ci-dessous le d\u00e9tail de nos proc\u00e9dures:<\/span><\/p>\n[\/vc_column_text][mk_padding_divider][\/vc_column][\/mk_page_section][mk_page_section bg_image=\u00a0\u00bbhttp:\/\/diagonalmarlimousines.com\/wp-content\/uploads\/2016\/12\/diagonal-mar-alquiler-coches-conductor-barcelona-1.jpg\u00a0\u00bb bg_position=\u00a0\u00bbcenter center\u00a0\u00bb bg_repeat=\u00a0\u00bbno-repeat\u00a0\u00bb bg_stretch=\u00a0\u00bbtrue\u00a0\u00bb min_height=\u00a0\u00bb600&Prime; full_width=\u00a0\u00bbtrue\u00a0\u00bb has_top_shape_divider=\u00a0\u00bbtrue\u00a0\u00bb top_shape_size=\u00a0\u00bbsmall\u00a0\u00bb top_shape_color=\u00a0\u00bb#ffffff\u00a0\u00bb has_bottom_shape_divider=\u00a0\u00bbtrue\u00a0\u00bb bottom_shape_size=\u00a0\u00bbsmall\u00a0\u00bb bottom_shape_color=\u00a0\u00bb#ffffff\u00a0\u00bb section_id=\u00a0\u00bbBarcelona\u00a0\u00bb sidebar=\u00a0\u00bbsidebar-1&Prime;][vc_column width=\u00a0\u00bb1\/2&Prime;][\/vc_column][vc_column width=\u00a0\u00bb1\/2&Prime;][mk_padding_divider][mk_custom_box corner_radius=\u00a0\u00bb15&Prime; padding_vertical=\u00a0\u00bb50&Prime; background_style=\u00a0\u00bbgradient_color\u00a0\u00bb bg_grandient_color_from=\u00a0\u00bb#00215e\u00a0\u00bb bg_grandient_color_to=\u00a0\u00bb#48ccfd\u00a0\u00bb bg_gradient_color_angle=\u00a0\u00bbdiagonal_left_bottom\u00a0\u00bb background_hov_color_style=\u00a0\u00bbgradient_color\u00a0\u00bb][mk_fancy_title color=\u00a0\u00bb#ffffff\u00a0\u00bb size=\u00a0\u00bb40&Prime; force_font_size=\u00a0\u00bbtrue\u00a0\u00bb size_smallscreen=\u00a0\u00bb30&Prime; size_tablet=\u00a0\u00bb25&Prime; size_phone=\u00a0\u00bb20&Prime; font_family=\u00a0\u00bbnone\u00a0\u00bb]\n<p>A\u00e9roport<\/p>\n[\/mk_fancy_title][vc_column_text css=\u00a0\u00bb.vc_custom_1537021448706{margin-bottom: 0px !important;}\u00a0\u00bb]\n<p><span style=\"color: #ffffff;\">\u00c0 votre arriv\u00e9e, apr\u00e8s avoir r\u00e9cup\u00e9r\u00e9 vos bagages vous arriverez au hall principal d\u2019attente des arriv\u00e9es. Notre chauffeur sera \u00e0 la zone d\u2019attente de conducteurs avec un panneau avec votre nom.<\/span><\/p>\n[\/vc_column_text][vc_column_text][\/vc_column_text][mk_button corner_style=\u00a0\u00bbfull_rounded\u00a0\u00bb size=\u00a0\u00bbmedium\u00a0\u00bb url=\u00a0\u00bb\/en\/book-online\u00a0\u00bb]Reservation[\/mk_button][\/mk_custom_box][\/vc_column][\/mk_page_section][mk_page_section bg_image=\u00a0\u00bbhttp:\/\/diagonalmarlimousines.com\/wp-content\/uploads\/2018\/06\/diagonal-mar-alquiler-coches-conductor-barcelona-32.jpg\u00a0\u00bb bg_position=\u00a0\u00bbcenter center\u00a0\u00bb bg_repeat=\u00a0\u00bbno-repeat\u00a0\u00bb bg_stretch=\u00a0\u00bbtrue\u00a0\u00bb min_height=\u00a0\u00bb600&Prime; full_width=\u00a0\u00bbtrue\u00a0\u00bb padding_top=\u00a0\u00bb20&Prime; padding_bottom=\u00a0\u00bb20&Prime; has_top_shape_divider=\u00a0\u00bbtrue\u00a0\u00bb top_shape_size=\u00a0\u00bbsmall\u00a0\u00bb top_shape_color=\u00a0\u00bb#ffffff\u00a0\u00bb has_bottom_shape_divider=\u00a0\u00bbtrue\u00a0\u00bb bottom_shape_size=\u00a0\u00bbsmall\u00a0\u00bb bottom_shape_color=\u00a0\u00bb#ffffff\u00a0\u00bb sidebar=\u00a0\u00bbsidebar-1&Prime;][vc_column width=\u00a0\u00bb1\/2&Prime;][mk_padding_divider][mk_custom_box corner_radius=\u00a0\u00bb15&Prime; padding_vertical=\u00a0\u00bb50&Prime; background_style=\u00a0\u00bbgradient_color\u00a0\u00bb bg_grandient_color_from=\u00a0\u00bb#00215e\u00a0\u00bb bg_grandient_color_to=\u00a0\u00bb#48ccfd\u00a0\u00bb bg_gradient_color_angle=\u00a0\u00bbdiagonal_left_bottom\u00a0\u00bb background_hov_color_style=\u00a0\u00bbgradient_color\u00a0\u00bb][mk_fancy_title color=\u00a0\u00bb#ffffff\u00a0\u00bb size=\u00a0\u00bb40&Prime; force_font_size=\u00a0\u00bbtrue\u00a0\u00bb size_smallscreen=\u00a0\u00bb30&Prime; size_tablet=\u00a0\u00bb25&Prime; size_phone=\u00a0\u00bb20&Prime; font_family=\u00a0\u00bbnone\u00a0\u00bb]\n<p>Port<\/p>\n[\/mk_fancy_title][vc_column_text css=\u00a0\u00bb.vc_custom_1537021522486{margin-bottom: 0px !important;}\u00a0\u00bb]\n<p><span style=\"color: #ffffff;\">Apr\u00e8s d\u00e9barquer dans la terminale, vous devrez sortir hors du b\u00e2timent, o\u00f9 le chauffeur vous attendra avec un panneau avec votre nom.<\/span><\/p>\n[\/vc_column_text][mk_button corner_style=\u00a0\u00bbfull_rounded\u00a0\u00bb size=\u00a0\u00bbmedium\u00a0\u00bb url=\u00a0\u00bb\/en\/book-online\u00a0\u00bb]Reservation[\/mk_button][\/mk_custom_box][\/vc_column][vc_column width=\u00a0\u00bb1\/2&Prime;][\/vc_column][\/mk_page_section][mk_page_section bg_image=\u00a0\u00bbhttp:\/\/diagonalmarlimousines.com\/wp-content\/uploads\/2018\/04\/traslados-sants-barcelona-diagonal-mar-limousines.jpg\u00a0\u00bb bg_position=\u00a0\u00bbcenter center\u00a0\u00bb bg_repeat=\u00a0\u00bbno-repeat\u00a0\u00bb bg_stretch=\u00a0\u00bbtrue\u00a0\u00bb min_height=\u00a0\u00bb600&Prime; full_width=\u00a0\u00bbtrue\u00a0\u00bb has_top_shape_divider=\u00a0\u00bbtrue\u00a0\u00bb top_shape_size=\u00a0\u00bbsmall\u00a0\u00bb top_shape_color=\u00a0\u00bb#ffffff\u00a0\u00bb has_bottom_shape_divider=\u00a0\u00bbtrue\u00a0\u00bb bottom_shape_size=\u00a0\u00bbsmall\u00a0\u00bb bottom_shape_color=\u00a0\u00bb#ffffff\u00a0\u00bb sidebar=\u00a0\u00bbsidebar-1&Prime;][vc_column width=\u00a0\u00bb1\/2&Prime;][\/vc_column][vc_column width=\u00a0\u00bb1\/2&Prime;][mk_padding_divider][mk_custom_box corner_radius=\u00a0\u00bb15&Prime; padding_vertical=\u00a0\u00bb50&Prime; background_style=\u00a0\u00bbgradient_color\u00a0\u00bb bg_grandient_color_from=\u00a0\u00bb#00215e\u00a0\u00bb bg_grandient_color_to=\u00a0\u00bb#48ccfd\u00a0\u00bb bg_gradient_color_angle=\u00a0\u00bbdiagonal_left_bottom\u00a0\u00bb background_hov_color_style=\u00a0\u00bbgradient_color\u00a0\u00bb][mk_fancy_title color=\u00a0\u00bb#ffffff\u00a0\u00bb size=\u00a0\u00bb40&Prime; force_font_size=\u00a0\u00bbtrue\u00a0\u00bb size_smallscreen=\u00a0\u00bb30&Prime; size_tablet=\u00a0\u00bb25&Prime; size_phone=\u00a0\u00bb20&Prime; font_family=\u00a0\u00bbnone\u00a0\u00bb]\n<p>Gare de Sants<\/p>\n[\/mk_fancy_title][vc_column_text css=\u00a0\u00bb.vc_custom_1537021559097{margin-bottom: 0px !important;}\u00a0\u00bb]\n<p><span style=\"color: #ffffff;\">\u00c0 votre arriv\u00e9e, vous devrez monter les escaliers ou l\u2019ascenseur, et apr\u00e8s les portes de vitre vous trouverez notre chauffeur avec un panneau avec votre nom. Il faut tenir compte que la gare a plusieurs sorties, c\u2019est pour \u00e7a qu\u2019on recommande de nous fournir un num\u00e9ro de telephone portable dans le cas o\u00f9 il faudrait contacter le client.<\/span><\/p>\n[\/vc_column_text][mk_button corner_style=\u00a0\u00bbfull_rounded\u00a0\u00bb size=\u00a0\u00bbmedium\u00a0\u00bb url=\u00a0\u00bb\/en\/book-online\u00a0\u00bb]Reservation[\/mk_button][\/mk_custom_box][\/vc_column][\/mk_page_section][mk_page_section bg_image=\u00a0\u00bbhttp:\/\/diagonalmarlimousines.com\/wp-content\/uploads\/2018\/06\/diagonal-mar-alquiler-coches-conductor-barcelona-5.jpg\u00a0\u00bb bg_position=\u00a0\u00bbcenter center\u00a0\u00bb bg_repeat=\u00a0\u00bbno-repeat\u00a0\u00bb bg_stretch=\u00a0\u00bbtrue\u00a0\u00bb min_height=\u00a0\u00bb600&Prime; full_width=\u00a0\u00bbtrue\u00a0\u00bb has_top_shape_divider=\u00a0\u00bbtrue\u00a0\u00bb top_shape_size=\u00a0\u00bbsmall\u00a0\u00bb top_shape_color=\u00a0\u00bb#ffffff\u00a0\u00bb has_bottom_shape_divider=\u00a0\u00bbtrue\u00a0\u00bb bottom_shape_size=\u00a0\u00bbsmall\u00a0\u00bb bottom_shape_color=\u00a0\u00bb#ffffff\u00a0\u00bb sidebar=\u00a0\u00bbsidebar-1&Prime;][vc_column width=\u00a0\u00bb1\/2&Prime;][mk_padding_divider][mk_custom_box corner_radius=\u00a0\u00bb15&Prime; padding_vertical=\u00a0\u00bb50&Prime; background_style=\u00a0\u00bbgradient_color\u00a0\u00bb bg_grandient_color_from=\u00a0\u00bb#00215e\u00a0\u00bb bg_grandient_color_to=\u00a0\u00bb#48ccfd\u00a0\u00bb bg_gradient_color_angle=\u00a0\u00bbdiagonal_left_bottom\u00a0\u00bb background_hov_color_style=\u00a0\u00bbgradient_color\u00a0\u00bb elevation_effect=\u00a0\u00bbtrue\u00a0\u00bb elevation_effect_distance=\u00a0\u00bb9&Prime;][mk_fancy_title color=\u00a0\u00bb#ffffff\u00a0\u00bb size=\u00a0\u00bb40&Prime; force_font_size=\u00a0\u00bbtrue\u00a0\u00bb size_smallscreen=\u00a0\u00bb30&Prime; size_tablet=\u00a0\u00bb25&Prime; size_phone=\u00a0\u00bb20&Prime; font_family=\u00a0\u00bbnone\u00a0\u00bb]\n<p id=\"tw-target-text\" class=\"tw-data-text tw-ta tw-text-large\" dir=\"ltr\" data-placeholder=\"Traducci\u00f3n\"><span lang=\"fr\">Ville<\/span><\/p>\n[\/mk_fancy_title][vc_column_text css=\u00a0\u00bb.vc_custom_1537021601482{margin-bottom: 0px !important;}\u00a0\u00bb]\n<p><span style=\"color: #ffffff;\">Ces options apart, nous voulons aussi faire votre s\u00e9jour le plus commode possible en vous offrant les transfers en ville, une solution personnalis\u00e9e pour tous vos d\u00e9placements.<\/span><\/p>\n[\/vc_column_text][vc_column_text][\/vc_column_text][mk_button corner_style=\u00a0\u00bbfull_rounded\u00a0\u00bb size=\u00a0\u00bbmedium\u00a0\u00bb url=\u00a0\u00bb\/en\/book-online\u00a0\u00bb]Reservation[\/mk_button][\/mk_custom_box][\/vc_column][vc_column width=\u00a0\u00bb1\/2&Prime;][\/vc_column][\/mk_page_section]\n","protected":false},"excerpt":{"rendered":"<p>[mk_page_section bg_position=\u00a0\u00bbcenter center\u00a0\u00bb bg_repeat=\u00a0\u00bbno-repeat\u00a0\u00bb bg_stretch=\u00a0\u00bbtrue\u00a0\u00bb video_opacity=\u00a0\u00bb0&Prime; full_width=\u00a0\u00bbtrue\u00a0\u00bb top_shape_color=\u00a0\u00bb#ffffff\u00a0\u00bb bottom_shape_size=\u00a0\u00bbsmall\u00a0\u00bb bottom_shape_color=\u00a0\u00bb#ffffff\u00a0\u00bb sidebar=\u00a0\u00bbsidebar-1&Prime;][vc_column][mk_edge_slider first_el=\u00a0\u00bbtrue\u00a0\u00bb swiper_bg=\u00a0\u00bb\u00a0\u00bb order=\u00a0\u00bbASC\u00a0\u00bb height=\u00a0\u00bb1000&Prime; direction_nav=\u00a0\u00bbround\u00a0\u00bb skip_arrow=\u00a0\u00bbfalse\u00a0\u00bb slides=\u00a0\u00bb2603, 2621&Prime;][\/vc_column][\/mk_page_section][mk_page_section bg_color=\u00a0\u00bb#00215e\u00a0\u00bb padding_top=\u00a0\u00bb0&Prime; has_top_shape_divider=\u00a0\u00bbtrue\u00a0\u00bb top_shape_size=\u00a0\u00bbsmall\u00a0\u00bb top_shape_color=\u00a0\u00bb#ffffff\u00a0\u00bb has_bottom_shape_divider=\u00a0\u00bbtrue\u00a0\u00bb bottom_shape_size=\u00a0\u00bbsmall\u00a0\u00bb bottom_shape_color=\u00a0\u00bb#ffffff\u00a0\u00bb sidebar=\u00a0\u00bbsidebar-1&Prime;][vc_column][mk_fancy_title color=\u00a0\u00bb#ffffff\u00a0\u00bb size=\u00a0\u00bb50&Prime; force_font_size=\u00a0\u00bbtrue\u00a0\u00bb size_smallscreen=\u00a0\u00bb45&Prime; size_tablet=\u00a0\u00bb30&Prime; size_phone=\u00a0\u00bb25&Prime; font_weight=\u00a0\u00bbbold\u00a0\u00bb font_family=\u00a0\u00bbnone\u00a0\u00bb align=\u00a0\u00bbcenter\u00a0\u00bb] Transfers [\/mk_fancy_title][vc_column_text css=\u00a0\u00bb.vc_custom_1537021419750{margin-bottom: 0px !important;}\u00a0\u00bb] \u00c0 Diagonal Mar Limousines nous offrons la fa\u00e7on la plus commode de se [&hellip;]<\/p>\n","protected":false},"author":1,"featured_media":0,"parent":2318,"menu_order":0,"comment_status":"closed","ping_status":"closed","template":"","meta":{"footnotes":""},"class_list":["post-2209","page","type-page","status-publish","hentry"],"_links":{"self":[{"href":"https:\/\/www.diagonalmarlimousines.com\/fr\/wp-json\/wp\/v2\/pages\/2209","targetHints":{"allow":["GET"]}}],"collection":[{"href":"https:\/\/www.diagonalmarlimousines.com\/fr\/wp-json\/wp\/v2\/pages"}],"about":[{"href":"https:\/\/www.diagonalmarlimousines.com\/fr\/wp-json\/wp\/v2\/types\/page"}],"author":[{"embeddable":true,"href":"https:\/\/www.diagonalmarlimousines.com\/fr\/wp-json\/wp\/v2\/users\/1"}],"replies":[{"embeddable":true,"href":"https:\/\/www.diagonalmarlimousines.com\/fr\/wp-json\/wp\/v2\/comments?post=2209"}],"version-history":[{"count":7,"href":"https:\/\/www.diagonalmarlimousines.com\/fr\/wp-json\/wp\/v2\/pages\/2209\/revisions"}],"predecessor-version":[{"id":2631,"href":"https:\/\/www.diagonalmarlimousines.com\/fr\/wp-json\/wp\/v2\/pages\/2209\/revisions\/2631"}],"up":[{"embeddable":true,"href":"https:\/\/www.diagonalmarlimousines.com\/fr\/wp-json\/wp\/v2\/pages\/2318"}],"wp:attachment":[{"href":"https:\/\/www.diagonalmarlimousines.com\/fr\/wp-json\/wp\/v2\/media?parent=2209"}],"curies":[{"name":"wp","href":"https:\/\/api.w.org\/{rel}","templated":true}]}}