{"id":2213,"date":"2018-09-15T14:32:01","date_gmt":"2018-09-15T14:32:01","guid":{"rendered":"http:\/\/diagonalmarlimousines.com\/?page_id=2213\/"},"modified":"2018-10-18T17:09:47","modified_gmt":"2018-10-18T17:09:47","slug":"service-personnalise","status":"publish","type":"page","link":"https:\/\/www.diagonalmarlimousines.com\/fr\/services\/service-personnalise\/","title":{"rendered":"Services sour mesure"},"content":{"rendered":"[mk_page_section bg_position=\u00a0\u00bbcenter center\u00a0\u00bb bg_repeat=\u00a0\u00bbno-repeat\u00a0\u00bb bg_stretch=\u00a0\u00bbtrue\u00a0\u00bb video_opacity=\u00a0\u00bb0&Prime; full_width=\u00a0\u00bbtrue\u00a0\u00bb top_shape_color=\u00a0\u00bb#ffffff\u00a0\u00bb bottom_shape_color=\u00a0\u00bb#ffffff\u00a0\u00bb sidebar=\u00a0\u00bbsidebar-1&Prime;][vc_column][mk_edge_slider first_el=\u00a0\u00bbtrue\u00a0\u00bb swiper_bg=\u00a0\u00bb\u00a0\u00bb order=\u00a0\u00bbASC\u00a0\u00bb height=\u00a0\u00bb1000&Prime; direction_nav=\u00a0\u00bbround\u00a0\u00bb skip_arrow=\u00a0\u00bbfalse\u00a0\u00bb][\/vc_column][\/mk_page_section][mk_page_section layout_structure=\u00a0\u00bbhalf_left\u00a0\u00bb bg_image=\u00a0\u00bbhttp:\/\/diagonalmarlimousines.com\/wp-content\/uploads\/2018\/04\/servicios-a-medida-diagonal-mar-limousines.jpg\u00a0\u00bb bg_color=\u00a0\u00bb#80ccff\u00a0\u00bb blend_mode=\u00a0\u00bbluminosity\u00a0\u00bb bg_stretch=\u00a0\u00bbtrue\u00a0\u00bb bg_gradient=\u00a0\u00bbvertical\u00a0\u00bb video_color_mask=\u00a0\u00bb#000000&Prime; gr_end=\u00a0\u00bb#dd9933&Prime; video_opacity=\u00a0\u00bb0&Prime; min_height=\u00a0\u00bb600&Prime; full_width=\u00a0\u00bbtrue\u00a0\u00bb padding_top=\u00a0\u00bb0&Prime; padding_bottom=\u00a0\u00bb0&Prime; has_top_shape_divider=\u00a0\u00bbtrue\u00a0\u00bb top_shape_size=\u00a0\u00bbsmall\u00a0\u00bb top_shape_color=\u00a0\u00bb#ffffff\u00a0\u00bb bottom_shape_size=\u00a0\u00bbsmall\u00a0\u00bb bottom_shape_color=\u00a0\u00bb#ffffff\u00a0\u00bb section_id=\u00a0\u00bbBarcelona\u00a0\u00bb][vc_column][mk_custom_box corner_radius=\u00a0\u00bb15&Prime; padding_vertical=\u00a0\u00bb100&Prime; margin_bottom=\u00a0\u00bb20&Prime; min_height=\u00a0\u00bb29&Prime; background_hov_color_style=\u00a0\u00bbimage\u00a0\u00bb][mk_fancy_title color=\u00a0\u00bb#ffffff\u00a0\u00bb size=\u00a0\u00bb40&Prime; force_font_size=\u00a0\u00bbtrue\u00a0\u00bb size_smallscreen=\u00a0\u00bb30&Prime; size_tablet=\u00a0\u00bb25&Prime; size_phone=\u00a0\u00bb20&Prime; font_family=\u00a0\u00bbnone\u00a0\u00bb]<strong>Service personnalis\u00e9<\/strong>[\/mk_fancy_title][vc_column_text css=\u00a0\u00bb.vc_custom_1537021890655{margin-bottom: 0px !important;}\u00a0\u00bb]\n<div class=\"packdescripcion1\">\n<div class=\"packdescripcion1\">\n<p><span style=\"color: #ffffff;\">Dans Diagonal Mar Limousines nous savons que chaque client est different. C\u2019est pour \u00e7a qu\u2019on vous offre la possibilit\u00e9 d\u2019avoir un service d\u2019accord \u00e0 vos besoins. Nous savons que dans la vie il y a des moments qu\u2019on veut partager avec les n\u00f4tres, se soit un anniversaire, reunion familial ou simplement une surprise pour quelqu\u2019un de special. C\u2019est pour \u00e7a que nous sommes flexibles avec nos services. Contactez avec nous et expliquez-nous votre id\u00e9e. Nous ferons tout notre possible pour la mener \u00e0 bien. Nous voulons faire partie de votre voyage!<\/span><\/p>\n<p><span style=\"color: #ffffff;\">Nos services personnalis\u00e9s sont g\u00e9n\u00e9ralement:<\/span><\/p>\n<ul>\n<li><span style=\"color: #ffffff;\">Transfers d\u2019un point \u00e0 un autre. Vous nous indiquez o\u00f9 vous voulez \u00eatre recueilli et votre destination.<\/span><\/li>\n<li><span style=\"color: #ffffff;\">\u00c0 disposition: Vous r\u00e9servez le v\u00e9hicule par heures, et le chauffeur suivra vos indications. Le client marque l\u2019itin\u00e9raire, c\u2019est donc un service tr\u00e8s commode pour profiter du trajet sans se d\u00e9p\u00eacher et avec arrest<\/span><\/li>\n<\/ul>\n<\/div>\n<\/div>\n[\/vc_column_text][vc_column_text][\/vc_column_text][mk_padding_divider size=\u00a0\u00bb20&Prime;][mk_button corner_style=\u00a0\u00bbfull_rounded\u00a0\u00bb size=\u00a0\u00bbmedium\u00a0\u00bb url=\u00a0\u00bb\/book-online\u00a0\u00bb bg_color=\u00a0\u00bb#00215e\u00a0\u00bb]Reservar[\/mk_button][\/mk_custom_box][\/vc_column][\/mk_page_section]\n","protected":false},"excerpt":{"rendered":"<p>[mk_page_section bg_position=\u00a0\u00bbcenter center\u00a0\u00bb bg_repeat=\u00a0\u00bbno-repeat\u00a0\u00bb bg_stretch=\u00a0\u00bbtrue\u00a0\u00bb video_opacity=\u00a0\u00bb0&Prime; full_width=\u00a0\u00bbtrue\u00a0\u00bb top_shape_color=\u00a0\u00bb#ffffff\u00a0\u00bb bottom_shape_color=\u00a0\u00bb#ffffff\u00a0\u00bb sidebar=\u00a0\u00bbsidebar-1&Prime;][vc_column][mk_edge_slider first_el=\u00a0\u00bbtrue\u00a0\u00bb swiper_bg=\u00a0\u00bb\u00a0\u00bb order=\u00a0\u00bbASC\u00a0\u00bb height=\u00a0\u00bb1000&Prime; direction_nav=\u00a0\u00bbround\u00a0\u00bb skip_arrow=\u00a0\u00bbfalse\u00a0\u00bb][\/vc_column][\/mk_page_section][mk_page_section layout_structure=\u00a0\u00bbhalf_left\u00a0\u00bb bg_image=\u00a0\u00bbhttp:\/\/diagonalmarlimousines.com\/wp-content\/uploads\/2018\/04\/servicios-a-medida-diagonal-mar-limousines.jpg\u00a0\u00bb bg_color=\u00a0\u00bb#80ccff\u00a0\u00bb blend_mode=\u00a0\u00bbluminosity\u00a0\u00bb bg_stretch=\u00a0\u00bbtrue\u00a0\u00bb bg_gradient=\u00a0\u00bbvertical\u00a0\u00bb video_color_mask=\u00a0\u00bb#000000&Prime; gr_end=\u00a0\u00bb#dd9933&Prime; video_opacity=\u00a0\u00bb0&Prime; min_height=\u00a0\u00bb600&Prime; full_width=\u00a0\u00bbtrue\u00a0\u00bb padding_top=\u00a0\u00bb0&Prime; padding_bottom=\u00a0\u00bb0&Prime; has_top_shape_divider=\u00a0\u00bbtrue\u00a0\u00bb top_shape_size=\u00a0\u00bbsmall\u00a0\u00bb top_shape_color=\u00a0\u00bb#ffffff\u00a0\u00bb bottom_shape_size=\u00a0\u00bbsmall\u00a0\u00bb bottom_shape_color=\u00a0\u00bb#ffffff\u00a0\u00bb section_id=\u00a0\u00bbBarcelona\u00a0\u00bb][vc_column][mk_custom_box corner_radius=\u00a0\u00bb15&Prime; padding_vertical=\u00a0\u00bb100&Prime; margin_bottom=\u00a0\u00bb20&Prime; min_height=\u00a0\u00bb29&Prime; background_hov_color_style=\u00a0\u00bbimage\u00a0\u00bb][mk_fancy_title color=\u00a0\u00bb#ffffff\u00a0\u00bb size=\u00a0\u00bb40&Prime; force_font_size=\u00a0\u00bbtrue\u00a0\u00bb size_smallscreen=\u00a0\u00bb30&Prime; size_tablet=\u00a0\u00bb25&Prime; size_phone=\u00a0\u00bb20&Prime; font_family=\u00a0\u00bbnone\u00a0\u00bb]Service personnalis\u00e9[\/mk_fancy_title][vc_column_text css=\u00a0\u00bb.vc_custom_1537021890655{margin-bottom: 0px !important;}\u00a0\u00bb] Dans Diagonal Mar Limousines [&hellip;]<\/p>\n","protected":false},"author":1,"featured_media":0,"parent":2318,"menu_order":0,"comment_status":"closed","ping_status":"closed","template":"","meta":{"footnotes":""},"class_list":["post-2213","page","type-page","status-publish","hentry"],"_links":{"self":[{"href":"https:\/\/www.diagonalmarlimousines.com\/fr\/wp-json\/wp\/v2\/pages\/2213","targetHints":{"allow":["GET"]}}],"collection":[{"href":"https:\/\/www.diagonalmarlimousines.com\/fr\/wp-json\/wp\/v2\/pages"}],"about":[{"href":"https:\/\/www.diagonalmarlimousines.com\/fr\/wp-json\/wp\/v2\/types\/page"}],"author":[{"embeddable":true,"href":"https:\/\/www.diagonalmarlimousines.com\/fr\/wp-json\/wp\/v2\/users\/1"}],"replies":[{"embeddable":true,"href":"https:\/\/www.diagonalmarlimousines.com\/fr\/wp-json\/wp\/v2\/comments?post=2213"}],"version-history":[{"count":4,"href":"https:\/\/www.diagonalmarlimousines.com\/fr\/wp-json\/wp\/v2\/pages\/2213\/revisions"}],"predecessor-version":[{"id":2566,"href":"https:\/\/www.diagonalmarlimousines.com\/fr\/wp-json\/wp\/v2\/pages\/2213\/revisions\/2566"}],"up":[{"embeddable":true,"href":"https:\/\/www.diagonalmarlimousines.com\/fr\/wp-json\/wp\/v2\/pages\/2318"}],"wp:attachment":[{"href":"https:\/\/www.diagonalmarlimousines.com\/fr\/wp-json\/wp\/v2\/media?parent=2213"}],"curies":[{"name":"wp","href":"https:\/\/api.w.org\/{rel}","templated":true}]}}