{"id":2216,"date":"2018-09-15T14:37:27","date_gmt":"2018-09-15T14:37:27","guid":{"rendered":"http:\/\/diagonalmarlimousines.com\/?page_id=2216\/"},"modified":"2018-10-17T18:53:46","modified_gmt":"2018-10-17T18:53:46","slug":"empresa","status":"publish","type":"page","link":"https:\/\/www.diagonalmarlimousines.com\/fr\/empresa\/","title":{"rendered":"Soci\u00e9t\u00e9"},"content":{"rendered":"<div class=\"wpb-content-wrapper\">[vc_row fullwidth=\u00a0\u00bbtrue\u00a0\u00bb][vc_column][mk_edge_slider first_el=\u00a0\u00bbtrue\u00a0\u00bb swiper_bg=\u00a0\u00bb#ffffff\u00a0\u00bb order=\u00a0\u00bbASC\u00a0\u00bb height=\u00a0\u00bb800&Prime; direction_nav=\u00a0\u00bbround\u00a0\u00bb][\/vc_column][\/vc_row][vc_row][vc_column][vc_empty_space][\/vc_column][\/vc_row][mk_page_section bg_image=\u00a0\u00bbhttp:\/\/diagonalmarlimousines.com\/wp-content\/uploads\/2018\/04\/traslados-barcelona-diagonal-mar-limousines.jpg\u00a0\u00bb bg_repeat=\u00a0\u00bbno-repeat\u00a0\u00bb bg_stretch=\u00a0\u00bbtrue\u00a0\u00bb full_width=\u00a0\u00bbtrue\u00a0\u00bb margin_bottom=\u00a0\u00bb10&Prime; has_top_shape_divider=\u00a0\u00bbtrue\u00a0\u00bb top_shape_size=\u00a0\u00bbsmall\u00a0\u00bb has_bottom_shape_divider=\u00a0\u00bbtrue\u00a0\u00bb bottom_shape_size=\u00a0\u00bbsmall\u00a0\u00bb sidebar=\u00a0\u00bbsidebar-1&Prime;][vc_column width=\u00a0\u00bb1\/2&Prime;][vc_empty_space][vc_cta h2=\u00a0\u00bbDiagonal Mar Limousines\u00a0\u00bb shape=\u00a0\u00bbround\u00a0\u00bb css=\u00a0\u00bb.vc_custom_1537022022302{background-color: #80ccff !important;}\u00a0\u00bb]\n<div class=\"contentmainleft\">\n<p><span style=\"color: #ffffff;\">Diagonal Mar Limousines est une compagnie de services de location de v\u00e9hicules haute gamme avec chauffeur, cr\u00e9\u00e9e en 2008 par trois partenaires avec plus de 15 ans d\u2019exp\u00e9rience dans le secteur du transport de passagers. Avec si\u00e8ge \u00e0 Barcelone, nous op\u00e9rons aussi dans les principales villes du territoire espagnol.<\/span><\/p>\n<p><span style=\"color: #ffffff;\">Nous avons une ample gamme de clients, d\u00e8s entreprises et agences de voyages comme Viajes Sanabria, Jet Set Services, Limos4, Terres Basques, \u00e0 hotels de 4* et 5*, Hilton Diagonal Mar, Hilton Barcelona, Meli\u00e1 Sky Barcelona et Sarri\u00e0, Hotel Ohla Barcelona et Eixample, entre d\u2019autres.<\/span><\/p>\n<p><span style=\"color: #ffffff;\">Tout \u00e7a gr\u00e2ce \u00e0 une grande \u00e9quipe de professionnels ainsi dans notre bureau, qui s\u2019ocupe de la gestion, comme de nos chauffeurs, qui ont une excellente connaissance de la ville et touristique. Une grande experience dans le secteur. Pas moins importante est notre flotte qui comprend une ample gamme de v\u00e9hicules Mercedes (Classe E, Classe S, Classe V, et Viano), et minibus et autocars de 9 \u00e0 70 places pour grands groupes.<\/span><\/p>\n<p><span style=\"color: #ffffff;\">Notre but est r\u00e9pondre aux attentes de nos clients et collaborer \u00e0 faire son s\u00e9jour une m\u00e9moire inoubliable.<\/span><\/p>\n<\/div>\n[\/vc_cta][\/vc_column][vc_column width=\u00a0\u00bb1\/2&Prime;][\/vc_column][\/mk_page_section][mk_page_section bg_image=\u00a0\u00bbhttp:\/\/diagonalmarlimousines.com\/wp-content\/uploads\/2017\/04\/autocares-barcelona-cruceros-avant.jpg\u00a0\u00bb bg_repeat=\u00a0\u00bbno-repeat\u00a0\u00bb bg_stretch=\u00a0\u00bbtrue\u00a0\u00bb video_color_mask=\u00a0\u00bb#80ccff\u00a0\u00bb full_width=\u00a0\u00bbtrue\u00a0\u00bb has_top_shape_divider=\u00a0\u00bbtrue\u00a0\u00bb top_shape_size=\u00a0\u00bbsmall\u00a0\u00bb top_shape_color=\u00a0\u00bb#ffffff\u00a0\u00bb has_bottom_shape_divider=\u00a0\u00bbtrue\u00a0\u00bb bottom_shape_size=\u00a0\u00bbsmall\u00a0\u00bb bottom_shape_color=\u00a0\u00bb#ffffff\u00a0\u00bb sidebar=\u00a0\u00bbsidebar-1&Prime;][vc_column width=\u00a0\u00bb1\/4&Prime;][mk_icon_box_gradient icon_size=\u00a0\u00bb48&Prime; holder_shape=\u00a0\u00bbsquare2&Prime; container_color=\u00a0\u00bb#000000&Prime; icon_color=\u00a0\u00bb#80ccff\u00a0\u00bb title_size=\u00a0\u00bb50&Prime; title_weight=\u00a0\u00bbbolder\u00a0\u00bb title_color=\u00a0\u00bb#000000&Prime; title_top_padding=\u00a0\u00bb30&Prime; content_color=\u00a0\u00bb#000000&Prime;]\n<h4>9000 clientes santisfechos<\/h4>\n[\/mk_icon_box_gradient][\/vc_column][vc_column width=\u00a0\u00bb1\/4&Prime;][mk_icon_box_gradient icon_size=\u00a0\u00bb48&Prime; icon=\u00a0\u00bbmk-moon-airplane\u00a0\u00bb holder_shape=\u00a0\u00bbsquare2&Prime; container_color=\u00a0\u00bb#000000&Prime; icon_color=\u00a0\u00bb#80ccff\u00a0\u00bb title_size=\u00a0\u00bb50&Prime; title_weight=\u00a0\u00bbbolder\u00a0\u00bb title_color=\u00a0\u00bb#000000&Prime; title_top_padding=\u00a0\u00bb30&Prime; content_color=\u00a0\u00bb#000000&Prime;]\n<h4>1235 traslados al aeropuerto<\/h4>\n[\/mk_icon_box_gradient][\/vc_column][vc_column width=\u00a0\u00bb1\/4&Prime;][mk_icon_box_gradient icon_size=\u00a0\u00bb48&Prime; icon=\u00a0\u00bbmk-icon-bitbucket\u00a0\u00bb holder_shape=\u00a0\u00bbsquare2&Prime; container_color=\u00a0\u00bb#000000&Prime; icon_color=\u00a0\u00bb#80ccff\u00a0\u00bb title_size=\u00a0\u00bb50&Prime; title_weight=\u00a0\u00bbbolder\u00a0\u00bb title_color=\u00a0\u00bb#000000&Prime; title_top_padding=\u00a0\u00bb30&Prime; content_color=\u00a0\u00bb#000000&Prime;]\n<h4>3658caf\u00e9s diarios<\/h4>\n[\/mk_icon_box_gradient][\/vc_column][vc_column width=\u00a0\u00bb1\/4&Prime;][mk_icon_box_gradient icon_size=\u00a0\u00bb48&Prime; icon=\u00a0\u00bbmk-moon-basket\u00a0\u00bb holder_shape=\u00a0\u00bbsquare2&Prime; container_color=\u00a0\u00bb#000000&Prime; icon_color=\u00a0\u00bb#80ccff\u00a0\u00bb title_size=\u00a0\u00bb50&Prime; title_weight=\u00a0\u00bbbolder\u00a0\u00bb title_color=\u00a0\u00bb#000000&Prime; title_top_padding=\u00a0\u00bb30&Prime; content_color=\u00a0\u00bb#000000&Prime;]\n<h4>754 d\u00edas de shopping<\/h4>\n[\/mk_icon_box_gradient][\/vc_column][\/mk_page_section][mk_page_section bg_image=\u00a0\u00bbhttp:\/\/diagonalmarlimousines.com\/wp-content\/uploads\/2018\/02\/diagonal-mar-alquiler-coches-conductor-barcelona-31.jpg\u00a0\u00bb bg_repeat=\u00a0\u00bbno-repeat\u00a0\u00bb bg_stretch=\u00a0\u00bbtrue\u00a0\u00bb full_width=\u00a0\u00bbtrue\u00a0\u00bb margin_bottom=\u00a0\u00bb10&Prime; has_top_shape_divider=\u00a0\u00bbtrue\u00a0\u00bb top_shape_size=\u00a0\u00bbsmall\u00a0\u00bb has_bottom_shape_divider=\u00a0\u00bbtrue\u00a0\u00bb bottom_shape_size=\u00a0\u00bbsmall\u00a0\u00bb sidebar=\u00a0\u00bbsidebar-1&Prime;][vc_column width=\u00a0\u00bb1\/2&Prime;][\/vc_column][vc_column width=\u00a0\u00bb1\/2&Prime;][vc_empty_space][vc_cta h2=\u00a0\u00bbNos chauffeurs\u00a0\u00bb shape=\u00a0\u00bbround\u00a0\u00bb color=\u00a0\u00bbwhite\u00a0\u00bb css=\u00a0\u00bb.vc_custom_1539098551641{background-color: #00215e !important;}\u00a0\u00bb]\n<div class=\"contentmainleft\">\n<p><span style=\"color: #ffffff;\">Diagonal Mar Limousines dispose d\u2019une grande \u00e9quipe de chauffeurs hautement qualifi\u00e9s qui feront du service une exp\u00e9rience inoubliable. Ils ont \u00e9t\u00e9 sellectionn\u00e9s suivant des standarts qui assurent le maximum de qualit\u00e9 pour les services offerts. Ponctualit\u00e9, discr\u00e9tion, connaissance de la ville, gestion des temps de trajet, \u00e9tat de la circulation, monitorisation des vols sont quelques uns des traits qui nous aident \u00e0 r\u00e9pondre aux attentes de nos clients.<\/span><\/p>\n<p><span style=\"color: #ffffff;\">Profitez avec nous, soit un transfert d\u2019un point \u00e0 un autre, ou une excursi\u00f3n de la main de nos chauffeurs imp\u00e9cablement uniform\u00e9s, qui parlent plusieurs langues, vous conseilleront et vous aideront \u00e0 jouir du voyage.<\/span><\/p>\n<\/div>\n[\/vc_cta][\/vc_column][\/mk_page_section][vc_row][vc_column][mk_padding_divider][\/vc_column][vc_column width=\u00a0\u00bb1\/3&Prime;][mk_icon_box2 icon_size=\u00a0\u00bb48&Prime; icon=\u00a0\u00bbmk-li-graph\u00a0\u00bb icon_color=\u00a0\u00bb#ffffff\u00a0\u00bb icon_background_color=\u00a0\u00bb#80ccff\u00a0\u00bb icon_border_color=\u00a0\u00bb#ffffff\u00a0\u00bb icon_hover_background_color=\u00a0\u00bb#0066bf\u00a0\u00bb title=\u00a0\u00bbProfessionnalit\u00e9\u00a0\u00bb]Le succ\u00e8s de Diagonal Mar Limousines est gr\u00e2ce \u00e0 la professionnalit\u00e9 de son \u00e9quipe. On compte avec des chauffeurs hautement qualifi\u00e9s, qui parlent diff\u00e9rentes langues et avec une grande connaissance de la ville. Aussi, d\u00e8s notre bureau les r\u00e9servations et budgets son g\u00e9r\u00e9s par personnel de m\u00eame hautement qualifi\u00e9 qui vous conseillera en tout moment de fa\u00e7on que votre exp\u00e9rience soit inoubliable.<\/p>\n[\/mk_icon_box2][\/vc_column][vc_column width=\u00a0\u00bb1\/3&Prime;][mk_icon_box2 icon_size=\u00a0\u00bb48&Prime; icon=\u00a0\u00bbmk-li-book\u00a0\u00bb icon_color=\u00a0\u00bb#ffffff\u00a0\u00bb icon_background_color=\u00a0\u00bb#80ccff\u00a0\u00bb icon_border_color=\u00a0\u00bb#ffffff\u00a0\u00bb icon_hover_background_color=\u00a0\u00bb#0066bf\u00a0\u00bb title=\u00a0\u00bbGarantie\u00a0\u00bb]Diagonal Mar Limousines est synonyme de qualit\u00e9 au service. Gr\u00e2ce \u00e0 notre \u00e9quipe de professionnels et notre flotte de haute gamme nous ferons chaque service r\u00e9pondre \u00e0 vos attentes. Laissez-nous \u00eatre la premi\u00e8re impression de votre soci\u00e9t\u00e9 vers vos clients, soit les rencontrant \u00e0 l\u2019a\u00e9roport ou en transport pour vos d\u00e9jeuner ou d\u00eener d\u2019affaires.\u00a0Aussi nous facilitons le voyage le plus sp\u00e9cial de votre vie avec nos service de mariage, nous essayons de porter le m\u00e1ximum d\u2019attention au d\u00e9tail, car ce jour l\u00e0 il n\u2019y a pas d\u2019erreur posible.<\/p>\n<p>Choisissez Diagonal Mar Limousines, vous ne regretterez pas![\/mk_icon_box2][\/vc_column][vc_column width=\u00a0\u00bb1\/3&Prime;][mk_icon_box2 icon_size=\u00a0\u00bb48&Prime; icon=\u00a0\u00bbmk-li-star\u00a0\u00bb icon_color=\u00a0\u00bb#ffffff\u00a0\u00bb icon_background_color=\u00a0\u00bb#80ccff\u00a0\u00bb icon_border_color=\u00a0\u00bb#ffffff\u00a0\u00bb icon_hover_background_color=\u00a0\u00bb#0066bf\u00a0\u00bb title=\u00a0\u00bbS\u00e9curit\u00e9\u00a0\u00bb]Le transport de voyageurs par route reste aujourd&rsquo;hui l&rsquo;un des moyens de transport les plus demand\u00e9s. Comme tous nos v\u00e9hicules sont des Mercedes, ils garantissent toujours la technologie de s\u00e9curit\u00e9 la meilleure et la plus moderne. De cette fa\u00e7on, nous pouvons assurer \u00e0 nos passagers la protection maximale possible.<\/p>\n<p>Assistant anti-collision, \u2018Intelligent drive\u2019, \u2018Efficient Technology\u2019 et \u2018Essence of Luxury\u2019, contr\u00f4ler la vitesse en courbes, pr\u00e8s de jonction de route, assistant actif de changement de voie en autoroute, et gestion d\u2019arr\u00eat d\u2019urgence sont quelques unes de mesures les plus connues avec lesquelles comptent nos v\u00e9hicules.[\/mk_icon_box2][\/vc_column][\/vc_row]\n<\/div>","protected":false},"excerpt":{"rendered":"<p>[vc_row fullwidth=\u00a0\u00bbtrue\u00a0\u00bb][vc_column][mk_edge_slider first_el=\u00a0\u00bbtrue\u00a0\u00bb swiper_bg=\u00a0\u00bb#ffffff\u00a0\u00bb order=\u00a0\u00bbASC\u00a0\u00bb height=\u00a0\u00bb800&Prime; direction_nav=\u00a0\u00bbround\u00a0\u00bb][\/vc_column][\/vc_row][vc_row][vc_column][vc_empty_space][\/vc_column][\/vc_row][mk_page_section bg_image=\u00a0\u00bbhttp:\/\/diagonalmarlimousines.com\/wp-content\/uploads\/2018\/04\/traslados-barcelona-diagonal-mar-limousines.jpg\u00a0\u00bb bg_repeat=\u00a0\u00bbno-repeat\u00a0\u00bb bg_stretch=\u00a0\u00bbtrue\u00a0\u00bb full_width=\u00a0\u00bbtrue\u00a0\u00bb margin_bottom=\u00a0\u00bb10&Prime; has_top_shape_divider=\u00a0\u00bbtrue\u00a0\u00bb top_shape_size=\u00a0\u00bbsmall\u00a0\u00bb has_bottom_shape_divider=\u00a0\u00bbtrue\u00a0\u00bb bottom_shape_size=\u00a0\u00bbsmall\u00a0\u00bb sidebar=\u00a0\u00bbsidebar-1&Prime;][vc_column width=\u00a0\u00bb1\/2&Prime;][vc_empty_space][vc_cta h2=\u00a0\u00bbDiagonal Mar Limousines\u00a0\u00bb shape=\u00a0\u00bbround\u00a0\u00bb css=\u00a0\u00bb.vc_custom_1537022022302{background-color: #80ccff !important;}\u00a0\u00bb] Diagonal Mar Limousines est une compagnie de services de location de v\u00e9hicules haute gamme avec chauffeur, cr\u00e9\u00e9e en 2008 par trois partenaires avec plus de 15 ans d\u2019exp\u00e9rience dans le [&hellip;]<\/p>\n","protected":false},"author":1,"featured_media":0,"parent":0,"menu_order":0,"comment_status":"closed","ping_status":"closed","template":"","meta":{"footnotes":""},"class_list":["post-2216","page","type-page","status-publish","hentry"],"_links":{"self":[{"href":"https:\/\/www.diagonalmarlimousines.com\/fr\/wp-json\/wp\/v2\/pages\/2216","targetHints":{"allow":["GET"]}}],"collection":[{"href":"https:\/\/www.diagonalmarlimousines.com\/fr\/wp-json\/wp\/v2\/pages"}],"about":[{"href":"https:\/\/www.diagonalmarlimousines.com\/fr\/wp-json\/wp\/v2\/types\/page"}],"author":[{"embeddable":true,"href":"https:\/\/www.diagonalmarlimousines.com\/fr\/wp-json\/wp\/v2\/users\/1"}],"replies":[{"embeddable":true,"href":"https:\/\/www.diagonalmarlimousines.com\/fr\/wp-json\/wp\/v2\/comments?post=2216"}],"version-history":[{"count":5,"href":"https:\/\/www.diagonalmarlimousines.com\/fr\/wp-json\/wp\/v2\/pages\/2216\/revisions"}],"predecessor-version":[{"id":2476,"href":"https:\/\/www.diagonalmarlimousines.com\/fr\/wp-json\/wp\/v2\/pages\/2216\/revisions\/2476"}],"wp:attachment":[{"href":"https:\/\/www.diagonalmarlimousines.com\/fr\/wp-json\/wp\/v2\/media?parent=2216"}],"curies":[{"name":"wp","href":"https:\/\/api.w.org\/{rel}","templated":true}]}}