{"id":2219,"date":"2018-09-15T14:59:49","date_gmt":"2018-09-15T14:59:49","guid":{"rendered":"http:\/\/diagonalmarlimousines.com\/?page_id=2219\/"},"modified":"2018-10-17T18:26:41","modified_gmt":"2018-10-17T18:26:41","slug":"congres","status":"publish","type":"page","link":"https:\/\/www.diagonalmarlimousines.com\/fr\/services\/congres\/","title":{"rendered":"Congr\u00e8s"},"content":{"rendered":"[mk_page_section bg_position=\u00a0\u00bbcenter center\u00a0\u00bb bg_repeat=\u00a0\u00bbno-repeat\u00a0\u00bb bg_stretch=\u00a0\u00bbtrue\u00a0\u00bb video_opacity=\u00a0\u00bb0&Prime; full_width=\u00a0\u00bbtrue\u00a0\u00bb top_shape_color=\u00a0\u00bb#ffffff\u00a0\u00bb bottom_shape_color=\u00a0\u00bb#ffffff\u00a0\u00bb sidebar=\u00a0\u00bbsidebar-1&Prime;][vc_column][mk_edge_slider first_el=\u00a0\u00bbtrue\u00a0\u00bb swiper_bg=\u00a0\u00bb\u00a0\u00bb order=\u00a0\u00bbASC\u00a0\u00bb height=\u00a0\u00bb1000&Prime; direction_nav=\u00a0\u00bbround\u00a0\u00bb skip_arrow=\u00a0\u00bbfalse\u00a0\u00bb][\/vc_column][\/mk_page_section][mk_page_section layout_structure=\u00a0\u00bbhalf_left\u00a0\u00bb bg_image=\u00a0\u00bbhttp:\/\/diagonalmarlimousines.com\/wp-content\/uploads\/2017\/05\/fira_barcelona_mobile_world_congress_2013.jpg\u00a0\u00bb bg_color=\u00a0\u00bb#00215e\u00a0\u00bb bg_stretch=\u00a0\u00bbtrue\u00a0\u00bb bg_gradient=\u00a0\u00bbvertical\u00a0\u00bb video_color_mask=\u00a0\u00bb#000000&Prime; gr_end=\u00a0\u00bb#dd9933&Prime; video_opacity=\u00a0\u00bb0&Prime; full_width=\u00a0\u00bbtrue\u00a0\u00bb padding_top=\u00a0\u00bb0&Prime; padding_bottom=\u00a0\u00bb0&Prime; has_top_shape_divider=\u00a0\u00bbtrue\u00a0\u00bb top_shape_size=\u00a0\u00bbsmall\u00a0\u00bb top_shape_color=\u00a0\u00bb#ffffff\u00a0\u00bb has_bottom_shape_divider=\u00a0\u00bbtrue\u00a0\u00bb bottom_shape_size=\u00a0\u00bbsmall\u00a0\u00bb bottom_shape_color=\u00a0\u00bb#ffffff\u00a0\u00bb section_id=\u00a0\u00bbBarcelona\u00a0\u00bb][vc_column][mk_custom_box corner_radius=\u00a0\u00bb15&Prime; padding_vertical=\u00a0\u00bb100&Prime; margin_bottom=\u00a0\u00bb20&Prime; min_height=\u00a0\u00bb20&Prime; background_hov_color_style=\u00a0\u00bbimage\u00a0\u00bb][mk_fancy_title color=\u00a0\u00bb#ffffff\u00a0\u00bb size=\u00a0\u00bb40&Prime; force_font_size=\u00a0\u00bbtrue\u00a0\u00bb size_smallscreen=\u00a0\u00bb30&Prime; size_tablet=\u00a0\u00bb25&Prime; size_phone=\u00a0\u00bb20&Prime; font_family=\u00a0\u00bbnone\u00a0\u00bb]<strong><span style=\"color: #80ccff;\">TRANSFERS POUR \u00c9VENEMENTS<\/span><\/strong>[\/mk_fancy_title][vc_column_text css=\u00a0\u00bb.vc_custom_1537023451460{margin-bottom: 0px !important;}\u00a0\u00bb]\n<div class=\"packdescripcion1\">\n<p><span style=\"color: #ffffff;\">Barcelone est une des villes les plus \u00e9lues pour la r\u00e9alisation de congr\u00e8s et \u00e9vennements comme le Mobile World Congress ou la Formule 1. Diagonal Mar Limousines, experts en gestion de groupes pour \u00e9vennements, recevra vos clients, soit \u00e0 leur arriv\u00e9e ou pendant leur s\u00e9jour \u00e0 Barcelone, en offrant un traitement professionnel de la part de nos chsuffeurs, qui se caract\u00e9risent par leur ponctualit\u00e9 et connaissance de la ville. Laissez-nous garder vos clients.<\/span><\/p>\n<\/div>\n[\/vc_column_text][vc_column_text][\/vc_column_text][mk_padding_divider size=\u00a0\u00bb20&Prime;][mk_button corner_style=\u00a0\u00bbfull_rounded\u00a0\u00bb size=\u00a0\u00bbmedium\u00a0\u00bb bg_color=\u00a0\u00bb#80ccff\u00a0\u00bb]Reservar[\/mk_button][\/mk_custom_box][\/vc_column][\/mk_page_section][mk_page_section layout_structure=\u00a0\u00bbhalf_right\u00a0\u00bb bg_image=\u00a0\u00bbhttp:\/\/diagonalmarlimousines.com\/wp-content\/uploads\/2018\/04\/traslados-privados-diagonal-mar-limousines.jpg\u00a0\u00bb bg_color=\u00a0\u00bb#80ccff\u00a0\u00bb blend_mode=\u00a0\u00bbluminosity\u00a0\u00bb bg_stretch=\u00a0\u00bbtrue\u00a0\u00bb bg_gradient=\u00a0\u00bbvertical\u00a0\u00bb video_color_mask=\u00a0\u00bb#000000&Prime; gr_end=\u00a0\u00bb#dd9933&Prime; video_opacity=\u00a0\u00bb0&Prime; min_height=\u00a0\u00bb600&Prime; full_width=\u00a0\u00bbtrue\u00a0\u00bb padding_top=\u00a0\u00bb0&Prime; padding_bottom=\u00a0\u00bb0&Prime; has_top_shape_divider=\u00a0\u00bbtrue\u00a0\u00bb top_shape_size=\u00a0\u00bbsmall\u00a0\u00bb top_shape_color=\u00a0\u00bb#ffffff\u00a0\u00bb has_bottom_shape_divider=\u00a0\u00bbtrue\u00a0\u00bb bottom_shape_size=\u00a0\u00bbsmall\u00a0\u00bb bottom_shape_color=\u00a0\u00bb#ffffff\u00a0\u00bb section_id=\u00a0\u00bbBarcelona\u00a0\u00bb][vc_column][mk_custom_box corner_radius=\u00a0\u00bb15&Prime; padding_vertical=\u00a0\u00bb100&Prime; margin_bottom=\u00a0\u00bb20&Prime; min_height=\u00a0\u00bb20&Prime; background_hov_color_style=\u00a0\u00bbimage\u00a0\u00bb][mk_fancy_title size=\u00a0\u00bb40&Prime; font_family=\u00a0\u00bbnone\u00a0\u00bb]<strong><span style=\"color: #00215e;\">COORDINATION D&rsquo;EVENEMENTS\u00a0<\/span><\/strong>[\/mk_fancy_title][vc_column_text css=\u00a0\u00bb.vc_custom_1537023474690{margin-bottom: 0px !important;}\u00a0\u00bb]<span style=\"color: #ffffff;\">D\u00e8s notre bureau nous vous aiderons avec la gestion des services pour votre \u00e9vennement et nous vous conseillerons selon vos n\u00e9cessit\u00e9s. Nous offrons a tous nos clients un traitement personnalis\u00e9 t\u00e9l\u00e9phoniquement, ou en reuni\u00f3n face \u00e0 face.<\/span><\/p>\n<p><span style=\"color: #ffffff;\">\u00a0Quand les services sont nombreux, nous offrons aussi nos services de Coordinateur de Transport et d\u2019Hotesses, sp\u00e9cialement pour les pickups \u00e0 l\u2019a\u00e9roports ou pour les transfers de sortie de l\u2019hotel. En disposant de personnel in situ nous nous assurons que tous les services soient correctement r\u00e9alis\u00e9s pour la tranquilit\u00e9 de l\u2019organisation de l\u2019\u00e9vennement.<\/span>[\/vc_column_text][vc_column_text][\/vc_column_text][mk_padding_divider size=\u00a0\u00bb20&Prime;][mk_button corner_style=\u00a0\u00bbfull_rounded\u00a0\u00bb size=\u00a0\u00bbmedium\u00a0\u00bb bg_color=\u00a0\u00bb#00215e\u00a0\u00bb]Reservar[\/mk_button][\/mk_custom_box][\/vc_column][\/mk_page_section][mk_page_section layout_structure=\u00a0\u00bbhalf_left\u00a0\u00bb bg_image=\u00a0\u00bbhttp:\/\/diagonalmarlimousines.com\/wp-content\/uploads\/2017\/04\/shutterstock_172510772.jpg\u00a0\u00bb bg_color=\u00a0\u00bb#00215e\u00a0\u00bb blend_mode=\u00a0\u00bbluminosity\u00a0\u00bb bg_stretch=\u00a0\u00bbtrue\u00a0\u00bb bg_gradient=\u00a0\u00bbvertical\u00a0\u00bb video_color_mask=\u00a0\u00bb#000000&Prime; gr_end=\u00a0\u00bb#dd9933&Prime; video_opacity=\u00a0\u00bb0&Prime; min_height=\u00a0\u00bb600&Prime; full_width=\u00a0\u00bbtrue\u00a0\u00bb padding_top=\u00a0\u00bb0&Prime; padding_bottom=\u00a0\u00bb0&Prime; has_top_shape_divider=\u00a0\u00bbtrue\u00a0\u00bb top_shape_size=\u00a0\u00bbsmall\u00a0\u00bb top_shape_color=\u00a0\u00bb#ffffff\u00a0\u00bb bottom_shape_size=\u00a0\u00bbsmall\u00a0\u00bb bottom_shape_color=\u00a0\u00bb#ffffff\u00a0\u00bb section_id=\u00a0\u00bbBarcelona\u00a0\u00bb][vc_column][mk_custom_box corner_radius=\u00a0\u00bb15&Prime; padding_vertical=\u00a0\u00bb100&Prime; margin_bottom=\u00a0\u00bb20&Prime; min_height=\u00a0\u00bb20&Prime; background_hov_color_style=\u00a0\u00bbimage\u00a0\u00bb][mk_fancy_title color=\u00a0\u00bb#ffffff\u00a0\u00bb size=\u00a0\u00bb40&Prime; force_font_size=\u00a0\u00bbtrue\u00a0\u00bb size_smallscreen=\u00a0\u00bb30&Prime; size_tablet=\u00a0\u00bb25&Prime; size_phone=\u00a0\u00bb20&Prime; font_family=\u00a0\u00bbnone\u00a0\u00bb]<strong><span style=\"color: #80ccff;\">PROVISIONS POUR \u00c9V\u00c9NEMENTS<\/span><\/strong>[\/mk_fancy_title][vc_column_text css=\u00a0\u00bb.vc_custom_1537023518862{margin-bottom: 0px !important;}\u00a0\u00bb]<span style=\"color: #ffffff;\">C\u2019est normal pendant la r\u00e9alisation d\u2019\u00e9vennements que d\u2019autres services soient requis par heures, pour assister \u00e0 r\u00e9unions, d\u00e9jeuners ou diners d\u2019affaires. \u00c0 Diagonal Mar Limousines nous vous conseillerons en fonction de vos n\u00e9cessit\u00e9s avec notre flotte Mercedes, ou pour grands groupes, avec autocars avec capacit\u00e9 jusqu\u2019\u00e0 70 passagers.<\/span>[\/vc_column_text][vc_column_text][\/vc_column_text][mk_padding_divider size=\u00a0\u00bb20&Prime;][mk_button corner_style=\u00a0\u00bbfull_rounded\u00a0\u00bb size=\u00a0\u00bbmedium\u00a0\u00bb bg_color=\u00a0\u00bb#80ccff\u00a0\u00bb]Reservar[\/mk_button][\/mk_custom_box][\/vc_column][\/mk_page_section]\n","protected":false},"excerpt":{"rendered":"<p>[mk_page_section bg_position=\u00a0\u00bbcenter center\u00a0\u00bb bg_repeat=\u00a0\u00bbno-repeat\u00a0\u00bb bg_stretch=\u00a0\u00bbtrue\u00a0\u00bb video_opacity=\u00a0\u00bb0&Prime; full_width=\u00a0\u00bbtrue\u00a0\u00bb top_shape_color=\u00a0\u00bb#ffffff\u00a0\u00bb bottom_shape_color=\u00a0\u00bb#ffffff\u00a0\u00bb sidebar=\u00a0\u00bbsidebar-1&Prime;][vc_column][mk_edge_slider first_el=\u00a0\u00bbtrue\u00a0\u00bb swiper_bg=\u00a0\u00bb\u00a0\u00bb order=\u00a0\u00bbASC\u00a0\u00bb height=\u00a0\u00bb1000&Prime; direction_nav=\u00a0\u00bbround\u00a0\u00bb skip_arrow=\u00a0\u00bbfalse\u00a0\u00bb][\/vc_column][\/mk_page_section][mk_page_section layout_structure=\u00a0\u00bbhalf_left\u00a0\u00bb bg_image=\u00a0\u00bbhttp:\/\/diagonalmarlimousines.com\/wp-content\/uploads\/2017\/05\/fira_barcelona_mobile_world_congress_2013.jpg\u00a0\u00bb bg_color=\u00a0\u00bb#00215e\u00a0\u00bb bg_stretch=\u00a0\u00bbtrue\u00a0\u00bb bg_gradient=\u00a0\u00bbvertical\u00a0\u00bb video_color_mask=\u00a0\u00bb#000000&Prime; gr_end=\u00a0\u00bb#dd9933&Prime; video_opacity=\u00a0\u00bb0&Prime; full_width=\u00a0\u00bbtrue\u00a0\u00bb padding_top=\u00a0\u00bb0&Prime; padding_bottom=\u00a0\u00bb0&Prime; has_top_shape_divider=\u00a0\u00bbtrue\u00a0\u00bb top_shape_size=\u00a0\u00bbsmall\u00a0\u00bb top_shape_color=\u00a0\u00bb#ffffff\u00a0\u00bb has_bottom_shape_divider=\u00a0\u00bbtrue\u00a0\u00bb bottom_shape_size=\u00a0\u00bbsmall\u00a0\u00bb bottom_shape_color=\u00a0\u00bb#ffffff\u00a0\u00bb section_id=\u00a0\u00bbBarcelona\u00a0\u00bb][vc_column][mk_custom_box corner_radius=\u00a0\u00bb15&Prime; padding_vertical=\u00a0\u00bb100&Prime; margin_bottom=\u00a0\u00bb20&Prime; min_height=\u00a0\u00bb20&Prime; background_hov_color_style=\u00a0\u00bbimage\u00a0\u00bb][mk_fancy_title color=\u00a0\u00bb#ffffff\u00a0\u00bb size=\u00a0\u00bb40&Prime; force_font_size=\u00a0\u00bbtrue\u00a0\u00bb size_smallscreen=\u00a0\u00bb30&Prime; size_tablet=\u00a0\u00bb25&Prime; size_phone=\u00a0\u00bb20&Prime; font_family=\u00a0\u00bbnone\u00a0\u00bb]TRANSFERS POUR \u00c9VENEMENTS[\/mk_fancy_title][vc_column_text css=\u00a0\u00bb.vc_custom_1537023451460{margin-bottom: 0px !important;}\u00a0\u00bb] Barcelone est une des [&hellip;]<\/p>\n","protected":false},"author":1,"featured_media":0,"parent":2318,"menu_order":0,"comment_status":"closed","ping_status":"closed","template":"","meta":{"footnotes":""},"class_list":["post-2219","page","type-page","status-publish","hentry"],"_links":{"self":[{"href":"https:\/\/www.diagonalmarlimousines.com\/fr\/wp-json\/wp\/v2\/pages\/2219","targetHints":{"allow":["GET"]}}],"collection":[{"href":"https:\/\/www.diagonalmarlimousines.com\/fr\/wp-json\/wp\/v2\/pages"}],"about":[{"href":"https:\/\/www.diagonalmarlimousines.com\/fr\/wp-json\/wp\/v2\/types\/page"}],"author":[{"embeddable":true,"href":"https:\/\/www.diagonalmarlimousines.com\/fr\/wp-json\/wp\/v2\/users\/1"}],"replies":[{"embeddable":true,"href":"https:\/\/www.diagonalmarlimousines.com\/fr\/wp-json\/wp\/v2\/comments?post=2219"}],"version-history":[{"count":3,"href":"https:\/\/www.diagonalmarlimousines.com\/fr\/wp-json\/wp\/v2\/pages\/2219\/revisions"}],"predecessor-version":[{"id":2469,"href":"https:\/\/www.diagonalmarlimousines.com\/fr\/wp-json\/wp\/v2\/pages\/2219\/revisions\/2469"}],"up":[{"embeddable":true,"href":"https:\/\/www.diagonalmarlimousines.com\/fr\/wp-json\/wp\/v2\/pages\/2318"}],"wp:attachment":[{"href":"https:\/\/www.diagonalmarlimousines.com\/fr\/wp-json\/wp\/v2\/media?parent=2219"}],"curies":[{"name":"wp","href":"https:\/\/api.w.org\/{rel}","templated":true}]}}