{"id":2226,"date":"2018-09-20T13:47:40","date_gmt":"2018-09-20T13:47:40","guid":{"rendered":"http:\/\/diagonalmarlimousines.com\/?page_id=2226\/"},"modified":"2019-11-01T20:11:48","modified_gmt":"2019-11-01T18:11:48","slug":"nuestra-flota","status":"publish","type":"page","link":"https:\/\/www.diagonalmarlimousines.com\/fr\/nuestra-flota\/","title":{"rendered":"Notre flotte"},"content":{"rendered":"<div class=\"wpb-content-wrapper\">[vc_row fullwidth=\u00a0\u00bbtrue\u00a0\u00bb][vc_column][mk_edge_slider first_el=\u00a0\u00bbtrue\u00a0\u00bb swiper_bg=\u00a0\u00bb\u00a0\u00bb order=\u00a0\u00bbASC\u00a0\u00bb full_height=\u00a0\u00bbfalse\u00a0\u00bb height=\u00a0\u00bb800&Prime; direction_nav=\u00a0\u00bbround\u00a0\u00bb skip_arrow=\u00a0\u00bbfalse\u00a0\u00bb][\/vc_column][\/vc_row][vc_row][vc_column width=\u00a0\u00bb2\/12&Prime;][\/vc_column][vc_column width=\u00a0\u00bb8\/12&Prime;][mk_padding_divider size=\u00a0\u00bb73&Prime;][vc_column_text css=\u00a0\u00bb.vc_custom_1537450561909{margin-bottom: 0px !important;}\u00a0\u00bb]Voyagez de la plus s\u00fbre forme, \u00e9l\u00e9gante et confortable, avec la flotte de Diagonal Mar Limousines. Tous nos v\u00e9hicules de luxe et nos autocars ont \u00e9t\u00e9 m\u00e9ticuleusement sellectionn\u00e9s entre les principaux fabricants comme Mercedes, Scania ou Volvo.[\/vc_column_text][mk_padding_divider size=\u00a0\u00bb73&Prime;][\/vc_column][vc_column width=\u00a0\u00bb2\/12&Prime;][\/vc_column][\/vc_row][vc_row fullwidth=\u00a0\u00bbtrue\u00a0\u00bb attached=\u00a0\u00bbtrue\u00a0\u00bb][vc_column width=\u00a0\u00bb2\/4&Prime;][vc_row_inner][vc_column_inner width=\u00a0\u00bb2\/4&Prime;][mk_custom_box padding_vertical=\u00a0\u00bb0&Prime; padding_horizental=\u00a0\u00bb40&Prime; margin_bottom=\u00a0\u00bb0&Prime; min_height=\u00a0\u00bb185&Prime; background_style=\u00a0\u00bbgradient_color\u00a0\u00bb bg_grandient_color_from=\u00a0\u00bb#000000&Prime; bg_grandient_color_to=\u00a0\u00bb#777777&Prime; bg_gradient_color_angle=\u00a0\u00bbdiagonal_left_bottom\u00a0\u00bb background_hov_color_style=\u00a0\u00bbgradient_color\u00a0\u00bb][mk_padding_divider size=\u00a0\u00bb26&Prime;][mk_font_icons icon=\u00a0\u00bbmk-moon-user\u00a0\u00bb color=\u00a0\u00bb#ffffff\u00a0\u00bb size=\u00a0\u00bblarge\u00a0\u00bb margin_horizental=\u00a0\u00bb10&Prime; margin_vertical=\u00a0\u00bb10&Prime; align=\u00a0\u00bbcenter\u00a0\u00bb animation=\u00a0\u00bbtop-to-bottom\u00a0\u00bb][mk_fancy_title tag_name=\u00a0\u00bbh4&Prime; color=\u00a0\u00bb#ffffff\u00a0\u00bb size=\u00a0\u00bb20&Prime; force_font_size=\u00a0\u00bbtrue\u00a0\u00bb size_tablet=\u00a0\u00bb20&Prime; size_phone=\u00a0\u00bb25&Prime; font_weight=\u00a0\u00bbbold\u00a0\u00bb font_style=\u00a0\u00bbnormal\u00a0\u00bb txt_transform=\u00a0\u00bbcapitalize\u00a0\u00bb font_family=\u00a0\u00bbRubik\u00a0\u00bb font_type=\u00a0\u00bbgoogle\u00a0\u00bb align=\u00a0\u00bbcenter\u00a0\u00bb]3 Pax[\/mk_fancy_title][\/mk_custom_box][\/vc_column_inner][vc_column_inner width=\u00a0\u00bb1\/4&Prime;][mk_custom_box padding_vertical=\u00a0\u00bb0&Prime; padding_horizental=\u00a0\u00bb\u00a0\u00bb margin_bottom=\u00a0\u00bb\u00a0\u00bb min_height=\u00a0\u00bb185&Prime; bg_color=\u00a0\u00bb#48ccfd\u00a0\u00bb background_hov_color_style=\u00a0\u00bbimage\u00a0\u00bb][mk_padding_divider size=\u00a0\u00bb26&Prime;][mk_font_icons icon=\u00a0\u00bbmk-moon-briefcase-2&Prime; color=\u00a0\u00bb#ffffff\u00a0\u00bb size=\u00a0\u00bblarge\u00a0\u00bb margin_horizental=\u00a0\u00bb10&Prime; margin_vertical=\u00a0\u00bb10&Prime; align=\u00a0\u00bbcenter\u00a0\u00bb animation=\u00a0\u00bbtop-to-bottom\u00a0\u00bb][mk_fancy_title tag_name=\u00a0\u00bbh4&Prime; color=\u00a0\u00bb#ffffff\u00a0\u00bb force_font_size=\u00a0\u00bbtrue\u00a0\u00bb size_tablet=\u00a0\u00bb20&Prime; size_phone=\u00a0\u00bb25&Prime; font_weight=\u00a0\u00bbbold\u00a0\u00bb font_style=\u00a0\u00bbnormal\u00a0\u00bb txt_transform=\u00a0\u00bbnone\u00a0\u00bb font_family=\u00a0\u00bbRubik\u00a0\u00bb font_type=\u00a0\u00bbgoogle\u00a0\u00bb align=\u00a0\u00bbcenter\u00a0\u00bb]2 valises[\/mk_fancy_title][\/mk_custom_box][\/vc_column_inner][vc_column_inner width=\u00a0\u00bb1\/4&Prime;][mk_custom_box padding_vertical=\u00a0\u00bb0&Prime; padding_horizental=\u00a0\u00bb\u00a0\u00bb margin_bottom=\u00a0\u00bb0&Prime; min_height=\u00a0\u00bb185&Prime; bg_color=\u00a0\u00bb#48ccfd\u00a0\u00bb][mk_padding_divider size=\u00a0\u00bb42&Prime;][mk_font_icons icon=\u00a0\u00bbmk-moon-briefcase-2&Prime; color=\u00a0\u00bb#ffffff\u00a0\u00bb size=\u00a0\u00bbmedium\u00a0\u00bb margin_horizental=\u00a0\u00bb10&Prime; margin_vertical=\u00a0\u00bb10&Prime; align=\u00a0\u00bbcenter\u00a0\u00bb animation=\u00a0\u00bbtop-to-bottom\u00a0\u00bb][mk_padding_divider size=\u00a0\u00bb10&Prime;][mk_fancy_title tag_name=\u00a0\u00bbh4&Prime; color=\u00a0\u00bb#ffffff\u00a0\u00bb force_font_size=\u00a0\u00bbtrue\u00a0\u00bb size_tablet=\u00a0\u00bb20&Prime; size_phone=\u00a0\u00bb25&Prime; font_weight=\u00a0\u00bbbold\u00a0\u00bb font_style=\u00a0\u00bbnormal\u00a0\u00bb txt_transform=\u00a0\u00bbnone\u00a0\u00bb font_family=\u00a0\u00bbRubik\u00a0\u00bb font_type=\u00a0\u00bbgoogle\u00a0\u00bb align=\u00a0\u00bbcenter\u00a0\u00bb]2 valises[\/mk_fancy_title][\/mk_custom_box][\/vc_column_inner][\/vc_row_inner][mk_custom_box padding_vertical=\u00a0\u00bb20&Prime; padding_horizental=\u00a0\u00bb50&Prime; margin_bottom=\u00a0\u00bb0&Prime;][mk_padding_divider size=\u00a0\u00bb120&Prime;][mk_fancy_title color=\u00a0\u00bb#00215e\u00a0\u00bb size=\u00a0\u00bb50&Prime; force_font_size=\u00a0\u00bbtrue\u00a0\u00bb size_tablet=\u00a0\u00bb25&Prime; size_phone=\u00a0\u00bb20&Prime; font_weight=\u00a0\u00bbbolder\u00a0\u00bb font_style=\u00a0\u00bbnormal\u00a0\u00bb font_family=\u00a0\u00bbnone\u00a0\u00bb animation=\u00a0\u00bbfade-in\u00a0\u00bb]Mercedes E Class[\/mk_fancy_title][vc_column_text css=\u00a0\u00bb.vc_custom_1539798149578{margin-bottom: 0px !important;}\u00a0\u00bb]Mercedes S Class: 3 personnes 2 valises standard et 2 trolleys (couleur noir, si\u00e8ges en cuir, full equip, rideaux \/ fen\u00eatres teint\u00e9es, plan 3D interactif)[\/vc_column_text][mk_custom_list style=\u00a0\u00bbmk-moon-connection\u00a0\u00bb align=\u00a0\u00bbleft\u00a0\u00bb]\n<ul>\n<li>WIFI<\/li>\n<\/ul>\n[\/mk_custom_list][\/mk_custom_box][\/vc_column][vc_column width=\u00a0\u00bb2\/4&Prime;][mk_image_slideshow images=\u00a0\u00bb2938,2953,2949&Prime; image_width=\u00a0\u00bb1000&Prime; image_height=\u00a0\u00bb700&Prime;][\/vc_column][\/vc_row][vc_row fullwidth=\u00a0\u00bbtrue\u00a0\u00bb attached=\u00a0\u00bbtrue\u00a0\u00bb][vc_column width=\u00a0\u00bb2\/4&Prime;][vc_row_inner][vc_column_inner width=\u00a0\u00bb2\/4&Prime;][mk_custom_box padding_vertical=\u00a0\u00bb0&Prime; padding_horizental=\u00a0\u00bb40&Prime; margin_bottom=\u00a0\u00bb0&Prime; min_height=\u00a0\u00bb185&Prime; background_style=\u00a0\u00bbgradient_color\u00a0\u00bb bg_grandient_color_from=\u00a0\u00bb#000000&Prime; bg_grandient_color_to=\u00a0\u00bb#777777&Prime; bg_gradient_color_angle=\u00a0\u00bbdiagonal_left_bottom\u00a0\u00bb background_hov_color_style=\u00a0\u00bbgradient_color\u00a0\u00bb][mk_padding_divider size=\u00a0\u00bb26&Prime;][mk_font_icons icon=\u00a0\u00bbmk-moon-user\u00a0\u00bb color=\u00a0\u00bb#ffffff\u00a0\u00bb size=\u00a0\u00bblarge\u00a0\u00bb margin_horizental=\u00a0\u00bb10&Prime; margin_vertical=\u00a0\u00bb10&Prime; align=\u00a0\u00bbcenter\u00a0\u00bb animation=\u00a0\u00bbtop-to-bottom\u00a0\u00bb][mk_fancy_title tag_name=\u00a0\u00bbh4&Prime; color=\u00a0\u00bb#ffffff\u00a0\u00bb size=\u00a0\u00bb20&Prime; force_font_size=\u00a0\u00bbtrue\u00a0\u00bb size_tablet=\u00a0\u00bb20&Prime; size_phone=\u00a0\u00bb25&Prime; font_weight=\u00a0\u00bbbold\u00a0\u00bb font_style=\u00a0\u00bbnormal\u00a0\u00bb txt_transform=\u00a0\u00bbcapitalize\u00a0\u00bb font_family=\u00a0\u00bbRubik\u00a0\u00bb font_type=\u00a0\u00bbgoogle\u00a0\u00bb align=\u00a0\u00bbcenter\u00a0\u00bb]3 pax[\/mk_fancy_title][\/mk_custom_box][\/vc_column_inner][vc_column_inner width=\u00a0\u00bb1\/4&Prime;][mk_custom_box padding_vertical=\u00a0\u00bb0&Prime; padding_horizental=\u00a0\u00bb\u00a0\u00bb margin_bottom=\u00a0\u00bb\u00a0\u00bb min_height=\u00a0\u00bb185&Prime; bg_color=\u00a0\u00bb#48ccfd\u00a0\u00bb background_hov_color_style=\u00a0\u00bbimage\u00a0\u00bb][mk_padding_divider size=\u00a0\u00bb26&Prime;][mk_font_icons icon=\u00a0\u00bbmk-moon-briefcase-2&Prime; color=\u00a0\u00bb#ffffff\u00a0\u00bb size=\u00a0\u00bblarge\u00a0\u00bb margin_horizental=\u00a0\u00bb10&Prime; margin_vertical=\u00a0\u00bb10&Prime; align=\u00a0\u00bbcenter\u00a0\u00bb animation=\u00a0\u00bbtop-to-bottom\u00a0\u00bb][mk_fancy_title tag_name=\u00a0\u00bbh4&Prime; color=\u00a0\u00bb#ffffff\u00a0\u00bb force_font_size=\u00a0\u00bbtrue\u00a0\u00bb size_tablet=\u00a0\u00bb20&Prime; size_phone=\u00a0\u00bb25&Prime; font_weight=\u00a0\u00bbbold\u00a0\u00bb font_style=\u00a0\u00bbnormal\u00a0\u00bb txt_transform=\u00a0\u00bbnone\u00a0\u00bb font_family=\u00a0\u00bbRubik\u00a0\u00bb font_type=\u00a0\u00bbgoogle\u00a0\u00bb align=\u00a0\u00bbcenter\u00a0\u00bb]2 valises[\/mk_fancy_title][\/mk_custom_box][\/vc_column_inner][vc_column_inner width=\u00a0\u00bb1\/4&Prime;][mk_custom_box padding_vertical=\u00a0\u00bb0&Prime; padding_horizental=\u00a0\u00bb\u00a0\u00bb margin_bottom=\u00a0\u00bb0&Prime; min_height=\u00a0\u00bb185&Prime; bg_color=\u00a0\u00bb#48ccfd\u00a0\u00bb][mk_padding_divider size=\u00a0\u00bb42&Prime;][mk_font_icons icon=\u00a0\u00bbmk-moon-briefcase-2&Prime; color=\u00a0\u00bb#ffffff\u00a0\u00bb size=\u00a0\u00bbmedium\u00a0\u00bb margin_horizental=\u00a0\u00bb10&Prime; margin_vertical=\u00a0\u00bb10&Prime; align=\u00a0\u00bbcenter\u00a0\u00bb animation=\u00a0\u00bbtop-to-bottom\u00a0\u00bb][mk_padding_divider size=\u00a0\u00bb10&Prime;][mk_fancy_title tag_name=\u00a0\u00bbh4&Prime; color=\u00a0\u00bb#ffffff\u00a0\u00bb force_font_size=\u00a0\u00bbtrue\u00a0\u00bb size_tablet=\u00a0\u00bb20&Prime; size_phone=\u00a0\u00bb25&Prime; font_weight=\u00a0\u00bbbold\u00a0\u00bb font_style=\u00a0\u00bbnormal\u00a0\u00bb txt_transform=\u00a0\u00bbnone\u00a0\u00bb font_family=\u00a0\u00bbRubik\u00a0\u00bb font_type=\u00a0\u00bbgoogle\u00a0\u00bb align=\u00a0\u00bbcenter\u00a0\u00bb]2 valises[\/mk_fancy_title][\/mk_custom_box][\/vc_column_inner][\/vc_row_inner][mk_custom_box padding_vertical=\u00a0\u00bb20&Prime; padding_horizental=\u00a0\u00bb50&Prime; margin_bottom=\u00a0\u00bb0&Prime; min_height=\u00a0\u00bb200&Prime;][mk_padding_divider size=\u00a0\u00bb120&Prime;][mk_fancy_title color=\u00a0\u00bb#00215e\u00a0\u00bb size=\u00a0\u00bb50&Prime; force_font_size=\u00a0\u00bbtrue\u00a0\u00bb size_tablet=\u00a0\u00bb25&Prime; size_phone=\u00a0\u00bb20&Prime; font_weight=\u00a0\u00bbbolder\u00a0\u00bb font_style=\u00a0\u00bbnormal\u00a0\u00bb font_family=\u00a0\u00bbnone\u00a0\u00bb animation=\u00a0\u00bbfade-in\u00a0\u00bb]Mercedes S Class[\/mk_fancy_title][vc_column_text css=\u00a0\u00bb.vc_custom_1537451253544{margin-bottom: 0px !important;}\u00a0\u00bb]Mercedes S Class: 3 personnes 2 valises standard et 2 trolleys (couleur noir, si\u00e8ges en cuir, full equip, rideaux \/ fen\u00eatres teint\u00e9es, plan 3D interactif)[\/vc_column_text][mk_custom_list style=\u00a0\u00bbmk-moon-connection\u00a0\u00bb align=\u00a0\u00bbleft\u00a0\u00bb]\n<ul>\n<li>WIFI<\/li>\n<\/ul>\n[\/mk_custom_list][\/mk_custom_box][\/vc_column][vc_column width=\u00a0\u00bb2\/4&Prime;][mk_image_slideshow images=\u00a0\u00bb2943,2958,2962&Prime; image_width=\u00a0\u00bb1000&Prime; image_height=\u00a0\u00bb700&Prime; smooth_height=\u00a0\u00bbfalse\u00a0\u00bb][\/vc_column][\/vc_row][vc_row fullwidth=\u00a0\u00bbtrue\u00a0\u00bb attached=\u00a0\u00bbtrue\u00a0\u00bb][vc_column width=\u00a0\u00bb2\/4&Prime;][vc_row_inner][vc_column_inner width=\u00a0\u00bb2\/4&Prime;][mk_custom_box padding_vertical=\u00a0\u00bb10&Prime; padding_horizental=\u00a0\u00bb40&Prime; margin_bottom=\u00a0\u00bb0&Prime; min_height=\u00a0\u00bb185&Prime; background_style=\u00a0\u00bbgradient_color\u00a0\u00bb bg_grandient_color_from=\u00a0\u00bb#000000&Prime; bg_grandient_color_to=\u00a0\u00bb#777777&Prime; bg_gradient_color_angle=\u00a0\u00bbdiagonal_left_bottom\u00a0\u00bb background_hov_color_style=\u00a0\u00bbgradient_color\u00a0\u00bb][mk_padding_divider size=\u00a0\u00bb26&Prime;][mk_font_icons icon=\u00a0\u00bbmk-moon-user\u00a0\u00bb color=\u00a0\u00bb#ffffff\u00a0\u00bb size=\u00a0\u00bblarge\u00a0\u00bb margin_horizental=\u00a0\u00bb10&Prime; margin_vertical=\u00a0\u00bb10&Prime; align=\u00a0\u00bbcenter\u00a0\u00bb animation=\u00a0\u00bbtop-to-bottom\u00a0\u00bb][mk_fancy_title tag_name=\u00a0\u00bbh4&Prime; color=\u00a0\u00bb#ffffff\u00a0\u00bb size=\u00a0\u00bb20&Prime; force_font_size=\u00a0\u00bbtrue\u00a0\u00bb size_tablet=\u00a0\u00bb20&Prime; size_phone=\u00a0\u00bb25&Prime; font_weight=\u00a0\u00bbbold\u00a0\u00bb font_style=\u00a0\u00bbnormal\u00a0\u00bb txt_transform=\u00a0\u00bbcapitalize\u00a0\u00bb font_family=\u00a0\u00bbRubik\u00a0\u00bb font_type=\u00a0\u00bbgoogle\u00a0\u00bb align=\u00a0\u00bbcenter\u00a0\u00bb]7 valises[\/mk_fancy_title][\/mk_custom_box][\/vc_column_inner][vc_column_inner width=\u00a0\u00bb1\/4&Prime;][mk_custom_box padding_vertical=\u00a0\u00bb80&Prime; padding_horizental=\u00a0\u00bb\u00a0\u00bb margin_bottom=\u00a0\u00bb\u00a0\u00bb min_height=\u00a0\u00bb185&Prime; bg_color=\u00a0\u00bb#48ccfd\u00a0\u00bb background_hov_color_style=\u00a0\u00bbimage\u00a0\u00bb][mk_padding_divider size=\u00a0\u00bb26&Prime;][mk_font_icons icon=\u00a0\u00bbmk-moon-briefcase-2&Prime; color=\u00a0\u00bb#ffffff\u00a0\u00bb size=\u00a0\u00bblarge\u00a0\u00bb margin_horizental=\u00a0\u00bb10&Prime; margin_vertical=\u00a0\u00bb10&Prime; align=\u00a0\u00bbcenter\u00a0\u00bb animation=\u00a0\u00bbtop-to-bottom\u00a0\u00bb][mk_fancy_title tag_name=\u00a0\u00bbh4&Prime; color=\u00a0\u00bb#ffffff\u00a0\u00bb force_font_size=\u00a0\u00bbtrue\u00a0\u00bb size_tablet=\u00a0\u00bb20&Prime; size_phone=\u00a0\u00bb25&Prime; font_weight=\u00a0\u00bbbold\u00a0\u00bb font_style=\u00a0\u00bbnormal\u00a0\u00bb txt_transform=\u00a0\u00bbnone\u00a0\u00bb font_family=\u00a0\u00bbRubik\u00a0\u00bb font_type=\u00a0\u00bbgoogle\u00a0\u00bb align=\u00a0\u00bbcenter\u00a0\u00bb]6 valises[\/mk_fancy_title][\/mk_custom_box][\/vc_column_inner][vc_column_inner width=\u00a0\u00bb1\/4&Prime;][mk_custom_box padding_vertical=\u00a0\u00bb0&Prime; padding_horizental=\u00a0\u00bb\u00a0\u00bb margin_bottom=\u00a0\u00bb0&Prime; min_height=\u00a0\u00bb185&Prime; bg_color=\u00a0\u00bb#48ccfd\u00a0\u00bb][mk_padding_divider size=\u00a0\u00bb42&Prime;][mk_font_icons icon=\u00a0\u00bbmk-moon-briefcase-2&Prime; color=\u00a0\u00bb#ffffff\u00a0\u00bb size=\u00a0\u00bbmedium\u00a0\u00bb margin_horizental=\u00a0\u00bb10&Prime; margin_vertical=\u00a0\u00bb10&Prime; align=\u00a0\u00bbcenter\u00a0\u00bb animation=\u00a0\u00bbtop-to-bottom\u00a0\u00bb][mk_padding_divider size=\u00a0\u00bb10&Prime;][mk_fancy_title tag_name=\u00a0\u00bbh4&Prime; color=\u00a0\u00bb#ffffff\u00a0\u00bb force_font_size=\u00a0\u00bbtrue\u00a0\u00bb size_tablet=\u00a0\u00bb20&Prime; size_phone=\u00a0\u00bb25&Prime; font_weight=\u00a0\u00bbbold\u00a0\u00bb font_style=\u00a0\u00bbnormal\u00a0\u00bb txt_transform=\u00a0\u00bbnone\u00a0\u00bb font_family=\u00a0\u00bbRubik\u00a0\u00bb font_type=\u00a0\u00bbgoogle\u00a0\u00bb align=\u00a0\u00bbcenter\u00a0\u00bb]4 valises[\/mk_fancy_title][\/mk_custom_box][\/vc_column_inner][\/vc_row_inner][mk_custom_box padding_vertical=\u00a0\u00bb0&Prime; padding_horizental=\u00a0\u00bb50&Prime; margin_bottom=\u00a0\u00bb0&Prime; min_height=\u00a0\u00bb200&Prime;][mk_padding_divider size=\u00a0\u00bb120&Prime;][mk_fancy_title color=\u00a0\u00bb#00215e\u00a0\u00bb size=\u00a0\u00bb50&Prime; force_font_size=\u00a0\u00bbtrue\u00a0\u00bb size_tablet=\u00a0\u00bb25&Prime; size_phone=\u00a0\u00bb20&Prime; font_weight=\u00a0\u00bbbolder\u00a0\u00bb font_style=\u00a0\u00bbnormal\u00a0\u00bb font_family=\u00a0\u00bbnone\u00a0\u00bb animation=\u00a0\u00bbfade-in\u00a0\u00bb]Mercedes V Class[\/mk_fancy_title][vc_column_text css=\u00a0\u00bb.vc_custom_1537451233478{margin-bottom: 0px !important;}\u00a0\u00bb]Mercedes V Class: 7 personnes 7 valises standard et 7 trolleys (couleur noir, si\u00e8ges en cuir, full equip, mini-frigo, fen\u00eatres teint\u00e9es)[\/vc_column_text][mk_custom_list style=\u00a0\u00bbmk-moon-connection\u00a0\u00bb align=\u00a0\u00bbleft\u00a0\u00bb]\n<ul>\n<li>WIFI<\/li>\n<\/ul>\n[\/mk_custom_list][\/mk_custom_box][\/vc_column][vc_column width=\u00a0\u00bb2\/4&Prime;][mk_image_slideshow images=\u00a0\u00bb2931,2927,1766,1770,1377&Prime; image_width=\u00a0\u00bb1000&Prime; image_height=\u00a0\u00bb700&Prime; smooth_height=\u00a0\u00bbfalse\u00a0\u00bb][\/vc_column][\/vc_row][vc_row fullwidth=\u00a0\u00bbtrue\u00a0\u00bb attached=\u00a0\u00bbtrue\u00a0\u00bb][vc_column width=\u00a0\u00bb2\/4&Prime;][vc_row_inner][vc_column_inner width=\u00a0\u00bb2\/4&Prime;][mk_custom_box padding_vertical=\u00a0\u00bb10&Prime; padding_horizental=\u00a0\u00bb40&Prime; margin_bottom=\u00a0\u00bb0&Prime; min_height=\u00a0\u00bb185&Prime; background_style=\u00a0\u00bbgradient_color\u00a0\u00bb bg_grandient_color_from=\u00a0\u00bb#000000&Prime; bg_grandient_color_to=\u00a0\u00bb#777777&Prime; bg_gradient_color_angle=\u00a0\u00bbdiagonal_left_bottom\u00a0\u00bb background_hov_color_style=\u00a0\u00bbgradient_color\u00a0\u00bb][mk_padding_divider size=\u00a0\u00bb26&Prime;][mk_font_icons icon=\u00a0\u00bbmk-moon-user\u00a0\u00bb color=\u00a0\u00bb#ffffff\u00a0\u00bb size=\u00a0\u00bblarge\u00a0\u00bb margin_horizental=\u00a0\u00bb10&Prime; margin_vertical=\u00a0\u00bb10&Prime; align=\u00a0\u00bbcenter\u00a0\u00bb animation=\u00a0\u00bbtop-to-bottom\u00a0\u00bb][mk_fancy_title tag_name=\u00a0\u00bbh4&Prime; color=\u00a0\u00bb#ffffff\u00a0\u00bb size=\u00a0\u00bb20&Prime; force_font_size=\u00a0\u00bbtrue\u00a0\u00bb size_tablet=\u00a0\u00bb20&Prime; size_phone=\u00a0\u00bb25&Prime; font_weight=\u00a0\u00bbbold\u00a0\u00bb font_style=\u00a0\u00bbnormal\u00a0\u00bb txt_transform=\u00a0\u00bbcapitalize\u00a0\u00bb font_family=\u00a0\u00bbRubik\u00a0\u00bb font_type=\u00a0\u00bbgoogle\u00a0\u00bb align=\u00a0\u00bbcenter\u00a0\u00bb]10\/70 pax[\/mk_fancy_title][\/mk_custom_box][\/vc_column_inner][vc_column_inner width=\u00a0\u00bb1\/4&Prime;][mk_custom_box padding_vertical=\u00a0\u00bb80&Prime; padding_horizental=\u00a0\u00bb\u00a0\u00bb margin_bottom=\u00a0\u00bb\u00a0\u00bb min_height=\u00a0\u00bb185&Prime; bg_color=\u00a0\u00bb#48ccfd\u00a0\u00bb background_hov_color_style=\u00a0\u00bbimage\u00a0\u00bb][mk_padding_divider size=\u00a0\u00bb26&Prime;][mk_font_icons icon=\u00a0\u00bbmk-moon-briefcase-2&Prime; color=\u00a0\u00bb#ffffff\u00a0\u00bb size=\u00a0\u00bblarge\u00a0\u00bb margin_horizental=\u00a0\u00bb10&Prime; margin_vertical=\u00a0\u00bb10&Prime; align=\u00a0\u00bbcenter\u00a0\u00bb animation=\u00a0\u00bbtop-to-bottom\u00a0\u00bb][mk_fancy_title tag_name=\u00a0\u00bbh4&Prime; color=\u00a0\u00bb#ffffff\u00a0\u00bb force_font_size=\u00a0\u00bbtrue\u00a0\u00bb size_tablet=\u00a0\u00bb20&Prime; size_phone=\u00a0\u00bb25&Prime; font_weight=\u00a0\u00bbbold\u00a0\u00bb font_style=\u00a0\u00bbnormal\u00a0\u00bb txt_transform=\u00a0\u00bbnone\u00a0\u00bb font_family=\u00a0\u00bbRubik\u00a0\u00bb font_type=\u00a0\u00bbgoogle\u00a0\u00bb align=\u00a0\u00bbcenter\u00a0\u00bb]10\/70 valises[\/mk_fancy_title][\/mk_custom_box][\/vc_column_inner][vc_column_inner width=\u00a0\u00bb1\/4&Prime;][mk_custom_box padding_vertical=\u00a0\u00bb0&Prime; padding_horizental=\u00a0\u00bb\u00a0\u00bb margin_bottom=\u00a0\u00bb0&Prime; min_height=\u00a0\u00bb185&Prime; bg_color=\u00a0\u00bb#48ccfd\u00a0\u00bb][mk_padding_divider size=\u00a0\u00bb42&Prime;][mk_font_icons icon=\u00a0\u00bbmk-moon-briefcase-2&Prime; color=\u00a0\u00bb#ffffff\u00a0\u00bb size=\u00a0\u00bbmedium\u00a0\u00bb margin_horizental=\u00a0\u00bb10&Prime; margin_vertical=\u00a0\u00bb10&Prime; align=\u00a0\u00bbcenter\u00a0\u00bb animation=\u00a0\u00bbtop-to-bottom\u00a0\u00bb][mk_padding_divider size=\u00a0\u00bb10&Prime;][mk_fancy_title tag_name=\u00a0\u00bbh4&Prime; color=\u00a0\u00bb#ffffff\u00a0\u00bb force_font_size=\u00a0\u00bbtrue\u00a0\u00bb size_tablet=\u00a0\u00bb20&Prime; size_phone=\u00a0\u00bb25&Prime; font_weight=\u00a0\u00bbbold\u00a0\u00bb font_style=\u00a0\u00bbnormal\u00a0\u00bb txt_transform=\u00a0\u00bbnone\u00a0\u00bb font_family=\u00a0\u00bbRubik\u00a0\u00bb font_type=\u00a0\u00bbgoogle\u00a0\u00bb align=\u00a0\u00bbcenter\u00a0\u00bb]10\/70 valises[\/mk_fancy_title][\/mk_custom_box][\/vc_column_inner][\/vc_row_inner][mk_custom_box padding_vertical=\u00a0\u00bb20&Prime; padding_horizental=\u00a0\u00bb50&Prime; margin_bottom=\u00a0\u00bb0&Prime; min_height=\u00a0\u00bb200&Prime;][mk_padding_divider size=\u00a0\u00bb120&Prime;][mk_fancy_title color=\u00a0\u00bb#00215e\u00a0\u00bb size=\u00a0\u00bb50&Prime; force_font_size=\u00a0\u00bbtrue\u00a0\u00bb size_tablet=\u00a0\u00bb25&Prime; size_phone=\u00a0\u00bb20&Prime; font_weight=\u00a0\u00bbbolder\u00a0\u00bb font_style=\u00a0\u00bbnormal\u00a0\u00bb font_family=\u00a0\u00bbnone\u00a0\u00bb animation=\u00a0\u00bbfade-in\u00a0\u00bb]Autocars[\/mk_fancy_title][vc_column_text css=\u00a0\u00bb.vc_custom_1537451183315{margin-bottom: 0px !important;}\u00a0\u00bb]Autocars 10\/70 pax[\/vc_column_text][mk_custom_list style=\u00a0\u00bbmk-moon-connection\u00a0\u00bb align=\u00a0\u00bbleft\u00a0\u00bb]\n<ul>\n<li>WIFI<\/li>\n<\/ul>\n[\/mk_custom_list][\/mk_custom_box][\/vc_column][vc_column width=\u00a0\u00bb2\/4&Prime;][mk_image_slideshow images=\u00a0\u00bb2032&Prime; image_width=\u00a0\u00bb1000&Prime; image_height=\u00a0\u00bb700&Prime; smooth_height=\u00a0\u00bbfalse\u00a0\u00bb][\/vc_column][\/vc_row][mk_page_section bg_image=\u00a0\u00bbhttp:\/\/diagonalmarlimousines.com\/wp-content\/uploads\/2018\/04\/mercedes-s-class-interior2.jpg\u00a0\u00bb bg_position=\u00a0\u00bbcenter center\u00a0\u00bb bg_repeat=\u00a0\u00bbno-repeat\u00a0\u00bb bg_stretch=\u00a0\u00bbtrue\u00a0\u00bb enable_3d=\u00a0\u00bbtrue\u00a0\u00bb video_color_mask=\u00a0\u00bb#000000&Prime; video_opacity=\u00a0\u00bb0.2&Prime; padding_top=\u00a0\u00bb0&Prime; padding_bottom=\u00a0\u00bb80&Prime; top_shape_style=\u00a0\u00bbjagged-rounded-top\u00a0\u00bb top_shape_color=\u00a0\u00bb#ffffff\u00a0\u00bb has_bottom_shape_divider=\u00a0\u00bbtrue\u00a0\u00bb bottom_shape_style=\u00a0\u00bbjagged-rounded-bottom\u00a0\u00bb bottom_shape_color=\u00a0\u00bb#222328&Prime; section_id=\u00a0\u00bbstart\u00a0\u00bb sidebar=\u00a0\u00bbsidebar-1&Prime;][vc_column css=\u00a0\u00bb.vc_custom_1493046330834{background-color: rgba(0,33,94,0.6) !important;*background-color: rgb(0,33,94) !important;}\u00a0\u00bb][mk_padding_divider size=\u00a0\u00bb75&Prime;][mk_fancy_title color=\u00a0\u00bb#ffffff\u00a0\u00bb size=\u00a0\u00bb35&Prime; force_font_size=\u00a0\u00bbtrue\u00a0\u00bb font_weight=\u00a0\u00bbbold\u00a0\u00bb font_style=\u00a0\u00bbnormal\u00a0\u00bb font_family=\u00a0\u00bbnone\u00a0\u00bb align=\u00a0\u00bbcenter\u00a0\u00bb]Conductores profesionales a su servicio[\/mk_fancy_title][vc_column_text css=\u00a0\u00bb.vc_custom_1537451152693{margin-bottom: 0px !important;}\u00a0\u00bb]<span style=\"color: #ffffff;\">All our vehicles are equipped with water and WIFI on board and consist of a satellite tracking system, which allows us to know at all times where our vehicles are and thus get a more complete guarantee of success in services.\u00a0<\/span><\/p>\n<ul>\n<li><span style=\"color: #ffffff;\">Minibuses \/ Coaches: Different sizes from 9 to 70 seats (and on request, leather seats, washbasin, panoramic roof, WIFI)<\/span><\/li>\n<\/ul>\n<p><span style=\"color: #ffffff;\">Do not hesitate, let us be the first impression of your company with our fleet and our uniformed drivers. There is no better way to receive your customers as they deserve.\u00a0<\/span>[\/vc_column_text][mk_padding_divider][\/vc_column][\/mk_page_section]\n<\/div>","protected":false},"excerpt":{"rendered":"<p>[vc_row fullwidth=\u00a0\u00bbtrue\u00a0\u00bb][vc_column][mk_edge_slider first_el=\u00a0\u00bbtrue\u00a0\u00bb swiper_bg=\u00a0\u00bb\u00a0\u00bb order=\u00a0\u00bbASC\u00a0\u00bb full_height=\u00a0\u00bbfalse\u00a0\u00bb height=\u00a0\u00bb800&Prime; direction_nav=\u00a0\u00bbround\u00a0\u00bb skip_arrow=\u00a0\u00bbfalse\u00a0\u00bb][\/vc_column][\/vc_row][vc_row][vc_column width=\u00a0\u00bb2\/12&Prime;][\/vc_column][vc_column width=\u00a0\u00bb8\/12&Prime;][mk_padding_divider size=\u00a0\u00bb73&Prime;][vc_column_text css=\u00a0\u00bb.vc_custom_1537450561909{margin-bottom: 0px !important;}\u00a0\u00bb]Voyagez de la plus s\u00fbre forme, \u00e9l\u00e9gante et confortable, avec la flotte de Diagonal Mar Limousines. Tous nos v\u00e9hicules de luxe et nos autocars ont \u00e9t\u00e9 m\u00e9ticuleusement sellectionn\u00e9s entre les principaux fabricants comme Mercedes, Scania ou Volvo.[\/vc_column_text][mk_padding_divider size=\u00a0\u00bb73&Prime;][\/vc_column][vc_column width=\u00a0\u00bb2\/12&Prime;][\/vc_column][\/vc_row][vc_row fullwidth=\u00a0\u00bbtrue\u00a0\u00bb attached=\u00a0\u00bbtrue\u00a0\u00bb][vc_column [&hellip;]<\/p>\n","protected":false},"author":1,"featured_media":0,"parent":0,"menu_order":0,"comment_status":"closed","ping_status":"closed","template":"","meta":{"footnotes":""},"class_list":["post-2226","page","type-page","status-publish","hentry"],"_links":{"self":[{"href":"https:\/\/www.diagonalmarlimousines.com\/fr\/wp-json\/wp\/v2\/pages\/2226","targetHints":{"allow":["GET"]}}],"collection":[{"href":"https:\/\/www.diagonalmarlimousines.com\/fr\/wp-json\/wp\/v2\/pages"}],"about":[{"href":"https:\/\/www.diagonalmarlimousines.com\/fr\/wp-json\/wp\/v2\/types\/page"}],"author":[{"embeddable":true,"href":"https:\/\/www.diagonalmarlimousines.com\/fr\/wp-json\/wp\/v2\/users\/1"}],"replies":[{"embeddable":true,"href":"https:\/\/www.diagonalmarlimousines.com\/fr\/wp-json\/wp\/v2\/comments?post=2226"}],"version-history":[{"count":7,"href":"https:\/\/www.diagonalmarlimousines.com\/fr\/wp-json\/wp\/v2\/pages\/2226\/revisions"}],"predecessor-version":[{"id":2973,"href":"https:\/\/www.diagonalmarlimousines.com\/fr\/wp-json\/wp\/v2\/pages\/2226\/revisions\/2973"}],"wp:attachment":[{"href":"https:\/\/www.diagonalmarlimousines.com\/fr\/wp-json\/wp\/v2\/media?parent=2226"}],"curies":[{"name":"wp","href":"https:\/\/api.w.org\/{rel}","templated":true}]}}