{"id":2252,"date":"2018-10-08T16:22:15","date_gmt":"2018-10-08T16:22:15","guid":{"rendered":"http:\/\/diagonalmarlimousines.com\/?page_id=2252\/"},"modified":"2018-10-17T18:34:04","modified_gmt":"2018-10-17T18:34:04","slug":"eventos-deportivos","status":"publish","type":"page","link":"https:\/\/www.diagonalmarlimousines.com\/fr\/services\/eventos-deportivos\/","title":{"rendered":"\u00c9vennements sportifs"},"content":{"rendered":"[mk_page_section bg_position=\u00a0\u00bbcenter center\u00a0\u00bb bg_repeat=\u00a0\u00bbno-repeat\u00a0\u00bb bg_stretch=\u00a0\u00bbtrue\u00a0\u00bb video_opacity=\u00a0\u00bb0&Prime; full_width=\u00a0\u00bbtrue\u00a0\u00bb top_shape_size=\u00a0\u00bbsmall\u00a0\u00bb top_shape_color=\u00a0\u00bb#ffffff\u00a0\u00bb bottom_shape_size=\u00a0\u00bbsmall\u00a0\u00bb bottom_shape_color=\u00a0\u00bb#ffffff\u00a0\u00bb sidebar=\u00a0\u00bbsidebar-1&Prime;][vc_column][mk_edge_slider first_el=\u00a0\u00bbtrue\u00a0\u00bb swiper_bg=\u00a0\u00bb\u00a0\u00bb order=\u00a0\u00bbASC\u00a0\u00bb height=\u00a0\u00bb1000&Prime; direction_nav=\u00a0\u00bbround\u00a0\u00bb skip_arrow=\u00a0\u00bbfalse\u00a0\u00bb][\/vc_column][\/mk_page_section][mk_page_section bg_image=\u00a0\u00bbhttp:\/\/diagonalmarlimousines.com\/wp-content\/uploads\/2018\/04\/traslados-circuit-de-catalunya-diagonal-mar-.jpg\u00a0\u00bb bg_position=\u00a0\u00bbcenter center\u00a0\u00bb bg_repeat=\u00a0\u00bbno-repeat\u00a0\u00bb bg_stretch=\u00a0\u00bbtrue\u00a0\u00bb min_height=\u00a0\u00bb600&Prime; full_width=\u00a0\u00bbtrue\u00a0\u00bb js_vertical_centered=\u00a0\u00bbtrue\u00a0\u00bb has_top_shape_divider=\u00a0\u00bbtrue\u00a0\u00bb top_shape_size=\u00a0\u00bbsmall\u00a0\u00bb top_shape_color=\u00a0\u00bb#ffffff\u00a0\u00bb has_bottom_shape_divider=\u00a0\u00bbtrue\u00a0\u00bb bottom_shape_size=\u00a0\u00bbsmall\u00a0\u00bb bottom_shape_color=\u00a0\u00bb#ffffff\u00a0\u00bb sidebar=\u00a0\u00bbsidebar-1&Prime;][vc_column width=\u00a0\u00bb1\/2&Prime;][mk_padding_divider][mk_custom_box corner_radius=\u00a0\u00bb15&Prime; padding_vertical=\u00a0\u00bb50&Prime; background_style=\u00a0\u00bbgradient_color\u00a0\u00bb bg_grandient_color_from=\u00a0\u00bb#00215e\u00a0\u00bb bg_grandient_color_to=\u00a0\u00bb#48ccfd\u00a0\u00bb bg_gradient_color_angle=\u00a0\u00bbdiagonal_left_bottom\u00a0\u00bb background_hov_color_style=\u00a0\u00bbgradient_color\u00a0\u00bb][mk_fancy_title color=\u00a0\u00bb#ffffff\u00a0\u00bb size=\u00a0\u00bb40&Prime; force_font_size=\u00a0\u00bbtrue\u00a0\u00bb size_smallscreen=\u00a0\u00bb30&Prime; size_tablet=\u00a0\u00bb25&Prime; size_phone=\u00a0\u00bb20&Prime; font_family=\u00a0\u00bbnone\u00a0\u00bb]Formule 1 et Moto GP: Circuit de Barcelone-Catalogne[\/mk_fancy_title][vc_column_text css=\u00a0\u00bb.vc_custom_1539015705019{margin-bottom: 0px !important;}\u00a0\u00bb]<span style=\"color: #ffffff;\">Les mondials de motoGP et Formule 1 vous attendent au Circuit de Catalogne, \u00e0 seulement 40 kms de Barcelone. Diagonal Mar Limousines vous fera profiter des courses de la meilleure mani\u00e8re possible.<\/span><\/p>\n<p><span style=\"color: #ffffff;\">Le Circuit de Catalogne c\u2019est positionn\u00e9 comme un des meulleurs circuits permanents. C\u2019est un sc\u00e9nario unique pour l\u2019organisation d\u2019\u00e9vennements, d\u00e8s qu\u2019on loue les installations.<\/span>[\/vc_column_text][mk_button corner_style=\u00a0\u00bbfull_rounded\u00a0\u00bb size=\u00a0\u00bbmedium\u00a0\u00bb]Reservar[\/mk_button][\/mk_custom_box][\/vc_column][vc_column width=\u00a0\u00bb1\/2&Prime;][\/vc_column][\/mk_page_section][mk_page_section bg_image=\u00a0\u00bbhttp:\/\/diagonalmarlimousines.com\/wp-content\/uploads\/2017\/05\/camp_nou_fc_barcelona_-_fc_bayern_munich_2013_-_02-3.jpg\u00a0\u00bb bg_position=\u00a0\u00bbcenter center\u00a0\u00bb bg_repeat=\u00a0\u00bbno-repeat\u00a0\u00bb bg_stretch=\u00a0\u00bbtrue\u00a0\u00bb min_height=\u00a0\u00bb600&Prime; full_width=\u00a0\u00bbtrue\u00a0\u00bb js_vertical_centered=\u00a0\u00bbtrue\u00a0\u00bb has_top_shape_divider=\u00a0\u00bbtrue\u00a0\u00bb top_shape_size=\u00a0\u00bbsmall\u00a0\u00bb top_shape_color=\u00a0\u00bb#ffffff\u00a0\u00bb has_bottom_shape_divider=\u00a0\u00bbtrue\u00a0\u00bb bottom_shape_size=\u00a0\u00bbsmall\u00a0\u00bb bottom_shape_color=\u00a0\u00bb#ffffff\u00a0\u00bb sidebar=\u00a0\u00bbsidebar-1&Prime;][vc_column width=\u00a0\u00bb1\/2&Prime;][\/vc_column][vc_column width=\u00a0\u00bb1\/2&Prime;][mk_custom_box corner_radius=\u00a0\u00bb15&Prime; padding_vertical=\u00a0\u00bb50&Prime; background_style=\u00a0\u00bbgradient_color\u00a0\u00bb bg_grandient_color_from=\u00a0\u00bb#00215e\u00a0\u00bb bg_grandient_color_to=\u00a0\u00bb#48ccfd\u00a0\u00bb bg_gradient_color_angle=\u00a0\u00bbdiagonal_left_bottom\u00a0\u00bb background_hov_color_style=\u00a0\u00bbgradient_color\u00a0\u00bb][mk_padding_divider][mk_fancy_title color=\u00a0\u00bb#ffffff\u00a0\u00bb size=\u00a0\u00bb40&Prime; force_font_size=\u00a0\u00bbtrue\u00a0\u00bb size_smallscreen=\u00a0\u00bb30&Prime; size_tablet=\u00a0\u00bb25&Prime; size_phone=\u00a0\u00bb20&Prime; font_family=\u00a0\u00bbnone\u00a0\u00bb]Futballl: Le Camp Nou[\/mk_fancy_title][vc_column_text css=\u00a0\u00bb.vc_custom_1539015679056{margin-bottom: 0px !important;}\u00a0\u00bb]\n<div class=\"packdescripcion1\">\n<p><span style=\"color: #ffffff;\">Probablement les espagnols nous sommes connus par notre d\u00e9votion pour le football. Et n\u2019importe quel soit notre \u00e9quipe, notre passe-temps nous \u00e9meut. Dans Diagonal Mar Limousines nous vous invitons \u00e0 vivre l\u2019ambiance et attraper l\u2019esprit et les couleurs de nos \u00e9quipes, FC Barcelona, Real Madrid, RCD Espanyol\u2026<\/span><\/p>\n<p><span style=\"color: #ffffff;\">Osez sentir l\u2019\u00e9motion du moment au stade plus grand de l\u2019Europe, et laissez-nous y contribuer. Diagonal Mar Limousines se pr\u00e9ocupera de comment y arriver et o\u00f9 garer, nos chauffeurs s\u2019occuperont de tout. Venez, profitez, et c\u00e9l\u00e9brez votre victoire!<\/span><\/p>\n<\/div>\n[\/vc_column_text][mk_button corner_style=\u00a0\u00bbfull_rounded\u00a0\u00bb size=\u00a0\u00bbmedium\u00a0\u00bb]Reservar[\/mk_button][\/mk_custom_box][\/vc_column][\/mk_page_section]\n","protected":false},"excerpt":{"rendered":"<p>[mk_page_section bg_position=\u00a0\u00bbcenter center\u00a0\u00bb bg_repeat=\u00a0\u00bbno-repeat\u00a0\u00bb bg_stretch=\u00a0\u00bbtrue\u00a0\u00bb video_opacity=\u00a0\u00bb0&Prime; full_width=\u00a0\u00bbtrue\u00a0\u00bb top_shape_size=\u00a0\u00bbsmall\u00a0\u00bb top_shape_color=\u00a0\u00bb#ffffff\u00a0\u00bb bottom_shape_size=\u00a0\u00bbsmall\u00a0\u00bb bottom_shape_color=\u00a0\u00bb#ffffff\u00a0\u00bb sidebar=\u00a0\u00bbsidebar-1&Prime;][vc_column][mk_edge_slider first_el=\u00a0\u00bbtrue\u00a0\u00bb swiper_bg=\u00a0\u00bb\u00a0\u00bb order=\u00a0\u00bbASC\u00a0\u00bb height=\u00a0\u00bb1000&Prime; direction_nav=\u00a0\u00bbround\u00a0\u00bb skip_arrow=\u00a0\u00bbfalse\u00a0\u00bb][\/vc_column][\/mk_page_section][mk_page_section bg_image=\u00a0\u00bbhttp:\/\/diagonalmarlimousines.com\/wp-content\/uploads\/2018\/04\/traslados-circuit-de-catalunya-diagonal-mar-.jpg\u00a0\u00bb bg_position=\u00a0\u00bbcenter center\u00a0\u00bb bg_repeat=\u00a0\u00bbno-repeat\u00a0\u00bb bg_stretch=\u00a0\u00bbtrue\u00a0\u00bb min_height=\u00a0\u00bb600&Prime; full_width=\u00a0\u00bbtrue\u00a0\u00bb js_vertical_centered=\u00a0\u00bbtrue\u00a0\u00bb has_top_shape_divider=\u00a0\u00bbtrue\u00a0\u00bb top_shape_size=\u00a0\u00bbsmall\u00a0\u00bb top_shape_color=\u00a0\u00bb#ffffff\u00a0\u00bb has_bottom_shape_divider=\u00a0\u00bbtrue\u00a0\u00bb bottom_shape_size=\u00a0\u00bbsmall\u00a0\u00bb bottom_shape_color=\u00a0\u00bb#ffffff\u00a0\u00bb sidebar=\u00a0\u00bbsidebar-1&Prime;][vc_column width=\u00a0\u00bb1\/2&Prime;][mk_padding_divider][mk_custom_box corner_radius=\u00a0\u00bb15&Prime; padding_vertical=\u00a0\u00bb50&Prime; background_style=\u00a0\u00bbgradient_color\u00a0\u00bb bg_grandient_color_from=\u00a0\u00bb#00215e\u00a0\u00bb bg_grandient_color_to=\u00a0\u00bb#48ccfd\u00a0\u00bb bg_gradient_color_angle=\u00a0\u00bbdiagonal_left_bottom\u00a0\u00bb background_hov_color_style=\u00a0\u00bbgradient_color\u00a0\u00bb][mk_fancy_title color=\u00a0\u00bb#ffffff\u00a0\u00bb size=\u00a0\u00bb40&Prime; force_font_size=\u00a0\u00bbtrue\u00a0\u00bb size_smallscreen=\u00a0\u00bb30&Prime; size_tablet=\u00a0\u00bb25&Prime; size_phone=\u00a0\u00bb20&Prime; font_family=\u00a0\u00bbnone\u00a0\u00bb]Formule 1 et Moto GP: Circuit de Barcelone-Catalogne[\/mk_fancy_title][vc_column_text [&hellip;]<\/p>\n","protected":false},"author":1,"featured_media":0,"parent":2318,"menu_order":0,"comment_status":"closed","ping_status":"closed","template":"","meta":{"footnotes":""},"class_list":["post-2252","page","type-page","status-publish","hentry"],"_links":{"self":[{"href":"https:\/\/www.diagonalmarlimousines.com\/fr\/wp-json\/wp\/v2\/pages\/2252","targetHints":{"allow":["GET"]}}],"collection":[{"href":"https:\/\/www.diagonalmarlimousines.com\/fr\/wp-json\/wp\/v2\/pages"}],"about":[{"href":"https:\/\/www.diagonalmarlimousines.com\/fr\/wp-json\/wp\/v2\/types\/page"}],"author":[{"embeddable":true,"href":"https:\/\/www.diagonalmarlimousines.com\/fr\/wp-json\/wp\/v2\/users\/1"}],"replies":[{"embeddable":true,"href":"https:\/\/www.diagonalmarlimousines.com\/fr\/wp-json\/wp\/v2\/comments?post=2252"}],"version-history":[{"count":5,"href":"https:\/\/www.diagonalmarlimousines.com\/fr\/wp-json\/wp\/v2\/pages\/2252\/revisions"}],"predecessor-version":[{"id":2471,"href":"https:\/\/www.diagonalmarlimousines.com\/fr\/wp-json\/wp\/v2\/pages\/2252\/revisions\/2471"}],"up":[{"embeddable":true,"href":"https:\/\/www.diagonalmarlimousines.com\/fr\/wp-json\/wp\/v2\/pages\/2318"}],"wp:attachment":[{"href":"https:\/\/www.diagonalmarlimousines.com\/fr\/wp-json\/wp\/v2\/media?parent=2252"}],"curies":[{"name":"wp","href":"https:\/\/api.w.org\/{rel}","templated":true}]}}