{"id":2318,"date":"2018-10-09T14:44:48","date_gmt":"2018-10-09T14:44:48","guid":{"rendered":"http:\/\/diagonalmarlimousines.com\/?page_id=2318\/"},"modified":"2018-10-18T17:16:38","modified_gmt":"2018-10-18T17:16:38","slug":"services","status":"publish","type":"page","link":"https:\/\/www.diagonalmarlimousines.com\/fr\/services\/","title":{"rendered":"Services"},"content":{"rendered":"[mk_page_section bg_position=\u00a0\u00bbcenter center\u00a0\u00bb bg_repeat=\u00a0\u00bbno-repeat\u00a0\u00bb bg_stretch=\u00a0\u00bbtrue\u00a0\u00bb video_opacity=\u00a0\u00bb0&Prime; full_width=\u00a0\u00bbtrue\u00a0\u00bb full_height=\u00a0\u00bbtrue\u00a0\u00bb intro_effect=\u00a0\u00bbzoom_out\u00a0\u00bb top_shape_color=\u00a0\u00bb#ffffff\u00a0\u00bb bottom_shape_color=\u00a0\u00bb#ffffff\u00a0\u00bb sidebar=\u00a0\u00bbsidebar-1&Prime;][vc_column][mk_edge_slider first_el=\u00a0\u00bbtrue\u00a0\u00bb swiper_bg=\u00a0\u00bb\u00a0\u00bb order=\u00a0\u00bbASC\u00a0\u00bb height=\u00a0\u00bb800&Prime; direction_nav=\u00a0\u00bbround\u00a0\u00bb skip_arrow=\u00a0\u00bbfalse\u00a0\u00bb][\/vc_column][\/mk_page_section][mk_page_section bg_image=\u00a0\u00bbhttp:\/\/diagonalmarlimousines.com\/wp-content\/uploads\/2018\/02\/diagonal-mar-alquiler-coches-conductor-barcelona-31.jpg\u00a0\u00bb attachment=\u00a0\u00bbfixed\u00a0\u00bb bg_position=\u00a0\u00bbcenter center\u00a0\u00bb bg_repeat=\u00a0\u00bbno-repeat\u00a0\u00bb bg_stretch=\u00a0\u00bbtrue\u00a0\u00bb video_mask=\u00a0\u00bbtrue\u00a0\u00bb video_color_mask=\u00a0\u00bbrgba(0,33,94,0.75)\u00a0\u00bb min_height=\u00a0\u00bb500&Prime; full_height=\u00a0\u00bbtrue\u00a0\u00bb has_top_shape_divider=\u00a0\u00bbtrue\u00a0\u00bb top_shape_size=\u00a0\u00bbsmall\u00a0\u00bb top_shape_color=\u00a0\u00bb#ffffff\u00a0\u00bb bottom_shape_size=\u00a0\u00bbsmall\u00a0\u00bb bottom_shape_color=\u00a0\u00bb#ffffff\u00a0\u00bb sidebar=\u00a0\u00bbsidebar-1&Prime;][vc_column][mk_fancy_title color=\u00a0\u00bb#ffffff\u00a0\u00bb size=\u00a0\u00bb35&Prime; font_weight=\u00a0\u00bbbold\u00a0\u00bb font_style=\u00a0\u00bbnormal\u00a0\u00bb font_family=\u00a0\u00bbnone\u00a0\u00bb align=\u00a0\u00bbcenter\u00a0\u00bb]Services[\/mk_fancy_title][\/vc_column][vc_column width=\u00a0\u00bb1\/3&Prime;][mk_custom_box corner_radius=\u00a0\u00bb26&Prime; padding_vertical=\u00a0\u00bb25&Prime; padding_horizental=\u00a0\u00bb0&Prime; min_height=\u00a0\u00bb400&Prime; background_style=\u00a0\u00bbgradient_color\u00a0\u00bb bg_grandient_color_from=\u00a0\u00bbrgba(128,204,255,0.4)\u00a0\u00bb bg_grandient_color_to=\u00a0\u00bbrgba(80,108,109,0.4)\u00a0\u00bb background_hov_color_style=\u00a0\u00bbgradient_color\u00a0\u00bb][vc_single_image image=\u00a0\u00bb1790&Prime; img_size=\u00a0\u00bb400&#215;250&Prime;][mk_title_box color=\u00a0\u00bb#ffffff\u00a0\u00bb font_weight=\u00a0\u00bbbold\u00a0\u00bb font_family=\u00a0\u00bbnone\u00a0\u00bb]\n<h3 style=\"text-align: center;\"><span style=\"color: #ffffff;\">TRANSFERS<\/span><\/h3>\n[\/mk_title_box][vc_column_text css=\u00a0\u00bb.vc_custom_1539106322853{margin-bottom: 0px !important;}\u00a0\u00bb]\n<p style=\"padding-left: 30px;\"><span style=\"color: #ffffff;\">\u00c0 Diagonal Mar Limousines nous offrons la fa\u00e7on la plus commode de se d\u00e9placer par Barcelone avec nos transfers d\u00e8s l\u2019a\u00e9roport, le port, et les gares de train. Ci-dessous le d\u00e9tail de nos proc\u00e9dures:\u00a0\u00a0A\u00e9roport,\u00a0Port,\u00a0Gare de Sants.\u00a0Ces options apart, nous voulons aussi faire votre s\u00e9jour le plus commode possible en vous offrant les transfers en ville, une solution personnalis\u00e9e pour tous vos d\u00e9placements.<\/span><\/p>\n[\/vc_column_text][mk_padding_divider size=\u00a0\u00bb72&Prime;][mk_button dimension=\u00a0\u00bboutline\u00a0\u00bb corner_style=\u00a0\u00bbfull_rounded\u00a0\u00bb size=\u00a0\u00bblarge\u00a0\u00bb url=\u00a0\u00bb\/fr\/traslados\u00a0\u00bb align=\u00a0\u00bbcenter\u00a0\u00bb outline_skin=\u00a0\u00bbcustom\u00a0\u00bb outline_active_color=\u00a0\u00bb#80ccff\u00a0\u00bb outline_active_text_color=\u00a0\u00bb#80ccff\u00a0\u00bb outline_hover_bg_color=\u00a0\u00bb#ffffff\u00a0\u00bb outline_hover_color=\u00a0\u00bb#80ccff\u00a0\u00bb]Plus d&rsquo;info[\/mk_button][\/mk_custom_box][\/vc_column][vc_column width=\u00a0\u00bb1\/3&Prime;][mk_custom_box corner_radius=\u00a0\u00bb26&Prime; padding_vertical=\u00a0\u00bb25&Prime; padding_horizental=\u00a0\u00bb0&Prime; min_height=\u00a0\u00bb400&Prime; background_style=\u00a0\u00bbgradient_color\u00a0\u00bb bg_grandient_color_from=\u00a0\u00bbrgba(128,204,255,0.4)\u00a0\u00bb bg_grandient_color_to=\u00a0\u00bbrgba(80,108,109,0.4)\u00a0\u00bb background_hov_color_style=\u00a0\u00bbgradient_color\u00a0\u00bb][vc_single_image image=\u00a0\u00bb1794&Prime; img_size=\u00a0\u00bb400&#215;250&Prime;][mk_title_box color=\u00a0\u00bb#ffffff\u00a0\u00bb font_weight=\u00a0\u00bbbold\u00a0\u00bb font_family=\u00a0\u00bbnone\u00a0\u00bb]\n<h3 style=\"text-align: center;\"><span style=\"color: #ffffff;\">TOURS<\/span><\/h3>\n[\/mk_title_box][vc_column_text css=\u00a0\u00bb.vc_custom_1539095926127{margin-bottom: 0px !important;}\u00a0\u00bb]\n<p style=\"padding-left: 30px;\"><span style=\"color: #ffffff;\">Laissez Diagonal Mar Limousines vous montrez les principales attractions touristiques de la Catalogne. Nous arrangerons un tour personnalis\u00e9 d\u2019accord \u00e0 vos pr\u00e9f\u00e9rences et les lieus en lesquels vous \u00eates int\u00e9ress\u00e9s. Nous vous sugg\u00e9rons un tour des endroits plus importants, ou vous pouvez nous dire qu\u2019est-ce que vous voules voire, et nous ferons quelque chose de sp\u00e9cial pour vous.<\/span><\/p>\n<p style=\"padding-left: 30px;\"><span style=\"color: #ffffff;\">Nos chauffeurs vont combiner leur exp\u00e9rience et connaissance de la ville pour faire votre tour memorable.<\/span><\/p>\n[\/vc_column_text][mk_button dimension=\u00a0\u00bboutline\u00a0\u00bb corner_style=\u00a0\u00bbfull_rounded\u00a0\u00bb size=\u00a0\u00bblarge\u00a0\u00bb url=\u00a0\u00bb\/fr\/services\/tours\/\u00a0\u00bb align=\u00a0\u00bbcenter\u00a0\u00bb outline_skin=\u00a0\u00bbcustom\u00a0\u00bb outline_active_color=\u00a0\u00bb#80ccff\u00a0\u00bb outline_active_text_color=\u00a0\u00bb#80ccff\u00a0\u00bb outline_hover_bg_color=\u00a0\u00bb#ffffff\u00a0\u00bb outline_hover_color=\u00a0\u00bb#80ccff\u00a0\u00bb]Plun d&rsquo;info[\/mk_button][\/mk_custom_box][mk_padding_divider size=\u00a0\u00bb20&Prime;][\/vc_column][vc_column width=\u00a0\u00bb1\/3&Prime;][mk_custom_box corner_radius=\u00a0\u00bb26&Prime; padding_vertical=\u00a0\u00bb25&Prime; padding_horizental=\u00a0\u00bb0&Prime; min_height=\u00a0\u00bb400&Prime; background_style=\u00a0\u00bbgradient_color\u00a0\u00bb bg_grandient_color_from=\u00a0\u00bbrgba(128,204,255,0.4)\u00a0\u00bb bg_grandient_color_to=\u00a0\u00bbrgba(80,108,109,0.4)\u00a0\u00bb background_hov_color_style=\u00a0\u00bbgradient_color\u00a0\u00bb][vc_single_image image=\u00a0\u00bb1806&Prime; img_size=\u00a0\u00bb400&#215;250&Prime;][mk_title_box color=\u00a0\u00bb#ffffff\u00a0\u00bb font_weight=\u00a0\u00bbbold\u00a0\u00bb font_family=\u00a0\u00bbnone\u00a0\u00bb]\n<h3 style=\"text-align: center;\"><span style=\"color: #ffffff;\">CONGR\u00c8S<\/span><\/h3>\n[\/mk_title_box][vc_column_text css=\u00a0\u00bb.vc_custom_1539095551142{margin-bottom: 0px !important;}\u00a0\u00bb]\n<p style=\"padding-left: 30px;\"><span style=\"color: #ffffff;\">Comme experts en gestion de groupes pour \u00e9vennements, nous vous conseillerons toujours la meilleure option pour servir vos clients. D\u00e8s notre bureau nous gestionnerons tous les d\u00e9tails n\u00e9cessaires (surveillance de vols, croisiers ou trains, terminales\u2026) et nos chauffeurs seront la premi\u00e8re impression de votre soci\u00e9t\u00e9, avec la garantie de professionnalit\u00e9, ponctualit\u00e9 et discr\u00e9tion.<\/span><\/p>\n[\/vc_column_text][mk_padding_divider size=\u00a0\u00bb95&Prime;][mk_button dimension=\u00a0\u00bboutline\u00a0\u00bb corner_style=\u00a0\u00bbfull_rounded\u00a0\u00bb size=\u00a0\u00bblarge\u00a0\u00bb url=\u00a0\u00bb\/fr\/services\/congres\/\u00a0\u00bb align=\u00a0\u00bbcenter\u00a0\u00bb outline_skin=\u00a0\u00bbcustom\u00a0\u00bb outline_active_color=\u00a0\u00bb#80ccff\u00a0\u00bb outline_active_text_color=\u00a0\u00bb#80ccff\u00a0\u00bb outline_hover_bg_color=\u00a0\u00bb#ffffff\u00a0\u00bb outline_hover_color=\u00a0\u00bb#80ccff\u00a0\u00bb]Plus d&rsquo;info[\/mk_button][\/mk_custom_box][\/vc_column][vc_column][\/vc_column][vc_column width=\u00a0\u00bb1\/3&Prime;][mk_custom_box corner_radius=\u00a0\u00bb26&Prime; padding_vertical=\u00a0\u00bb25&Prime; padding_horizental=\u00a0\u00bb0&Prime; min_height=\u00a0\u00bb400&Prime; background_style=\u00a0\u00bbgradient_color\u00a0\u00bb bg_grandient_color_from=\u00a0\u00bbrgba(128,204,255,0.4)\u00a0\u00bb bg_grandient_color_to=\u00a0\u00bbrgba(80,108,109,0.4)\u00a0\u00bb background_hov_color_style=\u00a0\u00bbgradient_color\u00a0\u00bb][vc_single_image image=\u00a0\u00bb1786&Prime; img_size=\u00a0\u00bb400&#215;250&Prime;][mk_title_box color=\u00a0\u00bb#ffffff\u00a0\u00bb font_weight=\u00a0\u00bbbold\u00a0\u00bb font_family=\u00a0\u00bbnone\u00a0\u00bb]\n<h3 style=\"text-align: center;\"><span style=\"color: #ffffff;\">\u00c9VENNEMENTS SPORTIFS<\/span><\/h3>\n[\/mk_title_box][vc_column_text css=\u00a0\u00bb.vc_custom_1539096594809{margin-bottom: 0px !important;}\u00a0\u00bb]\n<p style=\"padding-left: 30px;\"><span style=\"color: #ffffff;\">L\u2019agenda sportive \u00e0 Barcelone est tr\u00e8s vari\u00e9e. La championat espagnol, la Champions League, mais aussi les mondials de motos et Formule 1, qui ont lieu au Circuit de Catalogne, \u00e0 seul 40 kms de Barcelone. Ainsi comme prestigieuses r\u00e9gates et championats de golf, entre autres.<\/span><\/p>\n<p style=\"padding-left: 30px;\"><span style=\"color: #ffffff;\">\u00a0Osez sentir l\u2019\u00e9motion du moment, et laissez-nous y contribuer. Diagonal Mar Limousines se pr\u00e9ocupera de comment y arriver et o\u00f9 garer, nos chauffeurs s\u2019occuperont de tout. Venez, profitez, et c\u00e9l\u00e9brez votre victoire!<\/span><\/p>\n[\/vc_column_text][mk_padding_divider size=\u00a0\u00bb45&Prime;][mk_button dimension=\u00a0\u00bboutline\u00a0\u00bb corner_style=\u00a0\u00bbfull_rounded\u00a0\u00bb size=\u00a0\u00bblarge\u00a0\u00bb url=\u00a0\u00bb\/fr\/services\/eventos-deportivos\/\u00a0\u00bb align=\u00a0\u00bbcenter\u00a0\u00bb outline_skin=\u00a0\u00bbcustom\u00a0\u00bb outline_active_color=\u00a0\u00bb#80ccff\u00a0\u00bb outline_active_text_color=\u00a0\u00bb#80ccff\u00a0\u00bb outline_hover_bg_color=\u00a0\u00bb#ffffff\u00a0\u00bb outline_hover_color=\u00a0\u00bb#80ccff\u00a0\u00bb]Plus d&rsquo;info[\/mk_button][\/mk_custom_box][\/vc_column][vc_column width=\u00a0\u00bb1\/3&Prime;][mk_custom_box corner_radius=\u00a0\u00bb26&Prime; padding_vertical=\u00a0\u00bb25&Prime; padding_horizental=\u00a0\u00bb0&Prime; min_height=\u00a0\u00bb400&Prime; background_style=\u00a0\u00bbgradient_color\u00a0\u00bb bg_grandient_color_from=\u00a0\u00bbrgba(128,204,255,0.4)\u00a0\u00bb bg_grandient_color_to=\u00a0\u00bbrgba(80,108,109,0.4)\u00a0\u00bb background_hov_color_style=\u00a0\u00bbgradient_color\u00a0\u00bb][vc_single_image image=\u00a0\u00bb1798&Prime; img_size=\u00a0\u00bb400&#215;250&Prime;][mk_title_box color=\u00a0\u00bb#ffffff\u00a0\u00bb font_weight=\u00a0\u00bbbold\u00a0\u00bb font_family=\u00a0\u00bbnone\u00a0\u00bb]\n<h3 style=\"text-align: center;\"><span style=\"color: #ffffff;\">MARRIAGE\u00a0<\/span><\/h3>\n[\/mk_title_box][vc_column_text css=\u00a0\u00bb.vc_custom_1539095248576{margin-bottom: 0px !important;}\u00a0\u00bb]\n<p style=\"padding-left: 30px;\"><span style=\"color: #ffffff;\">Diagonal Mar Limousines vous offre la solution de transport pour votre grand jour. Nous avons \u00e0 votre disposition des v\u00e9hicules de haute gamme totalement \u00e9quip\u00e9s pour le couple. De la main de nos chauffeurs, nous vous ferons profiter de votre jour avec la garantie d\u2019un service professionnel et de qualit\u00e9.<\/span><\/p>\n[\/vc_column_text][mk_padding_divider size=\u00a0\u00bb218&Prime;][mk_button dimension=\u00a0\u00bboutline\u00a0\u00bb corner_style=\u00a0\u00bbfull_rounded\u00a0\u00bb size=\u00a0\u00bblarge\u00a0\u00bb url=\u00a0\u00bb\/fr\/services\/marriages\/\u00a0\u00bb align=\u00a0\u00bbcenter\u00a0\u00bb outline_skin=\u00a0\u00bbcustom\u00a0\u00bb outline_active_color=\u00a0\u00bb#80ccff\u00a0\u00bb outline_active_text_color=\u00a0\u00bb#80ccff\u00a0\u00bb outline_hover_bg_color=\u00a0\u00bb#ffffff\u00a0\u00bb outline_hover_color=\u00a0\u00bb#80ccff\u00a0\u00bb]Plus d&rsquo;info[\/mk_button][\/mk_custom_box][\/vc_column][vc_column width=\u00a0\u00bb1\/3&Prime;][mk_custom_box corner_radius=\u00a0\u00bb26&Prime; padding_vertical=\u00a0\u00bb25&Prime; padding_horizental=\u00a0\u00bb0&Prime; min_height=\u00a0\u00bb400&Prime; background_style=\u00a0\u00bbgradient_color\u00a0\u00bb bg_grandient_color_from=\u00a0\u00bbrgba(128,204,255,0.4)\u00a0\u00bb bg_grandient_color_to=\u00a0\u00bbrgba(80,108,109,0.4)\u00a0\u00bb background_hov_color_style=\u00a0\u00bbgradient_color\u00a0\u00bb][vc_single_image image=\u00a0\u00bb2004&Prime; img_size=\u00a0\u00bb400&#215;250&Prime;][mk_title_box color=\u00a0\u00bb#ffffff\u00a0\u00bb font_weight=\u00a0\u00bbbold\u00a0\u00bb font_family=\u00a0\u00bbnone\u00a0\u00bb]\n<h3 style=\"text-align: center;\"><span style=\"color: #ffffff;\"><strong>Services sour mesure\u00a0<\/strong><\/span><\/h3>\n[\/mk_title_box][vc_column_text css=\u00a0\u00bb.vc_custom_1539095622701{margin-bottom: 0px !important;}\u00a0\u00bb]\n<p style=\"padding-left: 30px;\"><span style=\"color: #ffffff;\">Dans Diagonal Mar Limousines nous savons que chaque client est different. C\u2019est pour \u00e7a qu\u2019on vous offre la possibilit\u00e9 d\u2019avoir un service d\u2019accord \u00e0 vos besoins. Nous savons que dans la vie il y a des moments qu\u2019on veut partager avec les n\u00f4tres, se soit un anniversaire, reunion familial ou simplement une surprise pour quelqu\u2019un de special. C\u2019est pour \u00e7a que nous sommes flexibles avec nos services. Contactez avec nous et expliquez-nous votre id\u00e9e. Nous ferons tout notre possible pour la mener \u00e0 bien. Nous voulons faire partie de votre voyage!<\/span><\/p>\n[\/vc_column_text][mk_padding_divider size=\u00a0\u00bb20&Prime;][mk_button dimension=\u00a0\u00bboutline\u00a0\u00bb corner_style=\u00a0\u00bbfull_rounded\u00a0\u00bb size=\u00a0\u00bblarge\u00a0\u00bb url=\u00a0\u00bb\/fr\/services\/service-personnalise\/\u00a0\u00bb align=\u00a0\u00bbcenter\u00a0\u00bb outline_skin=\u00a0\u00bbcustom\u00a0\u00bb outline_active_color=\u00a0\u00bb#80ccff\u00a0\u00bb outline_active_text_color=\u00a0\u00bb#80ccff\u00a0\u00bb outline_hover_bg_color=\u00a0\u00bb#ffffff\u00a0\u00bb outline_hover_color=\u00a0\u00bb#80ccff\u00a0\u00bb]Leer M\u00e1s[\/mk_button][\/mk_custom_box][\/vc_column][\/mk_page_section]\n","protected":false},"excerpt":{"rendered":"<p>[mk_page_section bg_position=\u00a0\u00bbcenter center\u00a0\u00bb bg_repeat=\u00a0\u00bbno-repeat\u00a0\u00bb bg_stretch=\u00a0\u00bbtrue\u00a0\u00bb video_opacity=\u00a0\u00bb0&Prime; full_width=\u00a0\u00bbtrue\u00a0\u00bb full_height=\u00a0\u00bbtrue\u00a0\u00bb intro_effect=\u00a0\u00bbzoom_out\u00a0\u00bb top_shape_color=\u00a0\u00bb#ffffff\u00a0\u00bb bottom_shape_color=\u00a0\u00bb#ffffff\u00a0\u00bb sidebar=\u00a0\u00bbsidebar-1&Prime;][vc_column][mk_edge_slider first_el=\u00a0\u00bbtrue\u00a0\u00bb swiper_bg=\u00a0\u00bb\u00a0\u00bb order=\u00a0\u00bbASC\u00a0\u00bb height=\u00a0\u00bb800&Prime; direction_nav=\u00a0\u00bbround\u00a0\u00bb skip_arrow=\u00a0\u00bbfalse\u00a0\u00bb][\/vc_column][\/mk_page_section][mk_page_section bg_image=\u00a0\u00bbhttp:\/\/diagonalmarlimousines.com\/wp-content\/uploads\/2018\/02\/diagonal-mar-alquiler-coches-conductor-barcelona-31.jpg\u00a0\u00bb attachment=\u00a0\u00bbfixed\u00a0\u00bb bg_position=\u00a0\u00bbcenter center\u00a0\u00bb bg_repeat=\u00a0\u00bbno-repeat\u00a0\u00bb bg_stretch=\u00a0\u00bbtrue\u00a0\u00bb video_mask=\u00a0\u00bbtrue\u00a0\u00bb video_color_mask=\u00a0\u00bbrgba(0,33,94,0.75)\u00a0\u00bb min_height=\u00a0\u00bb500&Prime; full_height=\u00a0\u00bbtrue\u00a0\u00bb has_top_shape_divider=\u00a0\u00bbtrue\u00a0\u00bb top_shape_size=\u00a0\u00bbsmall\u00a0\u00bb top_shape_color=\u00a0\u00bb#ffffff\u00a0\u00bb bottom_shape_size=\u00a0\u00bbsmall\u00a0\u00bb bottom_shape_color=\u00a0\u00bb#ffffff\u00a0\u00bb sidebar=\u00a0\u00bbsidebar-1&Prime;][vc_column][mk_fancy_title color=\u00a0\u00bb#ffffff\u00a0\u00bb size=\u00a0\u00bb35&Prime; font_weight=\u00a0\u00bbbold\u00a0\u00bb font_style=\u00a0\u00bbnormal\u00a0\u00bb font_family=\u00a0\u00bbnone\u00a0\u00bb align=\u00a0\u00bbcenter\u00a0\u00bb]Services[\/mk_fancy_title][\/vc_column][vc_column width=\u00a0\u00bb1\/3&Prime;][mk_custom_box corner_radius=\u00a0\u00bb26&Prime; padding_vertical=\u00a0\u00bb25&Prime; padding_horizental=\u00a0\u00bb0&Prime; min_height=\u00a0\u00bb400&Prime; background_style=\u00a0\u00bbgradient_color\u00a0\u00bb bg_grandient_color_from=\u00a0\u00bbrgba(128,204,255,0.4)\u00a0\u00bb bg_grandient_color_to=\u00a0\u00bbrgba(80,108,109,0.4)\u00a0\u00bb background_hov_color_style=\u00a0\u00bbgradient_color\u00a0\u00bb][vc_single_image image=\u00a0\u00bb1790&Prime; img_size=\u00a0\u00bb400&#215;250&Prime;][mk_title_box color=\u00a0\u00bb#ffffff\u00a0\u00bb font_weight=\u00a0\u00bbbold\u00a0\u00bb font_family=\u00a0\u00bbnone\u00a0\u00bb] TRANSFERS [&hellip;]<\/p>\n","protected":false},"author":1,"featured_media":0,"parent":0,"menu_order":0,"comment_status":"closed","ping_status":"closed","template":"","meta":{"footnotes":""},"class_list":["post-2318","page","type-page","status-publish","hentry"],"_links":{"self":[{"href":"https:\/\/www.diagonalmarlimousines.com\/fr\/wp-json\/wp\/v2\/pages\/2318","targetHints":{"allow":["GET"]}}],"collection":[{"href":"https:\/\/www.diagonalmarlimousines.com\/fr\/wp-json\/wp\/v2\/pages"}],"about":[{"href":"https:\/\/www.diagonalmarlimousines.com\/fr\/wp-json\/wp\/v2\/types\/page"}],"author":[{"embeddable":true,"href":"https:\/\/www.diagonalmarlimousines.com\/fr\/wp-json\/wp\/v2\/users\/1"}],"replies":[{"embeddable":true,"href":"https:\/\/www.diagonalmarlimousines.com\/fr\/wp-json\/wp\/v2\/comments?post=2318"}],"version-history":[{"count":10,"href":"https:\/\/www.diagonalmarlimousines.com\/fr\/wp-json\/wp\/v2\/pages\/2318\/revisions"}],"predecessor-version":[{"id":2569,"href":"https:\/\/www.diagonalmarlimousines.com\/fr\/wp-json\/wp\/v2\/pages\/2318\/revisions\/2569"}],"wp:attachment":[{"href":"https:\/\/www.diagonalmarlimousines.com\/fr\/wp-json\/wp\/v2\/media?parent=2318"}],"curies":[{"name":"wp","href":"https:\/\/api.w.org\/{rel}","templated":true}]}}