{"id":2414,"date":"2018-03-19T14:12:41","date_gmt":"2018-03-19T14:12:41","guid":{"rendered":"http:\/\/diagonalmarlimousines.com\/?page_id=2414\/"},"modified":"2018-10-17T18:36:21","modified_gmt":"2018-10-17T18:36:21","slug":"mariages","status":"publish","type":"page","link":"https:\/\/www.diagonalmarlimousines.com\/fr\/services\/mariages\/","title":{"rendered":"Mariages"},"content":{"rendered":"[mk_page_section bg_position=\u00a0\u00bbcenter center\u00a0\u00bb bg_repeat=\u00a0\u00bbno-repeat\u00a0\u00bb bg_stretch=\u00a0\u00bbtrue\u00a0\u00bb video_opacity=\u00a0\u00bb0&Prime; full_width=\u00a0\u00bbtrue\u00a0\u00bb top_shape_color=\u00a0\u00bb#ffffff\u00a0\u00bb bottom_shape_size=\u00a0\u00bbsmall\u00a0\u00bb bottom_shape_color=\u00a0\u00bb#ffffff\u00a0\u00bb sidebar=\u00a0\u00bbsidebar-1&Prime;][vc_column][mk_edge_slider first_el=\u00a0\u00bbtrue\u00a0\u00bb swiper_bg=\u00a0\u00bb\u00a0\u00bb order=\u00a0\u00bbASC\u00a0\u00bb height=\u00a0\u00bb1000&Prime; direction_nav=\u00a0\u00bbround\u00a0\u00bb skip_arrow=\u00a0\u00bbfalse\u00a0\u00bb][\/vc_column][\/mk_page_section][mk_page_section bg_image=\u00a0\u00bbhttp:\/\/diagonalmarlimousines.com\/wp-content\/uploads\/2018\/04\/transporte-bodas-diagonal-mar-limousines.jpg\u00a0\u00bb bg_position=\u00a0\u00bbcenter center\u00a0\u00bb bg_repeat=\u00a0\u00bbno-repeat\u00a0\u00bb bg_stretch=\u00a0\u00bbtrue\u00a0\u00bb min_height=\u00a0\u00bb600&Prime; full_width=\u00a0\u00bbtrue\u00a0\u00bb has_top_shape_divider=\u00a0\u00bbtrue\u00a0\u00bb top_shape_size=\u00a0\u00bbsmall\u00a0\u00bb top_shape_color=\u00a0\u00bb#ffffff\u00a0\u00bb has_bottom_shape_divider=\u00a0\u00bbtrue\u00a0\u00bb bottom_shape_size=\u00a0\u00bbsmall\u00a0\u00bb bottom_shape_color=\u00a0\u00bb#ffffff\u00a0\u00bb section_id=\u00a0\u00bbBarcelona\u00a0\u00bb sidebar=\u00a0\u00bbsidebar-1&Prime;][vc_column width=\u00a0\u00bb1\/2&Prime;][mk_padding_divider][mk_custom_box corner_radius=\u00a0\u00bb15&Prime; padding_vertical=\u00a0\u00bb50&Prime; background_style=\u00a0\u00bbgradient_color\u00a0\u00bb bg_grandient_color_from=\u00a0\u00bb#00215e\u00a0\u00bb bg_grandient_color_to=\u00a0\u00bb#48ccfd\u00a0\u00bb bg_gradient_color_angle=\u00a0\u00bbdiagonal_left_bottom\u00a0\u00bb background_hov_color_style=\u00a0\u00bbgradient_color\u00a0\u00bb][mk_fancy_title color=\u00a0\u00bb#ffffff\u00a0\u00bb size=\u00a0\u00bb40&Prime; force_font_size=\u00a0\u00bbtrue\u00a0\u00bb size_smallscreen=\u00a0\u00bb30&Prime; size_tablet=\u00a0\u00bb25&Prime; size_phone=\u00a0\u00bb20&Prime; font_family=\u00a0\u00bbnone\u00a0\u00bb]Mariages[\/mk_fancy_title][vc_column_text css=\u00a0\u00bb.vc_custom_1539107174986{margin-bottom: 0px !important;}\u00a0\u00bb]<span style=\"color: #ffffff;\">Diagonal Mar Limousines vous offre la solution de transport pour votre grand jour. Nous avons \u00e0 votre disposition des v\u00e9hicules de haute gamme totalement \u00e9quip\u00e9s pour le couple, et d\u2019autres v\u00e9hicules de plus haute capacit\u00e9 pour les invit\u00e9s. De la main de nos chauffeurs, nous vous ferons profiter de votre jour avec la garantie d\u2019un service professionnel et de qualit\u00e9.<\/span><\/p>\n<p><span style=\"color: #ffffff;\">En plus, nous vous offrons de d\u00e9corer le v\u00e9hicule nuptial \u00e0 votre go\u00fbt avec des fleurs dans le bac arri\u00e8re, ou bouquets sur les portes.<\/span><\/p>\n<p><span style=\"color: #ffffff;\">Faites-nous arriver votre requ\u00eate et nous r\u00e9pondrons avec notre meilleure offre. Nous nous sentons privil\u00e9gi\u00e9s d\u2019avoir la chance de faire partie d\u2019un mariage. Nous esp\u00e9rons faire partie aussi de la votre!<\/span><\/p>\n<p><span style=\"color: #ffffff;\">Adem\u00e1s, ofrecemos la posibilidad de decorar el veh\u00edculo nupcial a su gusto con flores en la bandeja trasera o ramilletes en las puertas.<\/span><\/p>\n<p><span style=\"color: #ffffff;\">H\u00e1ganos llegar su solicitud y le enviaremos nuestra mejor oferta. Nos sentimos privilegiadas cuando tenemos la oportunidad de formar parte de una boda. \u00a1Esperamos poder formar parte de la vuestra tambi\u00e9n!<\/span>[\/vc_column_text][vc_column_text][\/vc_column_text][mk_button corner_style=\u00a0\u00bbfull_rounded\u00a0\u00bb size=\u00a0\u00bbmedium\u00a0\u00bb]Reservar[\/mk_button][\/mk_custom_box][\/vc_column][vc_column width=\u00a0\u00bb1\/2&Prime;][\/vc_column][\/mk_page_section]\n","protected":false},"excerpt":{"rendered":"<p>[mk_page_section bg_position=\u00a0\u00bbcenter center\u00a0\u00bb bg_repeat=\u00a0\u00bbno-repeat\u00a0\u00bb bg_stretch=\u00a0\u00bbtrue\u00a0\u00bb video_opacity=\u00a0\u00bb0&Prime; full_width=\u00a0\u00bbtrue\u00a0\u00bb top_shape_color=\u00a0\u00bb#ffffff\u00a0\u00bb bottom_shape_size=\u00a0\u00bbsmall\u00a0\u00bb bottom_shape_color=\u00a0\u00bb#ffffff\u00a0\u00bb sidebar=\u00a0\u00bbsidebar-1&Prime;][vc_column][mk_edge_slider first_el=\u00a0\u00bbtrue\u00a0\u00bb swiper_bg=\u00a0\u00bb\u00a0\u00bb order=\u00a0\u00bbASC\u00a0\u00bb height=\u00a0\u00bb1000&Prime; direction_nav=\u00a0\u00bbround\u00a0\u00bb skip_arrow=\u00a0\u00bbfalse\u00a0\u00bb][\/vc_column][\/mk_page_section][mk_page_section bg_image=\u00a0\u00bbhttp:\/\/diagonalmarlimousines.com\/wp-content\/uploads\/2018\/04\/transporte-bodas-diagonal-mar-limousines.jpg\u00a0\u00bb bg_position=\u00a0\u00bbcenter center\u00a0\u00bb bg_repeat=\u00a0\u00bbno-repeat\u00a0\u00bb bg_stretch=\u00a0\u00bbtrue\u00a0\u00bb min_height=\u00a0\u00bb600&Prime; full_width=\u00a0\u00bbtrue\u00a0\u00bb has_top_shape_divider=\u00a0\u00bbtrue\u00a0\u00bb top_shape_size=\u00a0\u00bbsmall\u00a0\u00bb top_shape_color=\u00a0\u00bb#ffffff\u00a0\u00bb has_bottom_shape_divider=\u00a0\u00bbtrue\u00a0\u00bb bottom_shape_size=\u00a0\u00bbsmall\u00a0\u00bb bottom_shape_color=\u00a0\u00bb#ffffff\u00a0\u00bb section_id=\u00a0\u00bbBarcelona\u00a0\u00bb sidebar=\u00a0\u00bbsidebar-1&Prime;][vc_column width=\u00a0\u00bb1\/2&Prime;][mk_padding_divider][mk_custom_box corner_radius=\u00a0\u00bb15&Prime; padding_vertical=\u00a0\u00bb50&Prime; background_style=\u00a0\u00bbgradient_color\u00a0\u00bb bg_grandient_color_from=\u00a0\u00bb#00215e\u00a0\u00bb bg_grandient_color_to=\u00a0\u00bb#48ccfd\u00a0\u00bb bg_gradient_color_angle=\u00a0\u00bbdiagonal_left_bottom\u00a0\u00bb background_hov_color_style=\u00a0\u00bbgradient_color\u00a0\u00bb][mk_fancy_title color=\u00a0\u00bb#ffffff\u00a0\u00bb size=\u00a0\u00bb40&Prime; force_font_size=\u00a0\u00bbtrue\u00a0\u00bb size_smallscreen=\u00a0\u00bb30&Prime; size_tablet=\u00a0\u00bb25&Prime; size_phone=\u00a0\u00bb20&Prime; font_family=\u00a0\u00bbnone\u00a0\u00bb]Mariages[\/mk_fancy_title][vc_column_text css=\u00a0\u00bb.vc_custom_1539107174986{margin-bottom: 0px !important;}\u00a0\u00bb]Diagonal Mar Limousines vous offre la [&hellip;]<\/p>\n","protected":false},"author":1,"featured_media":0,"parent":2318,"menu_order":0,"comment_status":"closed","ping_status":"closed","template":"","meta":{"footnotes":""},"class_list":["post-2414","page","type-page","status-publish","hentry"],"_links":{"self":[{"href":"https:\/\/www.diagonalmarlimousines.com\/fr\/wp-json\/wp\/v2\/pages\/2414","targetHints":{"allow":["GET"]}}],"collection":[{"href":"https:\/\/www.diagonalmarlimousines.com\/fr\/wp-json\/wp\/v2\/pages"}],"about":[{"href":"https:\/\/www.diagonalmarlimousines.com\/fr\/wp-json\/wp\/v2\/types\/page"}],"author":[{"embeddable":true,"href":"https:\/\/www.diagonalmarlimousines.com\/fr\/wp-json\/wp\/v2\/users\/1"}],"replies":[{"embeddable":true,"href":"https:\/\/www.diagonalmarlimousines.com\/fr\/wp-json\/wp\/v2\/comments?post=2414"}],"version-history":[{"count":5,"href":"https:\/\/www.diagonalmarlimousines.com\/fr\/wp-json\/wp\/v2\/pages\/2414\/revisions"}],"predecessor-version":[{"id":2472,"href":"https:\/\/www.diagonalmarlimousines.com\/fr\/wp-json\/wp\/v2\/pages\/2414\/revisions\/2472"}],"up":[{"embeddable":true,"href":"https:\/\/www.diagonalmarlimousines.com\/fr\/wp-json\/wp\/v2\/pages\/2318"}],"wp:attachment":[{"href":"https:\/\/www.diagonalmarlimousines.com\/fr\/wp-json\/wp\/v2\/media?parent=2414"}],"curies":[{"name":"wp","href":"https:\/\/api.w.org\/{rel}","templated":true}]}}