{"id":3244,"date":"2020-01-16T13:11:21","date_gmt":"2020-01-16T11:11:21","guid":{"rendered":"https:\/\/www.diagonalmarlimousines.com\/?page_id=3244"},"modified":"2020-01-19T19:03:08","modified_gmt":"2020-01-19T17:03:08","slug":"biosphere","status":"publish","type":"page","link":"https:\/\/www.diagonalmarlimousines.com\/fr\/biosphere\/","title":{"rendered":"Biosphere"},"content":{"rendered":"<div class=\"wpb-content-wrapper\">[vc_row][vc_column css=\u00a0\u00bb.vc_custom_1579173779522{background-color: #1daaba !important;}\u00a0\u00bb][vc_column_text css=\u00a0\u00bb.vc_custom_1579173809965{margin-bottom: 0px !important;}\u00a0\u00bb]\n<h2><span style=\"color: #ffffff;\">BIOSPHERE<\/span><\/h2>\n[\/vc_column_text][\/vc_column][\/vc_row][vc_row][vc_column][vc_empty_space css=\u00a0\u00bb.vc_custom_1579174004152{background-color: #ffffff !important;}\u00a0\u00bb][\/vc_column][\/vc_row][vc_row][vc_column width=\u00a0\u00bb1\/2&Prime; css=\u00a0\u00bb.vc_custom_1579163827052{padding-top: 15px !important;padding-right: 15px !important;padding-bottom: 15px !important;padding-left: 15px !important;background-color: #1daaba !important;}\u00a0\u00bb][vc_column_text css=\u00a0\u00bb.vc_custom_1579173076009{margin-bottom: 0px !important;}\u00a0\u00bb]\n<h3><span style=\"color: #ffffff;\">Diagonal Mar Limousines &amp; Biosphere<\/span><\/h3>\n<p><span style=\"color: #ffffff;\">Gr\u00e2ce au syst\u00e8me de tourisme responsable (STR), RTI promeut la durabilit\u00e9 dans une perspective globale et inclusive, en se concentrant sur la mesure que le secteur du tourisme devrait et peut faire pour r\u00e9aliser un tourisme durable et inclusif qui lutte contre le changement climatique.<\/span><\/p>\n<h3 style=\"text-align: left;\"><span style=\"color: #ffffff;\">Syst\u00e8me de Tourisme Responsable.<\/span><\/h3>\n<p style=\"text-align: justify;\"><span style=\"color: #ffffff;\">Le logo et les tampons Biosphere \u00a9 constituent une marque de confiance mondiale qui aide les entreprises, les consommateurs, les propri\u00e9taires et les gestionnaires du tourisme et les autres parties int\u00e9ress\u00e9es \u00e0 identifier et \u00e0 promouvoir les biens et les produits de prestataires de tourisme g\u00e9r\u00e9s de mani\u00e8re durable.<\/span><\/p>\n<p style=\"text-align: justify;\"><span style=\"color: #ffffff;\">La demande de certification Biosph\u00e8re \u00a9 n&rsquo;a cess\u00e9 de cro\u00eetre ces derni\u00e8res ann\u00e9es, le grand public reconnaissant le potentiel de la responsabilit\u00e9 touristique \u00e0 vivre des exp\u00e9riences uniques et durables, favorisant la r\u00e9alisation des objectifs des 17 nations. D\u00e9veloppement uni.<\/span><\/p>\n<p style=\"text-align: justify;\"><span style=\"color: #ffffff;\">Aujourd&rsquo;hui, le Responsible Tourism Institute est le plus grand organisme de certification au monde en mati\u00e8re de tourisme durable, avec une repr\u00e9sentation internationale et une garantie maximale.<\/span><\/p>\n[\/vc_column_text][\/vc_column][vc_column width=\u00a0\u00bb1\/2&Prime;][vc_single_image image=\u00a0\u00bb3241&Prime; img_size=\u00a0\u00bbfull\u00a0\u00bb alignment=\u00a0\u00bbcenter\u00a0\u00bb][\/vc_column][\/vc_row]\n<\/div>","protected":false},"excerpt":{"rendered":"<p>[vc_row][vc_column css=\u00a0\u00bb.vc_custom_1579173779522{background-color: #1daaba !important;}\u00a0\u00bb][vc_column_text css=\u00a0\u00bb.vc_custom_1579173809965{margin-bottom: 0px !important;}\u00a0\u00bb] BIOSPHERE [\/vc_column_text][\/vc_column][\/vc_row][vc_row][vc_column][vc_empty_space css=\u00a0\u00bb.vc_custom_1579174004152{background-color: #ffffff !important;}\u00a0\u00bb][\/vc_column][\/vc_row][vc_row][vc_column width=\u00a0\u00bb1\/2&Prime; css=\u00a0\u00bb.vc_custom_1579163827052{padding-top: 15px !important;padding-right: 15px !important;padding-bottom: 15px !important;padding-left: 15px !important;background-color: #1daaba !important;}\u00a0\u00bb][vc_column_text css=\u00a0\u00bb.vc_custom_1579173076009{margin-bottom: 0px !important;}\u00a0\u00bb] Diagonal Mar Limousines &amp; Biosphere Gr\u00e2ce au syst\u00e8me de tourisme responsable (STR), RTI promeut la durabilit\u00e9 dans une perspective globale et inclusive, en se concentrant sur la mesure [&hellip;]<\/p>\n","protected":false},"author":1,"featured_media":0,"parent":0,"menu_order":0,"comment_status":"closed","ping_status":"closed","template":"","meta":{"footnotes":""},"class_list":["post-3244","page","type-page","status-publish","hentry"],"_links":{"self":[{"href":"https:\/\/www.diagonalmarlimousines.com\/fr\/wp-json\/wp\/v2\/pages\/3244","targetHints":{"allow":["GET"]}}],"collection":[{"href":"https:\/\/www.diagonalmarlimousines.com\/fr\/wp-json\/wp\/v2\/pages"}],"about":[{"href":"https:\/\/www.diagonalmarlimousines.com\/fr\/wp-json\/wp\/v2\/types\/page"}],"author":[{"embeddable":true,"href":"https:\/\/www.diagonalmarlimousines.com\/fr\/wp-json\/wp\/v2\/users\/1"}],"replies":[{"embeddable":true,"href":"https:\/\/www.diagonalmarlimousines.com\/fr\/wp-json\/wp\/v2\/comments?post=3244"}],"version-history":[{"count":5,"href":"https:\/\/www.diagonalmarlimousines.com\/fr\/wp-json\/wp\/v2\/pages\/3244\/revisions"}],"predecessor-version":[{"id":3347,"href":"https:\/\/www.diagonalmarlimousines.com\/fr\/wp-json\/wp\/v2\/pages\/3244\/revisions\/3347"}],"wp:attachment":[{"href":"https:\/\/www.diagonalmarlimousines.com\/fr\/wp-json\/wp\/v2\/media?parent=3244"}],"curies":[{"name":"wp","href":"https:\/\/api.w.org\/{rel}","templated":true}]}}